{"id":16,"date":"2012-03-09T21:05:06","date_gmt":"2012-03-09T21:05:06","guid":{"rendered":"http:\/\/public-health-kompakt.frappant.ch\/?page_id=16"},"modified":"2026-03-31T07:01:47","modified_gmt":"2026-03-31T07:01:47","slug":"kapitel-2","status":"publish","type":"page","link":"https:\/\/www.public-health-kompakt.ch\/index.php\/kapitel-2\/","title":{"rendered":"Kapitel 2 Public-Health-Methoden"},"content":{"rendered":"\n<p><em>Oliver Razum, Patrick Brzoska, Matthias Egger, Marcel Zwahlen, Veronika Skrivankova, Sofia Zambrano, Annika Frahsa, <br>David Schwappach<\/em><\/p>\n\n\n\n<p>Als Forschungsmethoden bezeichnet man Verfahren und Techniken, die zur Kl\u00e4rung von wissenschaftlichen Fragestellungen dienen. Da es sich bei Public Health um ein interdisziplin\u00e4res Fach handelt, kann die Herangehensweise an bestimmte Fragestellungen sehr unterschiedlich sein. Die einzelnen Disziplinen, die sich in Public Health zusammenfinden, bringen jeweils ihre eigenen Methoden mit. Diese k\u00f6nnen daher sowohl aus dem Bereich der Naturwissenschaften als auch aus dem Bereich der Sozial- und Geisteswissenschaften stammen.<br><br>In diesem Kapitel gehen wir zuerst auf eine der Kernwissenschaften von Public Health ein, die Epidemiologie. Wir betrachten ihre Rolle in Public Health, schauen uns verschiedene epidemiologische Verfahren zum Messen und Vergleichen an und erl\u00e4utern spezifische epidemiologische Grundbegriffe wie Expositionen, Outcomes, Validit\u00e4t und Reliabilit\u00e4t. Anschlie\u00dfend werden epidemiologische und klinische Studientypen sowie systematische \u00dcbersichtsarbeiten und Metaanalysen vorgestellt. Um die Qualit\u00e4t epidemiologischer Studien beurteilen zu k\u00f6nnen, ist es von gro\u00dfer Bedeutung, die wichtigsten<br>Fehlerquellen zu kennen.<br><br>Der Abschnitt Demografie besch\u00e4ftigt sich mit den Kennziffern zur Beschreibung einer Bev\u00f6lkerung, z. B. dem Geburten\u00fcberschuss, dem Wanderungssaldo, verschiedenen Sterberaten, der Lebenserwartung und potenziell verlorenen Lebensjahren. Au\u00dferdem zeigt er h\u00e4ufig verwendete grafische Darstellungen, z. B. zur Altersstruktur einer Bev\u00f6lkerung.<br>Die Biostatistik erl\u00e4utert, wie man trotz vorhandener statistischer Unsicherheit m\u00f6glichst wahrheitsgem\u00e4\u00dfe Schlussfolgerungen \u00fcber Populationen und Patientengruppen ziehen kann. Hierzu werden Daten zuerst klassifiziert und transparent zusammengefasst. Begriffe wie Stichprobenvariabilit\u00e4t, Normalverteilung und 95 %-Vertrauensintervall, p-Wert und statistische Signifikanz werden erkl\u00e4rt.<br><br>Der Abschnitt Sozialwissenschaftliche Methoden der Datenerhebung besch\u00e4ftigt sich mit der Fragebogenerstellung, insbesondere mit der Formulierung von guten Fragen und m\u00f6glichen Antworten. Anschlie\u00dfend werden quantitative und qualitative Methoden der Datenerhebung betrachtet und ihre Vor- und Nachteile diskutiert. <br>Der Abschnitt Gesundheits\u00f6konomie stellt zuerst die zentralen gesundheits\u00f6konomischen Studientypen vor. Dabei wird auch die Frage diskutiert, wie man den Nutzen medizinischer Ma\u00dfnahmen quantifizieren kann. Anschlie\u00dfend wird erl\u00e4utert, wie man Ergebnisse gesundheits\u00f6konomischer Studien ausdr\u00fccken und interpretieren kann. Der Abschnitt schlie\u00dft mit der f\u00fcr die Gesundheits\u00f6konomie zentralen Frage: Wie viele Ressourcen wollen Gesellschaften f\u00fcr zus\u00e4tzliche Gesundheit aufwenden?<\/p>\n\n\n\n<p>Die \u00dcbersicht unten f\u00fchrt Sie durch Klicken auf die jeweiligen Abschnitten zu den <strong>zus\u00e4tzlichen Materialien<\/strong>.<\/p>\n\n\n\n<ul class=\"wp-block-list\">\n<li><a href=\"https:\/\/www.public-health-kompakt.ch\/index.php\/kapitel-5\/kap-2-1-epidemiologie\/\" target=\"_blank\" rel=\"noreferrer noopener\">2.1 Epidemiologie<\/a><\/li>\n\n\n\n<li><a href=\"https:\/\/www.public-health-kompakt.ch\/index.php\/kapitel-5\/kap-2-2-demografie\/\">2.2 Demographie<\/a><\/li>\n\n\n\n<li><a href=\"https:\/\/www.public-health-kompakt.ch\/index.php\/kapitel-5\/kap-2-3-biostatistik\/\">2.3 Biostatistik<\/a><\/li>\n\n\n\n<li><a href=\"https:\/\/www.public-health-kompakt.ch\/index.php\/kapitel-5\/kap-2-4\/\">2.4 Sozialwissenschaftliche Methoden<\/a><\/li>\n<\/ul>\n\n\n\n<p><\/p>\n","protected":false},"excerpt":{"rendered":"<p>Oliver Razum, Patrick Brzoska, Matthias Egger, Marcel Zwahlen, Veronika Skrivankova, Sofia Zambrano, Annika Frahsa, David Schwappach Als Forschungsmethoden bezeichnet man Verfahren und Techniken, die zur Kl\u00e4rung von wissenschaftlichen Fragestellungen dienen. Da es sich bei Public Health um ein interdisziplin\u00e4res Fach handelt, kann die Herangehensweise an bestimmte Fragestellungen sehr unterschiedlich sein. Die einzelnen Disziplinen, die sich [&hellip;]<\/p>\n","protected":false},"author":7,"featured_media":0,"parent":0,"menu_order":2,"comment_status":"closed","ping_status":"closed","template":"","meta":{"footnotes":""},"class_list":["post-16","page","type-page","status-publish","hentry"],"blocksy_meta":[],"_links":{"self":[{"href":"https:\/\/www.public-health-kompakt.ch\/index.php\/wp-json\/wp\/v2\/pages\/16","targetHints":{"allow":["GET"]}}],"collection":[{"href":"https:\/\/www.public-health-kompakt.ch\/index.php\/wp-json\/wp\/v2\/pages"}],"about":[{"href":"https:\/\/www.public-health-kompakt.ch\/index.php\/wp-json\/wp\/v2\/types\/page"}],"author":[{"embeddable":true,"href":"https:\/\/www.public-health-kompakt.ch\/index.php\/wp-json\/wp\/v2\/users\/7"}],"replies":[{"embeddable":true,"href":"https:\/\/www.public-health-kompakt.ch\/index.php\/wp-json\/wp\/v2\/comments?post=16"}],"version-history":[{"count":30,"href":"https:\/\/www.public-health-kompakt.ch\/index.php\/wp-json\/wp\/v2\/pages\/16\/revisions"}],"predecessor-version":[{"id":6912,"href":"https:\/\/www.public-health-kompakt.ch\/index.php\/wp-json\/wp\/v2\/pages\/16\/revisions\/6912"}],"wp:attachment":[{"href":"https:\/\/www.public-health-kompakt.ch\/index.php\/wp-json\/wp\/v2\/media?parent=16"}],"curies":[{"name":"wp","href":"https:\/\/api.w.org\/{rel}","templated":true}]}}