{"id":18,"date":"2012-03-09T21:05:14","date_gmt":"2012-03-09T21:05:14","guid":{"rendered":"http:\/\/public-health-kompakt.frappant.ch\/?page_id=18"},"modified":"2026-03-23T15:42:35","modified_gmt":"2026-03-23T15:42:35","slug":"kapitel-3","status":"publish","type":"page","link":"https:\/\/www.public-health-kompakt.ch\/index.php\/kapitel-3\/","title":{"rendered":"Kapitel 3 Gesundheitssysteme"},"content":{"rendered":"\n<p><em>Matthias Egger, Michael Gerfin, Fabienne L\u00f6tscher, Linn Hjalmarsson, Thomas E. Dorner, Beate Land, David Schwappach<\/em><\/p>\n\n\n\n<p>Als Gesundheitssystem oder Gesundheitswesen bezeichnet man die Gesamtheit der Einrichtungen, deren Aufgabe es ist, die Gesundheit einzelner Menschen und die der gesamten Bev\u00f6lkerung zu erhalten, zu f\u00f6rdern und wiederherzustellen sowie Krankheiten vorzubeugen. Gesundheitssysteme k\u00f6nnen sehr verschieden organisiert und finanziert werden. \u00dcblicherweise unterscheidet man Sozialversicherungsmodelle von nationalen Gesundheitsdiensten. Viele Gesundheitssysteme haben Elemente aus beiden Organisationsmodellen \u00fcbernommen.<br><br>In diesem Kapitel vergleichen wir zuerst die Organisation, die Kosten und die Qualit\u00e4t der Gesundheitssysteme verschiedener L\u00e4nder und diskutieren dann ausf\u00fchrlich die Situation in der Schweiz, in \u00d6sterreich und in Deutschland. Wir beleuchten die Rolle, die der Staat in den jeweiligen Gesundheitssystemen \u00fcbernimmt und betrachten die Organisation der medizinischen und pflegerischen Versorgung sowie Kosten, Verg\u00fctung und Finanzierung der Leistungen. Dabei gehen wir auch auf verschiedene<br>Aspekte des Versicherungswesens ein. Ein zentraler Bereich im Hinblick auf die Qualit\u00e4t der Gesundheitssysteme ist die Patient:innensicherheit, mit der wir uns abschlie\u00dfend besch\u00e4ftigen.<\/p>\n\n\n\n<p><strong>Die \u00dcbersicht unten f\u00fchrt Sie durch Klicken auf die jeweiligen Abschnitten zu den zus\u00e4tzlichen Materialien<\/strong>.<\/p>\n\n\n\n<ul class=\"wp-block-list\">\n<li><a href=\"https:\/\/www.public-health-kompakt.ch\/index.php\/kapitel-3\/kap-3-1\/\">3.1 Einf\u00fchrung in das Gesundheitswesen<\/a><\/li>\n\n\n\n<li><a href=\"https:\/\/www.public-health-kompakt.ch\/index.php\/kapitel-3\/kap-3-2\/\">3.2 Die Gesundheitssysteme im deutschsprachigen Raum<\/a><\/li>\n\n\n\n<li><a href=\"https:\/\/www.public-health-kompakt.ch\/index.php\/kapitel-3\/kap-3-3-patientensicherheit\/\">3.3 Patient:innensicherheit<\/a><\/li>\n<\/ul>\n\n\n\n\n\n\n\n<p><\/p>\n","protected":false},"excerpt":{"rendered":"<p>Matthias Egger, Michael Gerfin, Fabienne L\u00f6tscher, Linn Hjalmarsson, Thomas E. Dorner, Beate Land, David Schwappach Als Gesundheitssystem oder Gesundheitswesen bezeichnet man die Gesamtheit der Einrichtungen, deren Aufgabe es ist, die Gesundheit einzelner Menschen und die der gesamten Bev\u00f6lkerung zu erhalten, zu f\u00f6rdern und wiederherzustellen sowie Krankheiten vorzubeugen. Gesundheitssysteme k\u00f6nnen sehr verschieden organisiert und finanziert werden. [&hellip;]<\/p>\n","protected":false},"author":7,"featured_media":0,"parent":0,"menu_order":3,"comment_status":"closed","ping_status":"closed","template":"","meta":{"footnotes":""},"class_list":["post-18","page","type-page","status-publish","hentry"],"blocksy_meta":[],"_links":{"self":[{"href":"https:\/\/www.public-health-kompakt.ch\/index.php\/wp-json\/wp\/v2\/pages\/18","targetHints":{"allow":["GET"]}}],"collection":[{"href":"https:\/\/www.public-health-kompakt.ch\/index.php\/wp-json\/wp\/v2\/pages"}],"about":[{"href":"https:\/\/www.public-health-kompakt.ch\/index.php\/wp-json\/wp\/v2\/types\/page"}],"author":[{"embeddable":true,"href":"https:\/\/www.public-health-kompakt.ch\/index.php\/wp-json\/wp\/v2\/users\/7"}],"replies":[{"embeddable":true,"href":"https:\/\/www.public-health-kompakt.ch\/index.php\/wp-json\/wp\/v2\/comments?post=18"}],"version-history":[{"count":50,"href":"https:\/\/www.public-health-kompakt.ch\/index.php\/wp-json\/wp\/v2\/pages\/18\/revisions"}],"predecessor-version":[{"id":7006,"href":"https:\/\/www.public-health-kompakt.ch\/index.php\/wp-json\/wp\/v2\/pages\/18\/revisions\/7006"}],"wp:attachment":[{"href":"https:\/\/www.public-health-kompakt.ch\/index.php\/wp-json\/wp\/v2\/media?parent=18"}],"curies":[{"name":"wp","href":"https:\/\/api.w.org\/{rel}","templated":true}]}}