{"id":1858,"date":"2014-03-24T14:36:01","date_gmt":"2014-03-24T14:36:01","guid":{"rendered":"http:\/\/www.public-health-kompakt.ch\/?page_id=1858"},"modified":"2023-10-13T13:12:37","modified_gmt":"2023-10-13T13:12:37","slug":"errata-2-auflage","status":"publish","type":"page","link":"https:\/\/www.public-health-kompakt.ch\/index.php\/errata-2-auflage\/","title":{"rendered":"Errata, 2. Auflage"},"content":{"rendered":"\n<figure class=\"wp-block-table\"><table><tbody><tr><td>Seite <\/td><td>Fehler <\/td><td>Es muss korrekt hei\u00dfen<\/td><\/tr><tr><td>S. 31 (Zeile 8) <\/td><td>Im Nenner der Periodenpr\u00e4valenz befinden sich alle F\u00e4lle zu Beginn des betrachteten Zeitraums sowie alle in diesem Zeitraum neu aufgetretenen F\u00e4lle.<\/td><td>Im Z\u00e4hler der Periodenpr\u00e4valenz befinden sich alle F\u00e4lle zu Beginn des betrachteten Zeitraums sowie alle in diesem Zeitraum neu aufgetretenen F\u00e4lle.<\/td><\/tr><tr><td>S.\u00a036 (obere Formel zum Bev\u00f6lkerungsbezogenen attributablen Risiko) <\/td><td>[(Kum. Inzidenz in der Gesamtbev\u00f6lkerung) \u2013 (Kum. Inzidenz unter den Exponierten)] \/ Kum. Inzidenz in der Gesamtbev\u00f6lkerung (x 100)\u00a0<\/td><td>[(Kum. Inzidenz in der Gesamtbev\u00f6lkerung) \u2013 (Kum. Inzidenz unter den nicht Exponierten)] \/ Kum. Inzidenz in der Gesamtbev\u00f6lkerung (x 100)\u00a0<\/td><\/tr><tr><td>S. 116 (Tab. 3.4, 4. Zeile) <\/td><td>Kosten des Gesundheitswesens in Mrd. CHF<\/td><td>Kosten des Gesundheitswesens in Mio.<br>CHF<\/td><\/tr><tr><td>S.&nbsp;297 (Abb. 8.3, Erl\u00e4uterungen zu \u2018Propagierte Epidemie\u2019 und \u2018Common source-Epidemie mit verl\u00e4ngerter Exposition\u2019)<\/td><td>Die beiden Erl\u00e4uterungen wurden vertauscht. <\/td><td>Die richtige, zu den Abbildungen   passenden Erl\u00e4uterungen sind: oben: Common source-Epidemie mit Punktquelle; in der Mitte: Common source-Epidemie mit verl\u00e4ngerer Exposition; unten: Propagierte Epidemie<\/td><\/tr><\/tbody><\/table><\/figure>\n","protected":false},"excerpt":{"rendered":"<p>Seite Fehler Es muss korrekt hei\u00dfen S. 31 (Zeile 8) Im Nenner der Periodenpr\u00e4valenz befinden sich alle F\u00e4lle zu Beginn des betrachteten Zeitraums sowie alle in diesem Zeitraum neu aufgetretenen F\u00e4lle. Im Z\u00e4hler der Periodenpr\u00e4valenz befinden sich alle F\u00e4lle zu Beginn des betrachteten Zeitraums sowie alle in diesem Zeitraum neu aufgetretenen F\u00e4lle. S.\u00a036 (obere Formel [&hellip;]<\/p>\n","protected":false},"author":5,"featured_media":0,"parent":0,"menu_order":12,"comment_status":"closed","ping_status":"closed","template":"","meta":{"footnotes":""},"class_list":["post-1858","page","type-page","status-publish","hentry"],"blocksy_meta":[],"_links":{"self":[{"href":"https:\/\/www.public-health-kompakt.ch\/index.php\/wp-json\/wp\/v2\/pages\/1858","targetHints":{"allow":["GET"]}}],"collection":[{"href":"https:\/\/www.public-health-kompakt.ch\/index.php\/wp-json\/wp\/v2\/pages"}],"about":[{"href":"https:\/\/www.public-health-kompakt.ch\/index.php\/wp-json\/wp\/v2\/types\/page"}],"author":[{"embeddable":true,"href":"https:\/\/www.public-health-kompakt.ch\/index.php\/wp-json\/wp\/v2\/users\/5"}],"replies":[{"embeddable":true,"href":"https:\/\/www.public-health-kompakt.ch\/index.php\/wp-json\/wp\/v2\/comments?post=1858"}],"version-history":[{"count":28,"href":"https:\/\/www.public-health-kompakt.ch\/index.php\/wp-json\/wp\/v2\/pages\/1858\/revisions"}],"predecessor-version":[{"id":5157,"href":"https:\/\/www.public-health-kompakt.ch\/index.php\/wp-json\/wp\/v2\/pages\/1858\/revisions\/5157"}],"wp:attachment":[{"href":"https:\/\/www.public-health-kompakt.ch\/index.php\/wp-json\/wp\/v2\/media?parent=1858"}],"curies":[{"name":"wp","href":"https:\/\/api.w.org\/{rel}","templated":true}]}}