{"id":210,"date":"2012-04-16T16:08:34","date_gmt":"2012-04-16T16:08:34","guid":{"rendered":"http:\/\/public-health-kompakt.frappant.ch\/?page_id=210"},"modified":"2026-03-23T15:42:57","modified_gmt":"2026-03-23T15:42:57","slug":"kap-3-3-patientensicherheit","status":"publish","type":"page","link":"https:\/\/www.public-health-kompakt.ch\/index.php\/kapitel-3\/kap-3-3-patientensicherheit\/","title":{"rendered":"Kap. 3.3 Patient:innensicherheit"},"content":{"rendered":"\n<p><em>David Schwappach<\/em><\/p>\n\n\n\n<blockquote class=\"wp-block-quote is-style-plain is-layout-flow wp-block-quote-is-layout-flow\">\n<p>Ein zentraler Aspekt im Hinblick auf die Qualit\u00e4t der Gesundheitsleistungen ist die Patientensicherheit. Untersuchungen aus Europa und den USA zeigen, dass es bei ca. 5 \u2013 10% der Patienten im Krankenhaus zu einem unerw\u00fcnschten Ereignis kommt, das zu einem Schaden bei dem Patienten f\u00fchrt. Etwa die H\u00e4lfte dieser Ereignisse wird als vermeidbar angesehen. Besonders dramatisch ist, dass ca. 0,1% der in ein Krankenhaus aufgenommenen Patienten aufgrund vermeidbarer unerw\u00fcnschter Ereignisse versterben. In Deutschland sind dies j\u00e4hrlich etwa 17.000 und in der Schweiz ca. 1.200 Patienten, die auf diese Weise ihr Leben verlieren. Es handelt sich hierbei nicht um dramatische Einzelf\u00e4lle, sondern um ein Systemproblem.<\/p>\n\n\n\n<p>Dieser Abschnitt des Lehrbuchs erl\u00e4utert, welche Begriffe im Bereich der Patientensicherheit eine zentrale Rolle spielen und zeigt Ma\u00dfnahmen auf, mittels derer hier Fortschritte erzielt werden k\u00f6nnen.<\/p>\n\n\n\n<p><strong>Auf dieser Seite finden Sie relevante Literaturquellen, weiterf\u00fchrende Internetquellen und erg\u00e4nzende Abbildungen zum Thema.<\/strong><\/p>\n\n\n\n<h2 class=\"wp-block-heading\"><a name=\"LQ\"><\/a>Literaturquellen<\/h2>\n<\/blockquote>\n\n\n\n<figure class=\"wp-block-image size-full is-resized\"><img loading=\"lazy\" decoding=\"async\" width=\"128\" height=\"192\" src=\"https:\/\/www.public-health-kompakt.ch\/wp-content\/uploads\/2026\/02\/image-7.png\" alt=\"\" class=\"wp-image-6887\" style=\"width:245px;height:auto\"\/><\/figure>\n\n\n\n<ul class=\"wp-block-list\">\n<li>Vincent C. <a href=\"https:\/\/repository.urindo.ac.id\/files\/original\/2b0dd24cac3dca3e592b65a683f9c374e94d35aa.pdf\">Patient safety<\/a>. Chichester, West Sussex: Wiley-Blackwell; 2010. <\/li>\n\n\n\n<li>Gausmann P, Henninger M, Koppenberg J, editors. <a href=\"https:\/\/www.degruyterbrill.com\/document\/doi\/10.1515\/9783110340334\/html\">Patientensicherheitsmanagement<\/a>. 2., \u00fcberarheitete und erg\u00e4nzte Auflage. Berlin\u202f; Boston: De Gruyter; 2022.<\/li>\n\n\n\n<li>Institute of Medicine. <a href=\"https:\/\/www.nationalacademies.org\/read\/9728\/chapter\/1\">To err is human. Building a safer health system<\/a>. \u00a0Washington: National Academy Press, 2000<\/li>\n\n\n\n<li>Joshi MS. <a href=\"https:\/\/books.google.ch\/books?id=rL1TEQAAQBAJ&amp;redir_esc=y\">The Healthcare Quality Book<\/a>. Chicago: Health Administration Press; 2014.<\/li>\n\n\n\n<li>Shaw A, Leis M, Howitt P, Dhingra N, Durkin M, Darzi A. <a href=\"https:\/\/doi.org\/10.1016\/S0140-6736(23)00570-6\">From plans to actions: closing the implementation gap for patient safety<\/a>. Lancet. 2023;401: 1421. <\/li>\n\n\n\n<li>Garrouste-Orgeas M, Philippart F, Bruel C, Max A, Lau N, Misset B. <a href=\"https:\/\/doi.org\/10.1186\/2110-5820-2-2\">Overview of medical errors and adverse events<\/a>. Ann Intensive Care. 2012;2: 2. <\/li>\n\n\n\n<li>Hoff T, Jameson L, Hannan E, Flink E. A <a href=\"https:\/\/doi.org\/10.1177\/1077558703257171\">Review of the Literature Examining Linkages between Organizational Factors, Medical Errors, and Patient Safety<\/a>. Med Care Res Rev. 2004;61: 3\u201337. <\/li>\n<\/ul>\n\n\n\n<h2 class=\"wp-block-heading\">Internetquellen<\/h2>\n\n\n\n<ul class=\"wp-block-list\">\n<li><a href=\"https:\/\/www.who.int\/health-topics\/patient-safety#tab=tab_1\">World Health Organization: Patient Safety<\/a><\/li>\n\n\n\n<li><a href=\"https:\/\/patientensicherheit.ch\/\">Stiftung Patientensicherheit Schweiz<\/a><\/li>\n\n\n\n<li><a href=\"https:\/\/patientensicherheit.ch\/cirrnet\/\">CIRRNET \u2013 Critical Incident Reporting &amp; Reacting NETwork<\/a> der Stiftung Patientensicherheit Schweiz<\/li>\n\n\n\n<li><a href=\"https:\/\/www.aps-ev.de\/\">Aktionsb\u00fcndnis Patientensicherheit Deutschland<\/a><\/li>\n\n\n\n<li><a href=\"https:\/\/www.plattformpatientensicherheit.at\/\">Plattform Patientensicherheit \u00d6sterreich<\/a><\/li>\n\n\n\n<li><a href=\"https:\/\/www.who.int\/news-room\/questions-and-answers\/item\/safe-surgery-saves-lives-frequently-asked-questions\">WHO Kampagne: Safe Surgery Saves Lives<\/a><\/li>\n\n\n\n<li><a href=\"http:\/\/www.ihi.org\">Institute for Healthcare Improvement<\/a><\/li>\n<\/ul>\n\n\n\n<h2 class=\"wp-block-heading\"><a name=\"ZA\"><\/a>Zus\u00e4tzliche Abbildung<\/h2>\n\n\n\n<h5 class=\"wp-block-heading\">Die \u00bbSurgical Safety Checklist\u00ab zur Verbesserung der Patientensicherheit in der operativen Medizin.<\/h5>\n\n\n\n<figure class=\"wp-block-image aligncenter is-resized\"><a href=\"https:\/\/www.public-health-kompakt.ch\/wp-content\/uploads\/2012\/04\/Web.Abb_.3.4.1.png\"><img decoding=\"async\" src=\"https:\/\/www.public-health-kompakt.ch\/wp-content\/uploads\/2012\/04\/Web.Abb_.3.4.1.png\" alt=\"\" class=\"wp-image-216\" style=\"aspect-ratio:1.432215906547912;width:875px;height:auto\" title=\"Web.Abb.3.4.1\"\/><\/a><\/figure>\n\n\n\n<p class=\"has-text-align-center\"><\/p>\n\n\n\n<p class=\"has-text-align-center\">\u00a9 World Health Organization 2009. All rights reserved.<\/p>\n\n\n\n<p><em>Based on the <a href=\"https:\/\/www.who.int\/teams\/integrated-health-services\/patient-safety\/research\/safe-surgery\/tool-and-resources\">WHO Surgical Safety Checklist<\/a><\/em>.<\/p>\n\n\n\n<p>&nbsp;<\/p>\n\n\n\n<p><i>&nbsp;<\/i><\/p>\n\n\n\n<p><\/p>\n","protected":false},"excerpt":{"rendered":"<p>David Schwappach Ein zentraler Aspekt im Hinblick auf die Qualit\u00e4t der Gesundheitsleistungen ist die Patientensicherheit. Untersuchungen aus Europa und den USA zeigen, dass es bei ca. 5 \u2013 10% der Patienten im Krankenhaus zu einem unerw\u00fcnschten Ereignis kommt, das zu einem Schaden bei dem Patienten f\u00fchrt. Etwa die H\u00e4lfte dieser Ereignisse wird als vermeidbar angesehen. [&hellip;]<\/p>\n","protected":false},"author":7,"featured_media":0,"parent":18,"menu_order":0,"comment_status":"closed","ping_status":"closed","template":"","meta":{"footnotes":""},"class_list":["post-210","page","type-page","status-publish","hentry"],"blocksy_meta":[],"_links":{"self":[{"href":"https:\/\/www.public-health-kompakt.ch\/index.php\/wp-json\/wp\/v2\/pages\/210","targetHints":{"allow":["GET"]}}],"collection":[{"href":"https:\/\/www.public-health-kompakt.ch\/index.php\/wp-json\/wp\/v2\/pages"}],"about":[{"href":"https:\/\/www.public-health-kompakt.ch\/index.php\/wp-json\/wp\/v2\/types\/page"}],"author":[{"embeddable":true,"href":"https:\/\/www.public-health-kompakt.ch\/index.php\/wp-json\/wp\/v2\/users\/7"}],"replies":[{"embeddable":true,"href":"https:\/\/www.public-health-kompakt.ch\/index.php\/wp-json\/wp\/v2\/comments?post=210"}],"version-history":[{"count":32,"href":"https:\/\/www.public-health-kompakt.ch\/index.php\/wp-json\/wp\/v2\/pages\/210\/revisions"}],"predecessor-version":[{"id":7013,"href":"https:\/\/www.public-health-kompakt.ch\/index.php\/wp-json\/wp\/v2\/pages\/210\/revisions\/7013"}],"up":[{"embeddable":true,"href":"https:\/\/www.public-health-kompakt.ch\/index.php\/wp-json\/wp\/v2\/pages\/18"}],"wp:attachment":[{"href":"https:\/\/www.public-health-kompakt.ch\/index.php\/wp-json\/wp\/v2\/media?parent=210"}],"curies":[{"name":"wp","href":"https:\/\/api.w.org\/{rel}","templated":true}]}}