{"id":227,"date":"2012-04-16T17:40:25","date_gmt":"2012-04-16T17:40:25","guid":{"rendered":"http:\/\/public-health-kompakt.frappant.ch\/?page_id=227"},"modified":"2026-03-23T15:45:01","modified_gmt":"2026-03-23T15:45:01","slug":"kap-6-4-luft","status":"publish","type":"page","link":"https:\/\/www.public-health-kompakt.ch\/index.php\/kapitel-6\/kap-6-4-luft\/","title":{"rendered":"Kap. 6.4 Luft"},"content":{"rendered":"\n<p><em>Hanns Moshammer, Mandukhai Ganbat, Matthias Egge<\/em><\/p>\n\n\n\n<p>Seit der Industrialisierung hat sich Luftverschmutzung zu einem globalen Umwelt- und Gesundheitsproblem entwickelt. Ein Wendepunkt war der \u201eGreat Smog of London\u201c 1952, der die schweren gesundheitlichen Folgen verschmutzter Luft deutlich machte und zu ersten Luftreinhaltegesetzen f\u00fchrte. <\/p>\n\n\n\n<p>Luftverschmutzung entsteht durch feste und gasf\u00f6rmige Schadstoffe aus Verkehr, Industrie, Energieerzeugung, Landwirtschaft und Haushalten. Dazu geh\u00f6ren prim\u00e4re Schadstoffe wie Feinstaub, Stickoxide oder Schwefeldioxid sowie sekund\u00e4re Schadstoffe wie bodennahes Ozon. Auch die Innenraumluft kann durch Rauch, Verbrennungsprozesse, Schimmel oder Chemikalien belastet sein. Die gesundheitlichen Folgen reichen von Atemwegsreizungen und Asthmaanf\u00e4llen bis zu Herz-Kreislauf-Erkrankungen, COPD, Lungenkrebs und einer erh\u00f6hten Sterblichkeit. Besonders gef\u00e4hrdet sind Kinder, \u00e4ltere Menschen, Schwangere und Personen mit Vorerkrankungen. Die Belastung ist weltweit und sozial ungleich verteilt. Luftreinhaltung ist daher ein zentrales Public-Health-Ziel und zugleich eng mit dem Klimaschutz verbunden.<\/p>\n\n\n\n<h4 class=\"wp-block-heading\">Quellen<\/h4>\n\n\n\n<ul class=\"wp-block-list\">\n<li>Landesamt f\u00fcr Natur, Umwelt und Verbraucherschutz Nordrhein-Westfalen. <a href=\"https:\/\/www.lanuk.nrw.de\/themen\/umwelt-und-gesundheit\/umweltmedizin\/beurteilung-von-schadstoffen-und-umwelteinfluessen\/chemische-schadstoffe\/schadstoffe\/feinstaub\">Feinstaub<\/a><\/li>\n\n\n\n<li>European Environment Agency (EEA). <a href=\"https:\/\/www.eea.europa.eu\/publications\/air-quality-in-europe-2020-report\">Air quality in Europe \u2014 2020 report<\/a> (EEA Report No 9\/2020).<\/li>\n\n\n\n<li>K\u00fcnzli N, Perez L, Rapp R. <a href=\"https:\/\/www.researchgate.net\/publication\/235347289_2_Kunzli_N_Perez_L_Rapp_R_2010_Air_quality_and_health_Lausanne_European_Respiratory_Society_66_ISBN_978-1-84984-008-8_with_translations_in_French_German_Italian_Turkis_and_Catalan\">Air Quality and Health<\/a>. Lausanne, Switzerland: ERS; 2010 September 2010.<\/li>\n\n\n\n<li>Pla\u00df-D\u00fclmer C, Gilge S, Dauert U, Kessinger S, Minkos A. <a href=\"https:\/\/www.dwd.de\/DE\/forschung\/atmosphaerenbeob\/zusammensetzung_atmosphaere\/hohenpeissenberg\/download\/gaw_briefe\/gaw_brief_076_hintergrundpapier_de_pdf.pdf?__blob=publicationFile&amp;v=4\">Reduktion von Stickoxiden in deutschen St\u00e4dten nach Corona-Lockdown \u2013 Materialien, Methoden und Analysen zum GAW Brief 76 des DWD<\/a>. Deutscher Wetterdienst und Umweltbundesamt, 15. Juli 2020.<\/li>\n\n\n\n<li><a href=\"https:\/\/www.i-med.ac.at\/msig\/mitarbeiter\/ulmer\/vhmpp.html.de\">The Vorarlberg Health Monitoring &amp; Promotion Programme<\/a> (VHMPP).<\/li>\n\n\n\n<li>Umweltbundesamt. FAQ: <a href=\"https:\/\/www.umweltbundesamt.de\/faq-auswirkungen-der-corona-krise-auf-die#welche-auswirkungen-hat-die-corona-krise-auf-die-luftqualitat-\">Auswirkungen der Corona-Krise auf die Luftqualit\u00e4t<\/a>.<\/li>\n\n\n\n<li>Vienneau D, Perez L, Schindler C et al. <a href=\"https:\/\/www.sciencedirect.com\/science\/article\/pii\/S1438463915000656?via%3Dihub\">Years of life lost and morbidity cases attributable to transportationnoise and air pollution: A comparative health risk assessment for Switzerland in 2010<\/a>. International Journal of Hygiene and Environmental Health 2015; 218(6): 514-521.<\/li>\n\n\n\n<li>WHO. <a href=\"https:\/\/www.who.int\/publications-detail-redirect\/WHO-SDE-PHE-OEH-06.02\">Air quality guidelines. Global update 2005. Particulate matter, ozone, nitrogen dioxide and sulfur dioxide<\/a>. Genf, Schweiz 2005.<\/li>\n\n\n\n<li>WHO. Update of <a href=\"https:\/\/www.who.int\/news-room\/questions-and-answers\/item\/who-global-air-quality-guidelines\">WHO Global Air Quality Guidelines<\/a>.<\/li>\n\n\n\n<li>WHO. <a href=\"https:\/\/www.who.int\/publications\/i\/item\/9789289002134\">WHO guidelines for indoor air quality: selected pollutants<\/a>. Genf, Schweiz 2010.<\/li>\n<\/ul>\n\n\n\n<h4 class=\"wp-block-heading\"><a name=\"ZA\"><\/a>Zus\u00e4tzliche Abbildung<\/h4>\n\n\n\n<p><strong>Die Abbildung dokumentiert die Abh\u00e4ngigkeit chronischer Gesundheitsparameter von der Distanz der Wohnadresse zu stark befahrenen Verkehrsachsen. Dargestellt ist die adjustierte Pr\u00e4valenz chronischer Bronchitis in Abh\u00e4ngigkeit zur Wohndistanz von der Schweizer Nord-\u00ad\u2010S\u00fcd-\u00ad\u2010Transitachse (Autobahn). <\/strong><\/p>\n\n\n\n<figure class=\"wp-block-image size-full\"><img loading=\"lazy\" decoding=\"async\" width=\"986\" height=\"801\" src=\"https:\/\/www.public-health-kompakt.ch\/wp-content\/uploads\/2026\/03\/image-8.png\" alt=\"\" class=\"wp-image-7105\" srcset=\"https:\/\/www.public-health-kompakt.ch\/wp-content\/uploads\/2026\/03\/image-8.png 986w, https:\/\/www.public-health-kompakt.ch\/wp-content\/uploads\/2026\/03\/image-8-300x244.png 300w, https:\/\/www.public-health-kompakt.ch\/wp-content\/uploads\/2026\/03\/image-8-768x624.png 768w\" sizes=\"auto, (max-width: 986px) 100vw, 986px\" \/><\/figure>\n\n\n\n<p><span style=\"font-size: xx-small;\">Quelle der Abbildung: Hazenkamp-von Arx ME, Schindler C, Ragettli MS, K\u00fcnzli N, Braun-Fahrl\u00e4nder C, Liu L-JS. Impacts of highway traffic exhaust in alpine valleys on the respiratory health in adults: a cross-sectional study. Environmental Health 2011; 10: 13 (<a href=\"http:\/\/www.ehjournal.net\/content\/10\/1\/13\/figure\/F3\">http:\/\/www.ehjournal.net\/content\/10\/1\/13\/figure\/F3<\/a>)<\/span><\/p>\n\n\n\n<h4 class=\"wp-block-heading\"><a name=\"ZB\"><\/a>Zus\u00e4tzliche Boxen<\/h4>\n\n\n\n<p><strong>Aktionsprogramm &#8220;Berlin qualmfrei&#8221;<\/strong><\/p>\n\n\n\n<figure class=\"wp-block-image alignright\"><a href=\"https:\/\/www.public-health-kompakt.ch\/wp-content\/uploads\/2012\/04\/Zigaretten-NO.jpg\"><img decoding=\"async\" src=\"https:\/\/www.public-health-kompakt.ch\/wp-content\/uploads\/2012\/04\/Zigaretten-NO.jpg\" alt=\"\" class=\"wp-image-613\"\/><\/a><figcaption class=\"wp-element-caption\">Quelle der Abbildung: Nic Neish, 123RF Limited<\/figcaption><\/figure>\n\n\n\n<p>\u00bbKann die Hauptstadt Berlin auch zur Hauptstadt des Nichtrauchens werden? Wir meinen sie sollte!\u00ab So startete die Senatsverwaltung f\u00fcr Gesundheit, Soziales und Verbraucherschutz in Berlin am 2. September 2004 eine gro\u00dfe Kampagne zur F\u00f6rderung des Nichtrauchens. Zum Startzeitpunkt der Kampagne hatte Berlin im Vergleich zu den anderen Bundesl\u00e4ndern den mit Abstand h\u00f6chsten Raucheranteil in der Bev\u00f6lkerung. Im Rahmen eines dreij\u00e4hrigen Aktionsprogramms sollten verh\u00e4ltnisbezogene Ma\u00dfnahmen zur Verringerung des Tabakkonsums miteinander verbunden und durch neue Pr\u00e4ventionskampagnen erg\u00e4nzt werden (vgl. Aktionsprogramm \u201e<a href=\"https:\/\/www.berlin-suchtpraevention.de\/netzwerke\/landesprogramm-berlin-qualmfrei\/\">Berlin qualmfrei<\/a>&#8220;<\/p>\n\n\n\n<p><em><strong>Verhaltenspr\u00e4vention<\/strong><\/em><\/p>\n\n\n\n<ul class=\"wp-block-list\">\n<li>Massenmediale und andere Informationskampagnen zum Nichtrauchen und Passivrauchen<\/li>\n\n\n\n<li>B\u00fcndelung bekannter und Entwicklung neuer Raucherentw\u00f6hnungsangebote<\/li>\n\n\n\n<li>zielgruppenspezifische verhaltenspr\u00e4ventive Ma\u00dfnahmen (z.B. f\u00fcr Sch\u00fclerInnen, MigrantInnen, Schwangere) sowie kiezbezogene Arbeit<\/li>\n<\/ul>\n\n\n\n<p><em><strong>Verh\u00e4ltnispr\u00e4vention<\/strong><\/em><\/p>\n\n\n\n<ul class=\"wp-block-list\">\n<li>Rauchfreie Einrichtungen (Schulen, Jugendeinrichtungen, Kindertagesst\u00e4tten, Universit\u00e4ten, Sportvereine, Krankenh\u00e4user, \u00d6ffentlicher Gesundheitsdienst, Rath\u00e4user und Betriebe u.a.)<\/li>\n\n\n\n<li>Kontrolle der Umsetzung von Richtlinien der Arbeitsst\u00e4ttenverordnung und des Nichtraucherschutzes in Betrieben, Krankenh\u00e4usern, Restaurants und Verwaltung<\/li>\n\n\n\n<li>Initiativen im Vorfeld gesetzlicher Regelungen: Bannmeile f\u00fcr Zigarettenautomaten und Tabakwerbung von 250 m im Umfeld von Schulen; kein Rauchen in Autos, in denen Kinder mitfahren; Unterbindung des Verkaufs von Zigaretten durch P\u00e4chter in Krankenh\u00e4usern, Rath\u00e4usern u.a.; Einschr\u00e4nkung der Tabakwerbung auf bezirkseigenen Grundst\u00fccken und \u00f6ffentlichem Stra\u00dfenland<\/li>\n\n\n\n<li>Sensibilisierung der \u00d6ffentlichkeit f\u00fcr ein umfassendes Werbeverbot und gegen Sponsoring der Tabakindustrie (s. WHO-Rahmen\u00fcbereinkommen)<\/li>\n\n\n\n<li>Unterst\u00fctzung von Gesetzesinitiativen zur Steuererh\u00f6hung, Einsatz der Steuern f\u00fcr Tabakpr\u00e4vention; Werbeverbot<\/li>\n<\/ul>\n\n\n\n<p>Seit Oktober 2007 wird das Programm von der Fachstelle f\u00fcr Suchtpr\u00e4vention im Land Berlin weitergef\u00fchrt. Aktuelle Einschulungsuntersuchungen zeigen, dass sich der Anteil der Erstkl\u00e4sslerInnen, die aus Nichtraucherhaushalten kommen, zwischen 2005 und 2010 um fast zehn Prozent erh\u00f6ht hat. Trotzdem liegt der Anteil der RaucherInnen in Berlin noch immer bei 31%. Infos hierzu unter:<\/p>\n\n\n\n<p><a href=\"https:\/\/www.dkfz.de\/de\/tabakkontrolle\/download\/Publikationen\/sonstVeroeffentlichungen\/Tabakatlas-Deutschland-2020.pdf\">Tabakatlas Deutschland 2020<\/a><\/p>\n\n\n\n<h4 class=\"wp-block-heading\"><strong><a name=\"ZT\"><\/a><\/strong>Zus\u00e4tzliche Tabellen<\/h4>\n\n\n\n<p><strong>Beispiele f\u00fcr den potentiellen gesundheitlichen Nutzen einer reduzierten Schadstoffbelastung mit Feinstaub\u00a0(PM<sub>10<\/sub>) in verschiedenen Regionen Europas. Es wird hierf\u00fcr angenommen, dass die aktuellen Schadstoffkonzentrationen auf die im Szenario vorgeschlagenen Werte vermindert werden.<\/strong><\/p>\n\n\n\n<figure class=\"wp-block-image aligncenter is-resized\"><a href=\"https:\/\/www.public-health-kompakt.ch\/wp-content\/uploads\/2012\/04\/Web-Tab.5.2.1.png\"><img decoding=\"async\" src=\"https:\/\/www.public-health-kompakt.ch\/wp-content\/uploads\/2012\/04\/Web-Tab.5.2.1.png\" alt=\"\" class=\"wp-image-235\" style=\"width:500px\" title=\"Web-Tab.5.2.1\"\/><\/a><\/figure>\n\n\n\n<p class=\"has-text-align-center\"><\/p>\n\n\n\n<h5 class=\"wp-block-heading\">Die Bundes\u00e4mter f\u00fcr Umwelt bieten auf ihren Internetseiten Informationen \u00fcber Schadstoffe, Quellen, Auswirkungen, die aktuellen Luftbelastungen und die Gesetzgebung im Bereich Luft:<\/h5>\n\n\n\n<p><strong>Schweiz<\/strong>: <a href=\"http:\/\/www.bafu.admin.ch\/luft\/index.html?lang=de\" target=\"_blank\" rel=\"noopener\">Bundesamt f\u00fcr Umwelt -> Luft<\/a>. Eine st\u00e4ndig aktualisierte, ausf\u00fchrliche Datenbank zu Luftverschmutzungsstudien wird vom <a href=\"http:\/\/www.swisstph.ch\">Schweizerischen Tropen- und Public Health-Institut<\/a> betreut; <a href=\"http:\/\/ludok.swisstph.ch\/fmi\/iwp\/cgi?-db=ludok_web&amp;-loadframes\">LUDOK<\/a><\/p>\n\n\n\n<p><strong>Deutschland<\/strong>: <a href=\"http:\/\/www.umweltbundesamt.de\/themen\/luft\" target=\"_blank\" rel=\"noopener\">Umweltbundesamt &#8211; &gt; Luft<\/a><\/p>\n\n\n\n<p><strong>\u00d6sterreich<\/strong>: <a href=\"https:\/\/www.umweltbundesamt.at\/luft\">Umweltbundesamt -&gt; Luft<\/a><\/p>\n\n\n\n<p><strong>EU: <\/strong><a href=\"https:\/\/www.eea.europa.eu\/en\/topics\/in-depth\/air-pollution\">European Environment Agency -&gt; Air Pollution<\/a><\/p>\n\n\n\n<p>Die bedeutendsten Langzeitstudien der Schweiz, Deutschlands, \u00d6sterreichs und der Europ\u00e4ischen Union im Bereich der Luftverschmutzung finden Sie unter<\/p>\n\n\n\n<ul class=\"wp-block-list\">\n<li><a href=\"https:\/\/www.swisstph.ch\/en\/topics\/non-communicable-diseases\/human-biomonitoring\/sapaldia\/\">SAPALDIA<\/a> (CH)<\/li>\n\n\n\n<li>SALIA (D): S. 13 in <a href=\"https:\/\/www.lanuv.nrw.de\/fileadmin\/lanuv\/gesundheit\/schadstoffe\/gesundheitliche_wirkungen.pdf\">Gesundheitliche Wirkungen von Feinstaub und Stickstoffdioxid im Zusammenhang mit der Luftreinhalteplanung<\/a><\/li>\n\n\n\n<li><a href=\"https:\/\/imibe.uk-essen.de\/forschung\/forschungsprojekte\/#nixdorf\">Heinz Nixdorf Recall Studie<\/a> (D)<\/li>\n\n\n\n<li>Austrian Project on Health Effects of Particulates. <a href=\"https:\/\/www.sciencedirect.com\/science\/article\/pii\/S1352231004002985\">AUPHEP<\/a> (A)<\/li>\n\n\n\n<li><a href=\"https:\/\/cordis.europa.eu\/project\/id\/211250\">ESCAPE Konsortium<\/a> (EU)<\/li>\n<\/ul>\n\n\n\n<p><\/p>\n","protected":false},"excerpt":{"rendered":"<p>Hanns Moshammer, Mandukhai Ganbat, Matthias Egge Seit der Industrialisierung hat sich Luftverschmutzung zu einem globalen Umwelt- und Gesundheitsproblem entwickelt. Ein Wendepunkt war der \u201eGreat Smog of London\u201c 1952, der die schweren gesundheitlichen Folgen verschmutzter Luft deutlich machte und zu ersten Luftreinhaltegesetzen f\u00fchrte. Luftverschmutzung entsteht durch feste und gasf\u00f6rmige Schadstoffe aus Verkehr, Industrie, Energieerzeugung, Landwirtschaft und [&hellip;]<\/p>\n","protected":false},"author":7,"featured_media":0,"parent":22,"menu_order":0,"comment_status":"closed","ping_status":"closed","template":"","meta":{"footnotes":""},"class_list":["post-227","page","type-page","status-publish","hentry"],"blocksy_meta":[],"_links":{"self":[{"href":"https:\/\/www.public-health-kompakt.ch\/index.php\/wp-json\/wp\/v2\/pages\/227","targetHints":{"allow":["GET"]}}],"collection":[{"href":"https:\/\/www.public-health-kompakt.ch\/index.php\/wp-json\/wp\/v2\/pages"}],"about":[{"href":"https:\/\/www.public-health-kompakt.ch\/index.php\/wp-json\/wp\/v2\/types\/page"}],"author":[{"embeddable":true,"href":"https:\/\/www.public-health-kompakt.ch\/index.php\/wp-json\/wp\/v2\/users\/7"}],"replies":[{"embeddable":true,"href":"https:\/\/www.public-health-kompakt.ch\/index.php\/wp-json\/wp\/v2\/comments?post=227"}],"version-history":[{"count":70,"href":"https:\/\/www.public-health-kompakt.ch\/index.php\/wp-json\/wp\/v2\/pages\/227\/revisions"}],"predecessor-version":[{"id":7114,"href":"https:\/\/www.public-health-kompakt.ch\/index.php\/wp-json\/wp\/v2\/pages\/227\/revisions\/7114"}],"up":[{"embeddable":true,"href":"https:\/\/www.public-health-kompakt.ch\/index.php\/wp-json\/wp\/v2\/pages\/22"}],"wp:attachment":[{"href":"https:\/\/www.public-health-kompakt.ch\/index.php\/wp-json\/wp\/v2\/media?parent=227"}],"curies":[{"name":"wp","href":"https:\/\/api.w.org\/{rel}","templated":true}]}}