{"id":24,"date":"2012-03-09T21:05:57","date_gmt":"2012-03-09T21:05:57","guid":{"rendered":"http:\/\/public-health-kompakt.frappant.ch\/?page_id=24"},"modified":"2026-03-23T15:45:36","modified_gmt":"2026-03-23T15:45:36","slug":"kapitel-7","status":"publish","type":"page","link":"https:\/\/www.public-health-kompakt.ch\/index.php\/kapitel-7\/","title":{"rendered":"Kapitel 7 Arbeit und Gesundheit"},"content":{"rendered":"\n<p><em>Andreas Seidler, Daniel K\u00e4mpf, Matthias Egger<\/em><\/p>\n\n\n\n<p>Arbeit ist keineswegs prim\u00e4r ein Gesundheitsrisiko, sondern bedeutet f\u00fcr viele Menschen Lebenssinn und Befriedigung. Eine Arbeitst\u00e4tigkeit kann vor sozialen Schwierigkeiten und Depression sch\u00fctzen. Arbeit kann somit gesundheitsf\u00f6rdernd sein. Andererseits gibt es spezifische berufliche Belastungen, die schwere Erkrankungen verursachen oder wesentlich zu deren Entstehen beitragen. In diesem Kapitel definieren wir nach einer kurzen geschichtlichen Einf\u00fchrung, was Berufskrankheiten und arbeitsbezogene Erkrankungen in der sich derzeit stark ver\u00e4ndernden Arbeitswelt bedeuten. Wir schauen uns die wichtigsten Gesundheitsgef\u00e4hrdungen am Arbeitsplatz an, diskutieren das Biomonitoring, Grenzwerte und wichtige Ans\u00e4tze im Arbeitsschutz, wie das Ampelmodell oder STOP-Prinzip. Danach widmen wir uns dem Betrieblichen Gesundheitsmanagement, das die drei Handlungsfelder Arbeitnehmer:innenschutz, Betriebliche Gesundheitsf\u00f6rderung und Betriebliches Eingliederungsmanagement integriert. Da die arbeitsmedizinische Praxis durch nationale Gesetze gepr\u00e4gt ist, gehen wir zum Schluss n\u00e4her auf die Arbeitsmedizin in Deutschland, \u00d6sterreich und der Schweiz ein. In Deutschland spricht man vom Arbeitsschutz, in \u00d6sterreich vom Arbeitnehmer:innenschutz und in der Schweiz von Arbeitssicherheit und Gesundheitsschutz. Allen drei L\u00e4ndern liegen \u00e4hnliche rechtliche Grundlagen zugrunde, die sich auf Vorgaben der Internationalen Arbeitsorganisation (ILO) sowie auf europ\u00e4ische Richtlinien st\u00fctzen. Diese schreiben pr\u00e4ventive Ma\u00dfnahmen vor, fordern eine systematische Gef\u00e4hrdungsbeurteilung und betonen die Verantwortung der Arbeitgeber \u2013 erg\u00e4nzt durch die Mitwirkungspflichten der Arbeitnehmenden.<\/p>\n\n\n\n<p><strong>Auf dieser Seite und den verlinkten Seiten finden Sie Literaturquellen, Hinweise zu empfohlener Vertiefungsliteratur, sowie weiterf\u00fchrende Internetquellen<\/strong>.<\/p>\n\n\n\n<ul class=\"wp-block-list\">\n<li><a href=\"https:\/\/www.public-health-kompakt.ch\/index.php\/kapitel-7\/kap-7-1\/\">Kap. 7.1 Geschichtliche Einf\u00fchrung<\/a><\/li>\n\n\n\n<li><a href=\"https:\/\/www.public-health-kompakt.ch\/index.php\/kapitel-7\/kap-7-2\/\">Kap. 7.2 Berufskrankheiten<\/a><\/li>\n\n\n\n<li><a href=\"https:\/\/www.public-health-kompakt.ch\/index.php\/kapitel-7\/kap-7-3\/\">Kap. 7.3 Gesundheitsgef\u00e4hrdungen am Arbeitsplatz<\/a><\/li>\n\n\n\n<li><a href=\"https:\/\/www.public-health-kompakt.ch\/index.php\/kapitel-7\/kap-7-4\/\">Kap. 7.4 Betriebliches Gesundheitsmanagement<\/a><\/li>\n\n\n\n<li><a href=\"https:\/\/www.public-health-kompakt.ch\/index.php\/kapitel-7\/kap-7-7\/\">Kap. 7.5 Arbeit und Gesundheit in Deutschland<\/a><\/li>\n\n\n\n<li><a href=\"https:\/\/www.public-health-kompakt.ch\/index.php\/kapitel-7\/kap-7-6\/\">Kap. 7.6 Arbeit und Gesundheit in \u00d6sterreich<\/a><\/li>\n\n\n\n<li><a href=\"https:\/\/www.public-health-kompakt.ch\/index.php\/kapitel-7\/kap-7-5\/\">Kap. 7.7 Arbeit und Gesundheit in der Schweiz<\/a><\/li>\n<\/ul>\n\n\n\n<h4 class=\"wp-block-heading\">Lehrb\u00fccher<\/h4>\n\n\n\n<figure class=\"wp-block-image size-large is-resized\"><img loading=\"lazy\" decoding=\"async\" width=\"717\" height=\"1024\" src=\"https:\/\/www.public-health-kompakt.ch\/wp-content\/uploads\/2026\/03\/image-13-717x1024.png\" alt=\"\" class=\"wp-image-7181\" style=\"aspect-ratio:0.7002039428959891;width:204px;height:auto\" srcset=\"https:\/\/www.public-health-kompakt.ch\/wp-content\/uploads\/2026\/03\/image-13-717x1024.png 717w, https:\/\/www.public-health-kompakt.ch\/wp-content\/uploads\/2026\/03\/image-13-210x300.png 210w, https:\/\/www.public-health-kompakt.ch\/wp-content\/uploads\/2026\/03\/image-13-768x1097.png 768w, https:\/\/www.public-health-kompakt.ch\/wp-content\/uploads\/2026\/03\/image-13.png 827w\" sizes=\"auto, (max-width: 717px) 100vw, 717px\" \/><\/figure>\n\n\n\n<p><\/p>\n\n\n\n<ul class=\"wp-block-list\">\n<li>Baur X. <a href=\"https:\/\/link.springer.com\/book\/10.1007\/978-3-642-37413-5\">Arbeitsmedizin<\/a>. Berlin, Heidelberg: Springer Berlin Heidelberg; 2013. <\/li>\n\n\n\n<li>Broding H.C. <a href=\"https:\/\/www.ecomed-storck.de\/Medizin\/Arbeitsmedizin-Sozialmedizin-Umweltmedizin-Hygiene\/Handbuch-der-Arbeitsmedizin-online-Online-Produkt.html?srsltid=AfmBOooCHnLI9Wv1R4mF1p---LNeOTSZnBDzEnrxX7TnT0WMFaSqTwYd&amp;utm_source=chatgpt.com\">Handbuch der Arbeitsmedizin<\/a>. Landsberg am Lech: ecomed-Storck (Online).<\/li>\n\n\n\n<li>Triebig G, Kentner M, Schiele R, Wei\u00dfert-Horn M, Landau K, editors. <a href=\"https:\/\/www.deutsche-digitale-bibliothek.de\/item\/5ISAJQJABJB5STJQVJ4XDAGAZFLEQJ4G\">Arbeitsmedizin: Handbuch f\u00fcr Theorie und Praxis<\/a>. 2., vollst. neubearb. Aufl. Stuttgart: Gentner; 2008.<\/li>\n\n\n\n<li>Sadhra SS, Bray AJ, Boorman S, editors. <a href=\"https:\/\/global.oup.com\/academic\/product\/oxford-handbook-of-occupational-health-9780198849803?cc=no&amp;lang=en&amp;\">Oxford handbook of occupational health<\/a>. Edited by Steven Sadhra, Alan Bray, Steve Boorman. Third edition. Oxford: Oxford University Press; 2022. <\/li>\n\n\n\n<li>LaDou J, Harrison R, editors. <a href=\"https:\/\/www.mheducation.com\/highered\/mhp\/product\/current-diagnosis-treatment-occupational-environmental-medicine-6th-edition.html?viewOption=student\">Current occupational &amp; environmental medicine<\/a>. 6th edition. New York: McGraw-Hill LLC; 2021.<\/li>\n\n\n\n<li>Siegrist J, Li J, editors. <a href=\"https:\/\/global.oup.com\/academic\/product\/psychosocial-occupational-health-9780192887924?cc=no&amp;lang=en&amp;\">Psychosocial occupational health: an interdisciplinary textbook<\/a>. New York: Oxford University Press; 2024.<\/li>\n<\/ul>\n\n\n\n<p><\/p>\n","protected":false},"excerpt":{"rendered":"<p>Andreas Seidler, Daniel K\u00e4mpf, Matthias Egger Arbeit ist keineswegs prim\u00e4r ein Gesundheitsrisiko, sondern bedeutet f\u00fcr viele Menschen Lebenssinn und Befriedigung. Eine Arbeitst\u00e4tigkeit kann vor sozialen Schwierigkeiten und Depression sch\u00fctzen. Arbeit kann somit gesundheitsf\u00f6rdernd sein. Andererseits gibt es spezifische berufliche Belastungen, die schwere Erkrankungen verursachen oder wesentlich zu deren Entstehen beitragen. In diesem Kapitel definieren wir [&hellip;]<\/p>\n","protected":false},"author":7,"featured_media":0,"parent":0,"menu_order":7,"comment_status":"closed","ping_status":"closed","template":"","meta":{"footnotes":""},"class_list":["post-24","page","type-page","status-publish","hentry"],"blocksy_meta":[],"_links":{"self":[{"href":"https:\/\/www.public-health-kompakt.ch\/index.php\/wp-json\/wp\/v2\/pages\/24","targetHints":{"allow":["GET"]}}],"collection":[{"href":"https:\/\/www.public-health-kompakt.ch\/index.php\/wp-json\/wp\/v2\/pages"}],"about":[{"href":"https:\/\/www.public-health-kompakt.ch\/index.php\/wp-json\/wp\/v2\/types\/page"}],"author":[{"embeddable":true,"href":"https:\/\/www.public-health-kompakt.ch\/index.php\/wp-json\/wp\/v2\/users\/7"}],"replies":[{"embeddable":true,"href":"https:\/\/www.public-health-kompakt.ch\/index.php\/wp-json\/wp\/v2\/comments?post=24"}],"version-history":[{"count":30,"href":"https:\/\/www.public-health-kompakt.ch\/index.php\/wp-json\/wp\/v2\/pages\/24\/revisions"}],"predecessor-version":[{"id":7262,"href":"https:\/\/www.public-health-kompakt.ch\/index.php\/wp-json\/wp\/v2\/pages\/24\/revisions\/7262"}],"wp:attachment":[{"href":"https:\/\/www.public-health-kompakt.ch\/index.php\/wp-json\/wp\/v2\/media?parent=24"}],"curies":[{"name":"wp","href":"https:\/\/api.w.org\/{rel}","templated":true}]}}