{"id":27,"date":"2012-03-09T21:06:47","date_gmt":"2012-03-09T21:06:47","guid":{"rendered":"http:\/\/public-health-kompakt.frappant.ch\/?page_id=27"},"modified":"2026-03-23T15:46:48","modified_gmt":"2026-03-23T15:46:48","slug":"kapitel-8","status":"publish","type":"page","link":"https:\/\/www.public-health-kompakt.ch\/index.php\/kapitel-8\/","title":{"rendered":"Kapitel 8 Chronische Krankheiten, Behinderung und Unf\u00e4lle"},"content":{"rendered":"\n<p><em>Lotte Habermann-Horstmeier, Matthias Egger, Anita Rieder, Maria Wakolbinger, Alexandra Kautzky-Willer, Gerald Haidinger, Thomas E. Dorner, Nicole Steck, Eliane Rohner, Claudia Kuehni, Myrofora Goutaki, Philipp Latzin, Milo Puhan, Stephan Reichenbach, Thomas Niederkrotenthaler, Benedikt Till, Steffen Niemann, Anke-Christine Sa\u00df<\/em><\/p>\n\n\n\n<p>Parallel zur ansteigenden Lebenserwartung nimmt in den meisten L\u00e4ndern der Erde auch die Krankheitslast (Burden of Disease) zu. Dies gilt insbesondere f\u00fcr die Krankheitslast, die durch chronische Erkrankungen hervorgerufen wird. Die Weltgesundheitsorganisation (WHO) fasst eine Gruppe chronischer Erkrankungen auch unter dem Begriff \u201enicht\u00fcbertragbare Krankheiten\u201c (Non-Communicable Diseases, NCD) zusammen. Der Begriff macht deutlich, dass diese Erkrankungen, anders als die Infektionskrankheiten (\u00fcbertragbare Krankheiten = Communicable Diseases; s. Kap. 9), in der Regel nicht von Mensch zu Mensch oder von Tier zu Mensch \u00fcbertragen werden k\u00f6nnen. Zu den nicht\u00fcbertragbaren Krankheiten geh\u00f6ren u. a. Adipositas und Diabetes mellitus sowie Herz-Kreislauf- und Tumorerkrankungen, aber auch Krankheiten des Bewegungsapparates, chronische Atemwegserkrankungen und psychische St\u00f6rungen. Sie tragen erheblich zur Beeintr\u00e4chtigung von Lebensqualit\u00e4t, Arbeitsf\u00e4higkeit und Lebenserwartung der Bev\u00f6lkerung bei. Bislang wies man den in der Lebensmitte einwirkenden<br>Risikofaktoren eine zentrale Rolle als Ursache chronischer Krankheiten mit einer hohen Mortalit\u00e4t im sp\u00e4teren Leben zu. Zunehmend schaut man nun auch nach Erkrankungen, die in bestimmten Altersstufen nur wenig oder gar nichts zur Gesamtmortalit\u00e4t beitragen, jedoch mit einer hohen Morbidit\u00e4t einhergehen.<br><br>In diesem Kapitel erl\u00e4utern wir die Begriffe chronische Krankheit, nicht\u00fcbertragbare Erkrankungen und Behinderung. Anschlie\u00dfend diskutieren wir die epidemiologischen Daten sowie die sozialen, psychischen und \u00f6konomischen Folgen dieser Erkrankungen. Daraufhin gehen wir auf verschiedene Lebensabschnitte ein, in denen unterschiedliche Gesundheitsrisiken eine Rolle spielen, und betrachten die daraus resultierende Krankheitslast bei ausgew\u00e4hlten Erkrankungen. Im weiteren Verlauf stellen wir \u2013 neben dem Thema Unf\u00e4lle\u2013 die wichtigsten chronischen Erkrankungen vor. Dabei betrachten wir jeweils die epidemiologischen Kennzahlen (Inzidenz, Pr\u00e4valenz, Morbidit\u00e4t, Mortalit\u00e4t und Burden of Disease), untersuchen Ursachen, Risikofaktoren sowie Folge- und Begleiterkrankungen und besch\u00e4ftigen uns mit m\u00f6glichen pr\u00e4ventiven Ma\u00dfnahmen.<\/p>\n\n\n\n<p><strong>Auf den verlinkten Seiten finden Sie die verwendeten Literaturquellen, Hinweise zu empfohlener Vertiefungsliteratur, erg\u00e4nzende Abbildungen sowie weiterf\u00fchrende Internetquellen<\/strong>.<\/p>\n\n\n\n<ul class=\"wp-block-list\">\n<li><a href=\"https:\/\/www.public-health-kompakt.ch\/index.php\/kapitel-8\/kap-8-1\/\">Kap. 8.1 Chronische Krankheit und Behinderung<\/a><\/li>\n\n\n\n<li><a href=\"https:\/\/www.public-health-kompakt.ch\/index.php\/kapitel-8\/kapitel-8-2-burden-of-disease\/\">Kap. 8.2. Burden of Disease<\/a><\/li>\n\n\n\n<li><a href=\"https:\/\/www.public-health-kompakt.ch\/index.php\/kapitel-8\/kap-8-2-adipositas-diabetes\/\">Kap. 8.3 Adipositas und Diabetes mellitus<\/a><\/li>\n\n\n\n<li><a href=\"https:\/\/www.public-health-kompakt.ch\/index.php\/kapitel-8\/kap-8-3\/\">Kap. 8.4 Herz-Kreislauf-Erkrankungen<\/a><\/li>\n\n\n\n<li><a href=\"https:\/\/www.public-health-kompakt.ch\/index.php\/kapitel-8\/kap-8-4\/\">Kap. 8.5 B\u00f6sartige Tumoren<\/a><\/li>\n\n\n\n<li><a href=\"https:\/\/www.public-health-kompakt.ch\/index.php\/kapitel-8\/kap-8-6\/\">Kap. 8.6 Atemwegserkrankungen und Allergien<\/a><\/li>\n\n\n\n<li><a href=\"https:\/\/www.public-health-kompakt.ch\/index.php\/kapitel-8\/kap-8-5-erkrankungen-des-bewegungsapparates\/\">Kap. 8.7 Erkrankungen des Bewegungsapparates<\/a><\/li>\n\n\n\n<li><a href=\"https:\/\/www.public-health-kompakt.ch\/index.php\/kapitel-8\/kap-8-7-psychische-storungen-sucht-und-suizid\/\">Kap. 8.8 Public Mental Health<\/a><\/li>\n\n\n\n<li><a href=\"https:\/\/www.public-health-kompakt.ch\/index.php\/kapitel-8\/kap-8-8-unfalle\/\">Kap. 8.9 Unf\u00e4lle<\/a><\/li>\n<\/ul>\n","protected":false},"excerpt":{"rendered":"<p>Lotte Habermann-Horstmeier, Matthias Egger, Anita Rieder, Maria Wakolbinger, Alexandra Kautzky-Willer, Gerald Haidinger, Thomas E. Dorner, Nicole Steck, Eliane Rohner, Claudia Kuehni, Myrofora Goutaki, Philipp Latzin, Milo Puhan, Stephan Reichenbach, Thomas Niederkrotenthaler, Benedikt Till, Steffen Niemann, Anke-Christine Sa\u00df Parallel zur ansteigenden Lebenserwartung nimmt in den meisten L\u00e4ndern der Erde auch die Krankheitslast (Burden of Disease) zu. [&hellip;]<\/p>\n","protected":false},"author":7,"featured_media":0,"parent":0,"menu_order":8,"comment_status":"closed","ping_status":"closed","template":"","meta":{"footnotes":""},"class_list":["post-27","page","type-page","status-publish","hentry"],"blocksy_meta":[],"_links":{"self":[{"href":"https:\/\/www.public-health-kompakt.ch\/index.php\/wp-json\/wp\/v2\/pages\/27","targetHints":{"allow":["GET"]}}],"collection":[{"href":"https:\/\/www.public-health-kompakt.ch\/index.php\/wp-json\/wp\/v2\/pages"}],"about":[{"href":"https:\/\/www.public-health-kompakt.ch\/index.php\/wp-json\/wp\/v2\/types\/page"}],"author":[{"embeddable":true,"href":"https:\/\/www.public-health-kompakt.ch\/index.php\/wp-json\/wp\/v2\/users\/7"}],"replies":[{"embeddable":true,"href":"https:\/\/www.public-health-kompakt.ch\/index.php\/wp-json\/wp\/v2\/comments?post=27"}],"version-history":[{"count":45,"href":"https:\/\/www.public-health-kompakt.ch\/index.php\/wp-json\/wp\/v2\/pages\/27\/revisions"}],"predecessor-version":[{"id":7268,"href":"https:\/\/www.public-health-kompakt.ch\/index.php\/wp-json\/wp\/v2\/pages\/27\/revisions\/7268"}],"wp:attachment":[{"href":"https:\/\/www.public-health-kompakt.ch\/index.php\/wp-json\/wp\/v2\/media?parent=27"}],"curies":[{"name":"wp","href":"https:\/\/api.w.org\/{rel}","templated":true}]}}