{"id":282,"date":"2012-04-17T15:13:50","date_gmt":"2012-04-17T15:13:50","guid":{"rendered":"http:\/\/public-health-kompakt.frappant.ch\/?page_id=282"},"modified":"2026-03-31T07:08:30","modified_gmt":"2026-03-31T07:08:30","slug":"kap-8-7","status":"publish","type":"page","link":"https:\/\/www.public-health-kompakt.ch\/index.php\/kapitel-8\/kap-8-7\/","title":{"rendered":"Kap. 8.7 Erkrankungen des Bewegungsapparates"},"content":{"rendered":"\n<p><em>Stephan Reichenbach<\/em><\/p>\n\n\n\n<blockquote class=\"wp-block-quote is-style-plain is-layout-flow wp-block-quote-is-layout-flow\">\n<p>Erkrankungen des Bewegungsapparates umfassen Krankheiten der Gelenke, Knochen und Muskeln und z\u00e4hlen weltweit zu den h\u00e4ufigsten Gesundheitsproblemen. Obwohl sie selten lebensbedrohlich sind, f\u00fchren sie h\u00e4ufig zu Schmerzen, Bewegungseinschr\u00e4nkungen und Funktionsverlust und beeintr\u00e4chtigen damit die Lebensqualit\u00e4t erheblich. Aufgrund ihrer hohen Pr\u00e4valenz verursachen sie eine gro\u00dfe Krankheitslast sowie betr\u00e4chtliche sozio\u00f6konomische Kosten, unter anderem durch Behandlungsaufwand, Arbeitsausf\u00e4lle und Fr\u00fchberentungen.<\/p>\n\n\n\n<p>Zu den klinisch und epidemiologisch wichtigsten Krankheitsbildern geh\u00f6ren R\u00fcckenschmerzen, Arthrose, Osteoporose und die rheumatoide Arthritis. R\u00fcckenschmerzen sind besonders weit verbreitet; in rund 80 % der F\u00e4lle handelt es sich um unspezifische Beschwerden, die meist selbstlimitierend sind. Arthrose ist eine degenerative Gelenkerkrankung, deren H\u00e4ufigkeit mit dem Alter deutlich zunimmt und die insbesondere Frauen betrifft. Sie geht mit einer erheblichen Einschr\u00e4nkung der Lebensqualit\u00e4t einher. Osteoporose ist durch eine verminderte Knochenmasse und erh\u00f6hte Frakturgefahr gekennzeichnet und verursacht eine hohe Morbidit\u00e4t und Mortalit\u00e4t, vor allem infolge von H\u00fcft- und Wirbelk\u00f6rperfrakturen. Die rheumatoide Arthritis ist eine chronisch-entz\u00fcndliche Systemerkrankung, die unbehandelt zu schweren Gelenkzerst\u00f6rungen f\u00fchren kann.<\/p>\n\n\n\n<p>Pr\u00e4ventive Ma\u00dfnahmen zielen vor allem auf die Reduktion beeinflussbarer Risikofaktoren ab, etwa durch F\u00f6rderung k\u00f6rperlicher Aktivit\u00e4t, ergonomische Gestaltung von Arbeitspl\u00e4tzen und Sturzpr\u00e4vention im Alter. Trotz der gro\u00dfen gesundheitlichen und volkswirtschaftlichen Bedeutung bestehen Wissensl\u00fccken hinsichtlich der Wirksamkeit bev\u00f6lkerungsbezogener Pr\u00e4ventionsstrategien.<\/p>\n<\/blockquote>\n\n\n\n<h4 class=\"wp-block-heading\">Internationale Organisationen<\/h4>\n\n\n\n<ul class=\"wp-block-list\">\n<li>World Health Organization (WHO). <a href=\"https:\/\/www.who.int\/health-topics\/chronic-respiratory-diseases#tab=tab_1\"><\/a><a href=\"https:\/\/www.who.int\/news-room\/fact-sheets\/detail\/musculoskeletal-conditions\">Musculoskeletal health<\/a>.<\/li>\n\n\n\n<li>World Health Organization (WHO). <a href=\"https:\/\/www.who.int\/news-room\/fact-sheets\/detail\/low-back-pain\">Low back pain<\/a>.<\/li>\n\n\n\n<li>World Health Organization (WHO). <a href=\"https:\/\/www.who.int\/news-room\/fact-sheets\/detail\/osteoarthritis\">Osteoarthritis<\/a>.<\/li>\n\n\n\n<li>World Health Organization (WHO). <a href=\"https:\/\/www.who.int\/publications\/i\/item\/9789241565042\">World report on ageing and health<\/a>.<\/li>\n\n\n\n<li>World Health Organization (WHO). <a href=\"https:\/\/www.who.int\/initiatives\/rehabilitation-2030\">Rehabilitation 2030<\/a>.<\/li>\n\n\n\n<li>European Agency for Safety and Health at Work. <a href=\"https:\/\/osha.europa.eu\/en\/publications\/factsheet-3-work-related-musculoskeletal-disorders-europe\">Work related musculoskeletal disorders in Europe<\/a>.<\/li>\n\n\n\n<li>World Bank. <a href=\"https:\/\/www.worldbank.org\/ext\/en\/topic\/social-development\/disability-inclusion\">Disability Inclusion<\/a>.<\/li>\n\n\n\n<li>International Osteoporosis Foundation (IOF). <a href=\"https:\/\/www.osteoporosis.foundation\/\">Homepage<\/a>.<\/li>\n\n\n\n<li>Osteoarthritis Research Society International (OARSI). <a href=\"https:\/\/oarsi.org\/\">Homepage<\/a>.<\/li>\n\n\n\n<li>International Association for the Study of Pain (IASP). <a href=\"https:\/\/www.iasp-pain.org\/advocacy\/global-year\/musculoskeletal-pain\/\">Musculoskeletal Pain<\/a>.<\/li>\n\n\n\n<li>European League Against Rheumatism (EULAR). <a href=\"https:\/\/www.eular.org\/\">Homepage<\/a>.<\/li>\n<\/ul>\n\n\n\n<h4 class=\"wp-block-heading\">Nationale Quellen<\/h4>\n\n\n\n<ul class=\"wp-block-list\">\n<li>Bundesamt f\u00fcr Gesundheit (BAG). <a href=\"https:\/\/www.bag.admin.ch\/de\/erkrankungen-des-bewegungsapparats\">Erkrankungen des Bewegungsapparats<\/a>.<\/li>\n\n\n\n<li>Obsan (Schweizerisches Gesundheitsobservatorium). <a href=\"https:\/\/ind.obsan.admin.ch\/monam\/topic\/1MUS\">Muskuloskelettale Erkrankungen<\/a>.<\/li>\n\n\n\n<li>Rheumaliga Schweiz. <a href=\"https:\/\/www.rheumaliga.ch\/\">Willkommen<\/a>.<\/li>\n\n\n\n<li>OsteoSwiss. <a href=\"https:\/\/www.osteoswiss.ch\/\">Osteoporose \u2013 Informationen und Pr\u00e4vention<\/a>.<\/li>\n\n\n\n<li>Gesunde Arbeit \u00d6sterreich. <a href=\"https:\/\/www.gesundearbeit.at\/gesundheit\/arbeitsbedingte-erkrankungen\/muskel-und-skeletterkrankungen\">Muskel- und Skeletterkrankungen<\/a>.<\/li>\n\n\n\n<li>\u00d6sterreichische Gesellschaft f\u00fcr Rheumatologie und Rehabilitation (\u00d6GR). <a href=\"https:\/\/rheumatologie.at\/aerzte\/leitlinien\">Leitlinien und Informationen<\/a>.<\/li>\n\n\n\n<li>Gesundheit \u00d6sterreich. <a href=\"https:\/\/www.gesundheit.gv.at\/news\/aktuelles\/aktuell-2023\/rueckenschmerz-qualitaetsstandard.html\">R\u00fcckenschmerz: Versorgung nach Qualit\u00e4tsstandards<\/a>.<\/li>\n\n\n\n<li>Robert Koch-Institut (RKI). <a href=\"https:\/\/www.gbe.rki.de\/DE\/Themen\/Gesundheitszustand\/KoerperlicheErkrankungen\/MuskelSkelettErkrankungen\/muskelskeletterkrankungen_node.html\">Muskel-Skelett-Erkrankungen<\/a>.<\/li>\n\n\n\n<li>Robert Koch-Institut (RKI). <a href=\"https:\/\/www.rki.de\/DE\/Aktuelles\/Publikationen\/Journal-of-Health-Monitoring\/GBEDownloadsJ\/JoHM_S3_2021_Rueckenschmerz_Nackenschmerz.html\">Pr\u00e4valenz von R\u00fccken- und Nackenschmerzen in Deutschland. Ergebnisse der Krankheitslast-Studie BURDEN 2020<\/a>.<\/li>\n\n\n\n<li>Bundeszentrale f\u00fcr gesundheitliche Aufkl\u00e4rung (BZgA). Bewegung und R\u00fcckengesundheit.<\/li>\n\n\n\n<li>Deutsche Gesellschaft f\u00fcr Rheumatologie (DGRh). <a href=\"https:\/\/www.dgrh.de\/pressemitteilung\/rheumatische-erkrankungen\/\">Rheumatische Erkrankungen<\/a>.<\/li>\n\n\n\n<li>Deutsche Schmerzgesellschaft. <a href=\"https:\/\/www.schmerzgesellschaft.de\/topnavi\/patienteninformationen\/schmerzerkrankungen\/rueckenschmerzen\">R\u00fcckenschmerzen<\/a>.<\/li>\n<\/ul>\n\n\n\n<p><\/p>\n\n\n\n<h4 class=\"wp-block-heading\"><a name=\"LQ\"><\/a>Literaturquellen<\/h4>\n\n\n\n<ul class=\"wp-block-list\">\n<li>Buchbinder R. <a href=\"https:\/\/onlinelibrary.wiley.com\/doi\/abs\/10.5694\/j.1326-5377.2008.tb02207.x\">Self-management education en masse: effectiveness of the Back Pain: Don\u2019t Take It Lying Down mass media campaign<\/a>. Med J Aust. 2008;189: S29-32. <\/li>\n\n\n\n<li>Woolf AD, Erwin J, March L. <a href=\"https:\/\/www.sciencedirect.com\/science\/article\/abs\/pii\/S1521694212000368?via%3Dihub\">The need to address the burden of musculoskeletal conditions<\/a>. Best Pract Res Clin Rheumatol. 2012;26: 183\u2013224. <\/li>\n\n\n\n<li>Briggs AM, Woolf AD, Dreinh\u00f6fer K, Homb N, Hoy DG, Kopansky-Giles D, et al. <a href=\"https:\/\/pmc.ncbi.nlm.nih.gov\/articles\/PMC5985424\/pdf\/BLT.17.204891.pdf\">Reducing the global burden of musculoskeletal conditions<\/a>. Bull World Health Organ. 2018;96: 366\u2013368. <\/li>\n\n\n\n<li>Compston JE, McClung MR, Leslie WD. <a href=\"https:\/\/www.thelancet.com\/journals\/lancet\/article\/PIIS0140-6736(18)32112-3\/abstract\">Osteoporosis<\/a>. Lancet. 2019;393: 364\u2013376. <\/li>\n\n\n\n<li>Kanis JA, Norton N, Harvey NC, Jacobson T, Johansson H, Lorentzon M, et al. <a href=\"https:\/\/link.springer.com\/article\/10.1007\/s11657-020-00871-9\">SCOPE 2021: a new scorecard for osteoporosis in Europe<\/a>. Arch Osteoporos. 2021;16: 82. <\/li>\n\n\n\n<li>Foster NE, Eriksson L, Deveza L, Hall M. <a href=\"https:\/\/www.oarsijournal.com\/article\/S1063-4584(23)00730-6\/fulltext\">Osteoarthritis year in review 2022: Epidemiology &amp; therapy<\/a>. Osteoarthritis Cartilage. 2023;31: 876\u2013883. <\/li>\n\n\n\n<li>Hunter DJ, Bierma-Zeinstra S. <a href=\"https:\/\/www.thelancet.com\/journals\/lancet\/article\/PIIS0140-6736(19)30417-9\/abstract\">Osteoarthritis<\/a>. Lancet. 2019;393: 1745\u20131759. <\/li>\n\n\n\n<li>Rommel A, von der Lippe E, Pla\u00df D, Wengler A, Anton A, Schmidt C, et al. <a href=\"https:\/\/link.springer.com\/article\/10.1007\/s00103-018-2793-0\">BURDEN 2020-Burden of disease in Germany at the national and regional level<\/a>. Bundesgesundheitsblatt Gesundheitsforschung Gesundheitsschutz. 2018;61: 1159\u20131166. <\/li>\n\n\n\n<li>von der Lippe E, Krause L, Porst M, Wengler A, Leddin J, M\u00fcller A, et al. <a href=\"https:\/\/link.springer.com\/article\/10.1007\/s00103-018-2793-0\">Prevalence of back and neck pain in Germany. Results from the BURDEN 2020 Burden of Disease Study<\/a>. J Health Monit. 2021;6: 2\u201314. <\/li>\n\n\n\n<li>Wu A, March L, Zheng X, Huang J, Wang X, Zhao J, et al. <a href=\"https:\/\/atm.amegroups.org\/article\/view\/38037\/html\">Global low back pain prevalence and years lived with disability from 1990 to 2017: estimates from the Global Burden of Disease Study 2017<\/a>. Ann Transl Med. 2020;8: 299. <\/li>\n\n\n\n<li>Hartvigsen J, Hancock MJ, Kongsted A, Louw Q, Ferreira ML, Genevay S, et al. <a href=\"https:\/\/www.thelancet.com\/journals\/lancet\/article\/PIIS0140-6736(18)30480-X\/abstract\">What low back pain is and why we need to pay attention<\/a>. Lancet. 2018;391: 2356\u20132367. <\/li>\n\n\n\n<li>GBD 2021 Low Back Pain Collaborators. <a href=\"https:\/\/www.thelancet.com\/journals\/lanrhe\/article\/PIIS2665-9913(23)00098-X\/fulltext\">Global, regional, and national burden of low back pain, 1990-2020, its attributable risk factors, and projections to 2050: a systematic analysis of the Global Burden of Disease Study 2021<\/a>. Lancet Rheumatol. 2023;5: e316\u2013e329. <\/li>\n\n\n\n<li>Safiri S, Kolahi A-A, Smith E, Hill C, Bettampadi D, Mansournia MA, et al. <a href=\"https:\/\/ard.eular.org\/article\/S0003-4967(24)01370-0\/abstract\">Global, regional and national burden of osteoarthritis 1990-2017: a systematic analysis of the Global Burden of Disease Study 2017<\/a>. Ann Rheum Dis. 2020;79: 819\u2013828. <\/li>\n\n\n\n<li>Cummings SR, Melton LJ. E<a href=\"https:\/\/www.thelancet.com\/journals\/lancet\/article\/PIIS0140-6736(02)08657-9\/abstract\">pidemiology and outcomes of osteoporotic fractures<\/a>. Lancet. 2002;359: 1761\u20131767. <\/li>\n\n\n\n<li>Frank AO, Maddison PJ. <a href=\"https:\/\/www.sciencedirect.com\/science\/article\/pii\/S1470211824010108?via%3Dihub\">Work and the musculoskeletal conditions<\/a>. Clinical Medicine. 2004;4: 362\u2013365. <\/li>\n<\/ul>\n\n\n\n<figure class=\"wp-block-image size-full\"><img loading=\"lazy\" decoding=\"async\" width=\"645\" height=\"579\" src=\"https:\/\/www.public-health-kompakt.ch\/wp-content\/uploads\/2026\/03\/image-30.png\" alt=\"\" class=\"wp-image-7467\" srcset=\"https:\/\/www.public-health-kompakt.ch\/wp-content\/uploads\/2026\/03\/image-30.png 645w, https:\/\/www.public-health-kompakt.ch\/wp-content\/uploads\/2026\/03\/image-30-300x269.png 300w\" sizes=\"auto, (max-width: 645px) 100vw, 645px\" \/><\/figure>\n\n\n\n<p><strong>Zerlegung der prognostizierten Ver\u00e4nderung der Anzahl pr\u00e4valenter F\u00e4lle von R\u00fcckenschmerzen zwischen 2020 und 2050. <\/strong><br>Quelle: GBD 2021 Low Back Pain Collaborators. <a href=\"https:\/\/www.thelancet.com\/journals\/lanrhe\/article\/PIIS2665-9913(23)00098-X\/fulltext\">Global, regional, and national burden of low back pain, 1990-2020, its attributable risk factors, and projections to 2050: a systematic analysis of the Global Burden of Disease Study 2021<\/a>. Lancet Rheumatol. 2023;5: e316\u2013e329. <\/p>\n\n\n\n<h4 class=\"wp-block-heading\">Kampagne \u00bbBack pain &#8211; don&#8217;t take it lying down\u00ab in Australien<\/h4>\n\n\n\n<p>Im australischen Bundesstaat Viktoria wurde zwischen 1997 und 1999 eine Aufkl\u00e4rungskampagne zum Thema \u00bbBack pain &#8211; don&#8217;t take it lying down\u00ab im Fernsehen durchgef\u00fchrt. Prominente aus Sport, Kultur und Gesundheitswesen erl\u00e4uterten den Zuschauern anhand einfacher Regeln sinnvolles Verhalten beim Auftreten von R\u00fcckenschmerzen.Hier finden Sie einige Videoclips, die im Rahmen dieser Massenmedienkampagne im australischen Fernsehen liefen. <\/p>\n\n\n\n<ul class=\"wp-block-list\">\n<li><a href=\"https:\/\/www.public-health-kompakt.ch\/wp-content\/uploads\/2012\/04\/Film-1-fuer-Kap.-7.3.mpg\">Film 1<\/a><\/li>\n\n\n\n<li><a href=\"https:\/\/www.public-health-kompakt.ch\/wp-content\/uploads\/2012\/04\/Film-2-fuer-Kap.-7.3.mpg\">Film 2 <\/a><\/li>\n\n\n\n<li><a href=\"https:\/\/www.public-health-kompakt.ch\/wp-content\/uploads\/2012\/04\/Film-3-fuer-Kap.-7.3.mpg\">Film 3<\/a><\/li>\n\n\n\n<li><a href=\"https:\/\/www.public-health-kompakt.ch\/wp-content\/uploads\/2012\/04\/Film-4-fuer-Kap.-7.3.mpg\">Film 4 <\/a><\/li>\n\n\n\n<li><a href=\"https:\/\/www.public-health-kompakt.ch\/wp-content\/uploads\/2012\/04\/Film-5-fuer-Kap.-7.3.mpg\">Film 5 <\/a><\/li>\n\n\n\n<li><a href=\"https:\/\/www.public-health-kompakt.ch\/wp-content\/uploads\/2012\/04\/Film-6-fuer-Kap.-7.3.mpg\">Film 6<\/a><\/li>\n\n\n\n<li><a href=\"https:\/\/www.public-health-kompakt.ch\/wp-content\/uploads\/2012\/04\/Film-7-fuer-Kap.-7.3.mpg\">Film 7<\/a><\/li>\n\n\n\n<li><a href=\"https:\/\/www.public-health-kompakt.ch\/wp-content\/uploads\/2012\/04\/Film-8-fuer-Kap.-7.3.mpg\">Film 8<\/a><\/li>\n\n\n\n<li><a href=\"https:\/\/www.public-health-kompakt.ch\/wp-content\/uploads\/2012\/04\/Film-9-fuer-Kap.-7.3.mpg\">Film 9 <\/a><\/li>\n<\/ul>\n\n\n\n<h4 class=\"wp-block-heading\">Lehrb\u00fccher<\/h4>\n\n\n\n<ul class=\"wp-block-list\">\n<li>Symmons DPM. <a href=\"https:\/\/scispace.com\/papers\/1-epidemiologic-concepts-and-classification-of-rheumatic-and-5f7929l73e\">Epidemiologic concepts and the classification of musculoskeletal conditions<\/a>. In: Hochberg MH et al. Rheumatology. Philadelphia: Mosby Elsevier, 2011.<\/li>\n\n\n\n<li>Watts R, editor. <a href=\"https:\/\/clinref.com\/data\/uploads\/books\/OxfordTextbookofRheumatology.pdf\">Oxford textbook of rheumatology<\/a>. Fourth edition. Oxford\u202f; New York, NY, United States of Ameica: Oxford University Press; 2013.<\/li>\n\n\n\n<li>McMahon SB, editor. <a href=\"https:\/\/shop.elsevier.com\/books\/wall-and-melzacks-textbook-of-pain\/mcmahon\/978-0-7020-4059-7\">Wall and Melzack\u2019s textbook of pain<\/a>. 6th ed. Philadelphia, PA: Elsevier\/Saunders; 2013.<\/li>\n<\/ul>\n\n\n\n<p><\/p>\n","protected":false},"excerpt":{"rendered":"<p>Stephan Reichenbach Erkrankungen des Bewegungsapparates umfassen Krankheiten der Gelenke, Knochen und Muskeln und z\u00e4hlen weltweit zu den h\u00e4ufigsten Gesundheitsproblemen. Obwohl sie selten lebensbedrohlich sind, f\u00fchren sie h\u00e4ufig zu Schmerzen, Bewegungseinschr\u00e4nkungen und Funktionsverlust und beeintr\u00e4chtigen damit die Lebensqualit\u00e4t erheblich. Aufgrund ihrer hohen Pr\u00e4valenz verursachen sie eine gro\u00dfe Krankheitslast sowie betr\u00e4chtliche sozio\u00f6konomische Kosten, unter anderem durch Behandlungsaufwand, [&hellip;]<\/p>\n","protected":false},"author":7,"featured_media":0,"parent":27,"menu_order":0,"comment_status":"closed","ping_status":"closed","template":"","meta":{"footnotes":""},"class_list":["post-282","page","type-page","status-publish","hentry"],"blocksy_meta":[],"_links":{"self":[{"href":"https:\/\/www.public-health-kompakt.ch\/index.php\/wp-json\/wp\/v2\/pages\/282","targetHints":{"allow":["GET"]}}],"collection":[{"href":"https:\/\/www.public-health-kompakt.ch\/index.php\/wp-json\/wp\/v2\/pages"}],"about":[{"href":"https:\/\/www.public-health-kompakt.ch\/index.php\/wp-json\/wp\/v2\/types\/page"}],"author":[{"embeddable":true,"href":"https:\/\/www.public-health-kompakt.ch\/index.php\/wp-json\/wp\/v2\/users\/7"}],"replies":[{"embeddable":true,"href":"https:\/\/www.public-health-kompakt.ch\/index.php\/wp-json\/wp\/v2\/comments?post=282"}],"version-history":[{"count":61,"href":"https:\/\/www.public-health-kompakt.ch\/index.php\/wp-json\/wp\/v2\/pages\/282\/revisions"}],"predecessor-version":[{"id":7521,"href":"https:\/\/www.public-health-kompakt.ch\/index.php\/wp-json\/wp\/v2\/pages\/282\/revisions\/7521"}],"up":[{"embeddable":true,"href":"https:\/\/www.public-health-kompakt.ch\/index.php\/wp-json\/wp\/v2\/pages\/27"}],"wp:attachment":[{"href":"https:\/\/www.public-health-kompakt.ch\/index.php\/wp-json\/wp\/v2\/media?parent=282"}],"curies":[{"name":"wp","href":"https:\/\/api.w.org\/{rel}","templated":true}]}}