{"id":29,"date":"2012-03-09T21:06:59","date_gmt":"2012-03-09T21:06:59","guid":{"rendered":"http:\/\/public-health-kompakt.frappant.ch\/?page_id=29"},"modified":"2026-03-31T09:09:04","modified_gmt":"2026-03-31T09:09:04","slug":"kapitel-9","status":"publish","type":"page","link":"https:\/\/www.public-health-kompakt.ch\/index.php\/kapitel-9\/","title":{"rendered":"Kapitel 9 Infektionskrankheiten"},"content":{"rendered":"\n<p><em>Philipp Jent, Heimo Lagler, Christian Gatterer, Christian Althaus, Cornelia Staehelin<\/em><\/p>\n\n\n\n<p>Trotz bedeutender Fortschritte im Bereich der Pr\u00e4vention und der Therapie geh\u00f6ren Infektionen noch immer weltweit zu den wichtigsten Ursachen menschlicher Morbidit\u00e4t und Mortalit\u00e4t. Kapitel 9 gibt einen umfassenden \u00dcberblick \u00fcber Infektionskrankheiten aus epidemiologischer Perspektive. Es erl\u00e4utert grundlegende Konzepte wie Erreger, \u00dcbertragungswege, Infektionsverlauf sowie zentrale Begriffe wie Inkubationszeit, Transmission und Epidemie. Ein besonderer Fokus liegt auf der Dynamik von Infektionen innerhalb von Populationen und der Bedeutung von Umwelt-, sozialen und globalen Faktoren f\u00fcr ihre Verbreitung. Zudem wird die Rolle von Surveillance-Systemen hervorgehoben, die durch nationale und internationale Meldesysteme sowie Sentinel-Netzwerke die Grundlage f\u00fcr Pr\u00e4vention und Kontrolle bilden.<\/p>\n\n\n\n<p>Im zweiten Teil behandelt das Kapitel wichtige Gruppen von Infektionskrankheiten und deren globale Bedeutung, darunter respiratorische Infektionen, vektor\u00fcbertragene Krankheiten, neu auftretende Infektionen sowie nosokomiale Infektionen. Es zeigt, dass Infektionskrankheiten trotz medizinischer Fortschritte weiterhin eine erhebliche Krankheitslast verursachen, insbesondere in L\u00e4ndern mit niedrigem Einkommen, und durch Faktoren wie Klimawandel, Globalisierung und Antibiotikaresistenzen beeinflusst werden. Abschlie\u00dfend werden zentrale Pr\u00e4ventionsstrategien dargestellt, insbesondere Impfungen, Expositionsprophylaxe und Ma\u00dfnahmen im Kontext von Reisen, die entscheidend zur Eind\u00e4mmung von Infektionskrankheiten beitragen.<\/p>\n\n\n\n<p><strong>Auf dieser Seite und den verlinkten Seiten unten finden Sie f\u00fcr jeden Abschnitt Literaturquellen, Hinweise zu empfohlener Vertiefungsliteratur, erg\u00e4nzende Abbildungen sowie weiterf\u00fchrende Internetquellen<\/strong>.<\/p>\n\n\n\n<h4 class=\"wp-block-heading\">Internationale Organisationen<\/h4>\n\n\n\n<ul class=\"wp-block-list\">\n<li>World Health Organization. <a href=\"https:\/\/www.who.int\/data\/gho\">Global Health Observatory<\/a> (Infectious diseases data).<\/li>\n\n\n\n<li>World Health Organization. <a href=\"https:\/\/www.who.int\/teams\/immunization-vaccines-and-biologicals\">Immunization, Vaccines and Biologicals<\/a>.<\/li>\n\n\n\n<li>World Health Organization. <a href=\"https:\/\/www.who.int\/emergencies\/disease-outbreak-news\">Disease Outbreak News (DONs)<\/a>.<\/li>\n<\/ul>\n\n\n\n<figure class=\"wp-block-image size-large\"><img loading=\"lazy\" decoding=\"async\" width=\"1024\" height=\"566\" src=\"https:\/\/www.public-health-kompakt.ch\/wp-content\/uploads\/2026\/03\/grafik-1024x566.png\" alt=\"\" class=\"wp-image-7633\" srcset=\"https:\/\/www.public-health-kompakt.ch\/wp-content\/uploads\/2026\/03\/grafik-1024x566.png 1024w, https:\/\/www.public-health-kompakt.ch\/wp-content\/uploads\/2026\/03\/grafik-300x166.png 300w, https:\/\/www.public-health-kompakt.ch\/wp-content\/uploads\/2026\/03\/grafik-768x425.png 768w, https:\/\/www.public-health-kompakt.ch\/wp-content\/uploads\/2026\/03\/grafik.png 1188w\" sizes=\"auto, (max-width: 1024px) 100vw, 1024px\" \/><\/figure>\n\n\n\n<ul class=\"wp-block-list\">\n<li>World Health Organization. <a href=\"https:\/\/www.who.int\/initiatives\/glass\">Global Antimicrobial Resistance and Use Surveillance System (GLASS)<\/a>.<\/li>\n\n\n\n<li>Global Health Education and Learning Incubator at Harvard University <a href=\"https:\/\/repository.gheli.harvard.edu\/repository\/13482\/\">WHO Fact Sheets: Infectious Diseases<\/a>. <\/li>\n\n\n\n<li>European European Centre for Disease Prevention and Control. <a href=\"https:\/\/www.ecdc.europa.eu\/en\">Home page<\/a>.<\/li>\n\n\n\n<li><a href=\"https:\/\/www.eurosurveillance.org\/\">Eurosurveillance<\/a>. Europe&#8217;s journal on infectious disease surveillance, epidemiology, prevention and control<\/li>\n\n\n\n<li>Joint United Nations Programme on HIV\/AIDS. <a href=\"https:\/\/www.unaids.org\/en\/UNAIDS-global-AIDS-update-2025\">UNAIDS global AIDS update 2025<\/a>.<\/li>\n\n\n\n<li>The Global Fund to Fight AIDS, Tuberculosis and Malaria. <a href=\"https:\/\/www.theglobalfund.org\/en\/\">Homepage<\/a>.<\/li>\n\n\n\n<li>Unicef. <a href=\"https:\/\/www.unicef.org\/immunization\">Immunization<\/a><\/li>\n\n\n\n<li>Institute for Health Metrics and Evaluation. <a href=\"https:\/\/www.healthdata.org\/research-analysis\/gbd\">Global Burden of Disease (GBD)<\/a>.<\/li>\n\n\n\n<li>World Organisation for Animal Health. <a href=\"https:\/\/www.woah.org\/en\/what-we-do\/global-initiatives\/one-health\/\">One Health<\/a>.<\/li>\n\n\n\n<li>Food and Agriculture Organization of the United Nations. <a href=\"https:\/\/www.fao.org\/one-health\/areas-of-work\/zoonoses\/en\">Zoonoses<\/a>.<\/li>\n<\/ul>\n\n\n\n<h4 class=\"wp-block-heading\">Nationale Quellen<\/h4>\n\n\n\n<p><strong>Deutschland<\/strong><\/p>\n\n\n\n<ul class=\"wp-block-list\">\n<li>Robert Koch-Institut. <a href=\"https:\/\/www.rki.de\/DE\/Themen\/Infektionskrankheiten\/infektionskrankheiten-node.html\">Infektionskrankheiten<\/a>.<\/li>\n\n\n\n<li>Robert Koch-Institut. <a href=\"https:\/\/www.rki.de\/DE\/Themen\/Infektionskrankheiten\/Impfen\/Staendige-Impfkommission\/Empfehlungen-der-STIKO\/Empfehlungen\/empfehlungen-node.html\">Empfehlungen der St\u00e4ndigen Impfkommission<\/a>.<\/li>\n\n\n\n<li>Bundeszentrale f\u00fcr gesundheitliche Aufkl\u00e4rung. <a href=\"https:\/\/www.infektionsschutz.de\/\">Infektionsschutz.de Wissen, was sch\u00fctzt<\/a>. <\/li>\n\n\n\n<li>Paul-Ehrlich-Institut. <a href=\"https:\/\/www.pei.de\/DE\/arzneimittel\/impfstoffe\/impfstoffe-node.html\">Impfstoffe f\u00fcr Menschen<\/a>.<\/li>\n\n\n\n<li>Deutsches Zentrum f\u00fcr Infektionsforschung.<a href=\"https:\/\/www.dzif.de\/de\"> Forschung zu Infektionskrankheiten<\/a>.<\/li>\n<\/ul>\n\n\n\n<p><strong>Schweiz<\/strong><\/p>\n\n\n\n<ul class=\"wp-block-list\">\n<li>Bundesamt f\u00fcr Gesundheit. <a href=\"https:\/\/www.bag.admin.ch\/de\/impfungen-prophylaxe\">Impfungen &amp; Prophylaxe<\/a>.<\/li>\n\n\n\n<li>Bundesamt f\u00fcr Gesundheit. <a href=\"https:\/\/www.bag.admin.ch\/de\/uebertragbare-krankheiten\">\u00dcbertragbare Krankheiten<\/a>.<\/li>\n\n\n\n<li>Bundesamt f\u00fcr Gesundheit. <a href=\"https:\/\/www.bag.admin.ch\/de\/aktuelle-ausbrueche-und-epidemien\">Aktuelle Ausbr\u00fcche und Epidemien<\/a>.<\/li>\n\n\n\n<li>Bundesamt f\u00fcr Gesundheit. <a href=\"https:\/\/www.bag.admin.ch\/de\/gesetzgebung-ubertragbare-krankheiten-epidemiengesetz-epg\">Gesetzgebung \u00dcbertragbare Krankheiten \u2013 Epidemiengesetz (EpG)<\/a>.<\/li>\n\n\n\n<li>Eidgen\u00f6ssische Kommission f\u00fcr Impffragen. <a href=\"https:\/\/www.bag.admin.ch\/de\/ekif-impfempfehlungen\">Impfempfehlungen<\/a>.<\/li>\n\n\n\n<li>Swissnoso. <a href=\"https:\/\/www.swissnoso.ch\/\">Nationales Zentrum f\u00fcr Infektionspr\u00e4vention<\/a>. <\/li>\n\n\n\n<li>Sentinella-System. <a href=\"https:\/\/www.sentinella.ch\/de\/info\">Das Sentinella-Meldesystem<\/a>.<\/li>\n<\/ul>\n\n\n\n<p><strong>\u00d6sterreich<\/strong><\/p>\n\n\n\n<ul class=\"wp-block-list\">\n<li>Agentur f\u00fcr Gesundheit und Ern\u00e4hrungssicherheit (AGES). <a href=\"https:\/\/www.ages.at\/mensch\/krankheit\/ages-radar-fuer-infektionskrankheiten?sword_list%5B0%5D=infektionskrankheiten&amp;no_cache=1\">AGES-Radar f\u00fcr Infektionskrankheiten<\/a>.<\/li>\n\n\n\n<li>Bundesministerium f\u00fcr Soziales, Gesundheit, Pflege und Konsumentenschutz. <a href=\"https:\/\/www.sozialministerium.gv.at\/Themen\/Gesundheit\/Uebertragbare-Krankheiten.html\">\u00dcbertragbare Krankheiten<\/a>.<\/li>\n\n\n\n<li>Bundesministerium Arbeit, Soziales, Gesundheit, Pflege und Konsumentenschutz. <a href=\"https:\/\/www.sozialministerium.gv.at\/Themen\/Gesundheit\/Impfen.html\">Impfen<\/a>.<\/li>\n\n\n\n<li>Bundesministerium Arbeit, Soziales, Gesundheit, Pflege und Konsumentenschutz. <a href=\"https:\/\/www.sozialministerium.gv.at\/Themen\/Gesundheit\/Uebertragbare-Krankheiten\/Rechtliches.html\">Meldung \u00fcbertragbarer Krankheiten und rechtliche Grundlagen<\/a>.<\/li>\n<\/ul>\n\n\n\n<p><strong>USA<\/strong><\/p>\n\n\n\n<ul class=\"wp-block-list\">\n<li>Centers for Disease Control and Prevention. <a href=\"https:\/\/www.cdc.gov\/\">Homepage<\/a>.<\/li>\n<\/ul>\n\n\n\n<p><strong>Links zu den Seiten der Unterkapitel<\/strong><\/p>\n\n\n\n<ul class=\"wp-block-list\">\n<li><a href=\"https:\/\/www.public-health-kompakt.ch\/index.php\/kapitel-9\/kap-9-1-infektionskrankheiten-allgemeine-konzepte\/\">Kap. 9.1 Allgemeine Konzepte<\/a><\/li>\n\n\n\n<li><a href=\"https:\/\/www.public-health-kompakt.ch\/index.php\/kapitel-9\/kap-9-2-infektionskrankheiten-uberwachung\/\">Kap. 9.2 \u00dcberwachung<\/a><\/li>\n\n\n\n<li><a href=\"https:\/\/www.public-health-kompakt.ch\/index.php\/kapitel-9\/kap-9-3-infektionskrankheiten-epidemiologie-wichtiger-infektionskrankheiten\/\">Kap. 9.3 Epidemiologie wichtiger Infektionskrankheiten<\/a><\/li>\n\n\n\n<li><a href=\"https:\/\/www.public-health-kompakt.ch\/index.php\/kapitel-9\/kap-9-4-infektionskrankheiten-impfungen-und-andere-praventive-masnahmen\/\">Kap. 9.4 Impfungen und andere pr\u00e4ventive Masnahmen<\/a><\/li>\n<\/ul>\n\n\n\n<p><\/p>\n","protected":false},"excerpt":{"rendered":"<p>Philipp Jent, Heimo Lagler, Christian Gatterer, Christian Althaus, Cornelia Staehelin Trotz bedeutender Fortschritte im Bereich der Pr\u00e4vention und der Therapie geh\u00f6ren Infektionen noch immer weltweit zu den wichtigsten Ursachen menschlicher Morbidit\u00e4t und Mortalit\u00e4t. Kapitel 9 gibt einen umfassenden \u00dcberblick \u00fcber Infektionskrankheiten aus epidemiologischer Perspektive. Es erl\u00e4utert grundlegende Konzepte wie Erreger, \u00dcbertragungswege, Infektionsverlauf sowie zentrale Begriffe [&hellip;]<\/p>\n","protected":false},"author":7,"featured_media":0,"parent":0,"menu_order":9,"comment_status":"closed","ping_status":"closed","template":"","meta":{"footnotes":""},"class_list":["post-29","page","type-page","status-publish","hentry"],"blocksy_meta":[],"_links":{"self":[{"href":"https:\/\/www.public-health-kompakt.ch\/index.php\/wp-json\/wp\/v2\/pages\/29","targetHints":{"allow":["GET"]}}],"collection":[{"href":"https:\/\/www.public-health-kompakt.ch\/index.php\/wp-json\/wp\/v2\/pages"}],"about":[{"href":"https:\/\/www.public-health-kompakt.ch\/index.php\/wp-json\/wp\/v2\/types\/page"}],"author":[{"embeddable":true,"href":"https:\/\/www.public-health-kompakt.ch\/index.php\/wp-json\/wp\/v2\/users\/7"}],"replies":[{"embeddable":true,"href":"https:\/\/www.public-health-kompakt.ch\/index.php\/wp-json\/wp\/v2\/comments?post=29"}],"version-history":[{"count":34,"href":"https:\/\/www.public-health-kompakt.ch\/index.php\/wp-json\/wp\/v2\/pages\/29\/revisions"}],"predecessor-version":[{"id":7687,"href":"https:\/\/www.public-health-kompakt.ch\/index.php\/wp-json\/wp\/v2\/pages\/29\/revisions\/7687"}],"wp:attachment":[{"href":"https:\/\/www.public-health-kompakt.ch\/index.php\/wp-json\/wp\/v2\/media?parent=29"}],"curies":[{"name":"wp","href":"https:\/\/api.w.org\/{rel}","templated":true}]}}