{"id":304,"date":"2012-04-17T15:51:41","date_gmt":"2012-04-17T15:51:41","guid":{"rendered":"http:\/\/public-health-kompakt.frappant.ch\/?page_id=304"},"modified":"2026-03-31T07:08:57","modified_gmt":"2026-03-31T07:08:57","slug":"kap-8-8","status":"publish","type":"page","link":"https:\/\/www.public-health-kompakt.ch\/index.php\/kapitel-8\/kap-8-8\/","title":{"rendered":"Kap. 8.8 Public Mental Health"},"content":{"rendered":"\n<p><em>Thomas Niederkrotenthaler, Benedikt Till<\/em><\/p>\n\n\n\n<blockquote class=\"wp-block-quote is-style-plain is-layout-flow wp-block-quote-is-layout-flow\">\n<p>Public Mental Health befasst sich mit der F\u00f6rderung psychischer Gesundheit, der Pr\u00e4vention psychischer Erkrankungen sowie der Verbesserung der Versorgung und Teilhabe von Menschen mit psychischen Beeintr\u00e4chtigungen auf Bev\u00f6lkerungsebene. Psychische Gesundheit wird dabei nicht nur als Abwesenheit von Krankheit verstanden, sondern als Zustand des Wohlbefindens, in dem Menschen ihre F\u00e4higkeiten entfalten, mit Alltagsbelastungen umgehen und produktiv am gesellschaftlichen Leben teilnehmen k\u00f6nnen.<\/p>\n\n\n\n<p>Psychische Erkrankungen sind h\u00e4ufige Ursachen f\u00fcr Krankheitslast und beeintr\u00e4chtigte Lebensqualit\u00e4t. Depressionen, Angstst\u00f6rungen und Suchterkrankungen tragen erheblich zu verlorenen gesunden Lebensjahren (DALYs) bei und sind oft mit somatischen Erkrankungen, sozialer Ausgrenzung und erh\u00f6hter Mortalit\u00e4t assoziiert. Die Entstehung psychischer Erkrankungen wird durch ein komplexes Zusammenspiel biologischer, psychologischer und sozialer Faktoren beeinflusst, darunter soziale Ungleichheit, Arbeitsbedingungen, Bildung, fr\u00fche Lebensphasen sowie belastende Lebensereignisse.<\/p>\n\n\n\n<p>Public Mental Health verfolgt daher einen interdisziplin\u00e4ren und lebensverlaufsorientierten Ansatz. Neben individueller Pr\u00e4vention spielen bev\u00f6lkerungsbezogene Strategien eine zentrale Rolle, etwa die Verbesserung sozialer Rahmenbedingungen, der Abbau von Stigmatisierung sowie die F\u00f6rderung psychischer Gesundheit in Settings wie Schule, Arbeitsplatz und Gemeinde. Dar\u00fcber hinaus sind eine bedarfsgerechte Versorgung, Fr\u00fcherkennung und der gleichberechtigte Zugang zu Unterst\u00fctzungsangeboten entscheidend. Psychische Gesundheit ist ein zentrales Public-Health-Thema, dessen F\u00f6rderung nicht allein Aufgabe des Gesundheitssystems ist, sondern eine gesamtgesellschaftliche Verantwortung darstellt.<\/p>\n<\/blockquote>\n\n\n\n<h4 class=\"wp-block-heading\">Internationale Organisationen<\/h4>\n\n\n\n<ul class=\"wp-block-list\">\n<li>World Health Organization (WHO). <a href=\"https:\/\/www.who.int\/health-topics\/mental-health#tab=tab_1\">Mental health<\/a>.<\/li>\n\n\n\n<li>World Health Organization (WHO). <a href=\"https:\/\/www.who.int\/publications\/i\/item\/9789240031029\">Comprehensive Mental Health Action Plan 2013-2030<\/a>.<\/li>\n\n\n\n<li>World Health Organization (WHO). <a href=\"https:\/\/www.who.int\/news-room\/fact-sheets\/detail\/suicide\">Suicide<\/a>.<\/li>\n\n\n\n<li>World Health Organization (WHO). <a href=\"https:\/\/www.who.int\/publications\/b\/57934\">Comprehensive mental health service networks<\/a>.<\/li>\n\n\n\n<li>World Health Organization (WHO). <a href=\"https:\/\/www.who.int\/standards\/classifications\/classification-of-diseases\">International Classification of Diseases (ICD)<\/a>.<\/li>\n\n\n\n<li>World Health Organization (WHO). <a href=\"https:\/\/www.who.int\/westernpacific\/teams\/division-of-programmes-for-disease-control\/mental-health-and-substance-use\">Mental Health and Substance Use<\/a>.<\/li>\n\n\n\n<li>World Federation for Mental Health (WFMH). <a href=\"https:\/\/wfmh.global\/\">Homepage<\/a>. <\/li>\n\n\n\n<li>United for Global Mental Health. <a href=\"https:\/\/unitedgmh.org\/\">Homepage<\/a>. <\/li>\n\n\n\n<li>International Association for Suicide Prevention (IASP). <a href=\"https:\/\/www.iasp.info\/\">Homepage<\/a>. <\/li>\n\n\n\n<li>Mental Health Europe. <a href=\"https:\/\/www.mentalhealtheurope.org\/\">Homepage<\/a>.<\/li>\n\n\n\n<li>OECD &amp; European Union. <a href=\"https:\/\/www.oecd.org\/en\/publications\/health-at-a-glance-europe-2022_507433b0-en\/full-report\/component-5.html#introduction-d5e10773\">Health at a Glance: Europe 2022<\/a>.<\/li>\n<\/ul>\n\n\n\n<figure class=\"wp-block-image size-large\"><img loading=\"lazy\" decoding=\"async\" width=\"1024\" height=\"679\" src=\"https:\/\/www.public-health-kompakt.ch\/wp-content\/uploads\/2026\/03\/image-34-1024x679.png\" alt=\"\" class=\"wp-image-7544\" srcset=\"https:\/\/www.public-health-kompakt.ch\/wp-content\/uploads\/2026\/03\/image-34-1024x679.png 1024w, https:\/\/www.public-health-kompakt.ch\/wp-content\/uploads\/2026\/03\/image-34-300x199.png 300w, https:\/\/www.public-health-kompakt.ch\/wp-content\/uploads\/2026\/03\/image-34-768x509.png 768w, https:\/\/www.public-health-kompakt.ch\/wp-content\/uploads\/2026\/03\/image-34.png 1316w\" sizes=\"auto, (max-width: 1024px) 100vw, 1024px\" \/><\/figure>\n\n\n\n<p>Quelle: OECD &amp; European Union. <a href=\"https:\/\/www.oecd.org\/en\/publications\/health-at-a-glance-europe-2022_507433b0-en\/full-report\/component-5.html#introduction-d5e10773\">Health at a Glance: Europe 2022<\/a>.<\/p>\n\n\n\n<h4 class=\"wp-block-heading\">Nationale Quellen<\/h4>\n\n\n\n<ul class=\"wp-block-list\">\n<li>Bundesamt f\u00fcr Gesundheit (BAG). <a href=\"https:\/\/www.bag.admin.ch\/de\/psychische-gesundheit\">Psychische Gesundheit<\/a>.<\/li>\n\n\n\n<li>Bundesamt f\u00fcr Gesundheit (BAG). <a href=\"https:\/\/www.bfs.admin.ch\/asset\/de\/9687274\">Suizidgedanken und Suizidversuche in der Schweizer Bev\u00f6lkerung<\/a>.<\/li>\n\n\n\n<li>Obsan (Schweizerisches Gesundheitsobservatorium). <a href=\"https:\/\/www.obsan.admin.ch\/de\/publikationen\/2025-nationaler-gesundheitsbericht\">Psychische Gesundheit in der Schweiz: Entwicklung, F\u00f6rderung, Pr\u00e4vention und Versorgung<\/a>.<\/li>\n\n\n\n<li>Gesundheitsf\u00f6rderung Schweiz. <a href=\"https:\/\/gesundheitsfoerderung.ch\/kantonale-aktionsprogramme\/themen-und-publikationen\/themen\/psychische-gesundheit-foerdern\">F\u00f6rderung der psychischen Gesundheit<\/a>.<\/li>\n\n\n\n<li>Pro Mente Sana. <a href=\"https:\/\/promentesana.ch\/\">Psychische Gesundheit st\u00e4rken<\/a>.<\/li>\n\n\n\n<li>Gesundheit \u00d6sterreich. <a href=\"https:\/\/www.gesundheit.gv.at\/leben\/psyche-seele\/praevention\/seelisches-gleichgewicht-bewahren.html\">Psychische Gesundheit: In Balance bleiben<\/a>.<\/li>\n\n\n\n<li>Fonds Gesundes \u00d6sterreich. <a href=\"https:\/\/fgoe.org\/psychosoziale_gesundheit_kinder_jugendliche\">Psychosoziale Gesundheit von Kindern, Jugendlichen und jungen Erwachsenen<\/a>.<\/li>\n\n\n\n<li>pro mente Austria. <a href=\"https:\/\/www.promenteaustria.at\/\">Homepage<\/a>.<\/li>\n\n\n\n<li>\u00d6sterreichische Gesellschaft f\u00fcr Psychiatrie, Psychotherapie und Psychosomatik. <a href=\"https:\/\/oegpp.at\/\">Homepage<\/a>.<\/li>\n\n\n\n<li>Robert Koch-Institut (RKI). <a href=\"https:\/\/www.rki.de\/DE\/Themen\/Nichtuebertragbare-Krankheiten\/Psychische-Gesundheit\/Psychische-Gesundheit-und-Stoerungen\/EBH_Bericht_Psyschiche_Gesundheit.pdf?__blob=publicationFile&amp;v=1\">Psychischen Gesundheit in Deutschland Teil 1: Erwachsene<\/a>.   <a href=\"https:\/\/www.rki.de\/DE\/Themen\/Nichtuebertragbare-Krankheiten\/Psychische-Gesundheit\/Psychische-Gesundheit-und-Stoerungen\/EBH_Bericht_Psyschiche_Gesundheit-Teil2.pdf?__blob=publicationFile&amp;v=1\">Teil 2: Kindes- und Jugendalter<\/a><\/li>\n\n\n\n<li>Deutsche Gesellschaft f\u00fcr Psychiatrie und Psychotherapie, Psychosomatik und Nervenheilkunde (DGPPN). <a href=\"https:\/\/www.dgppn.de\/publikationen\/leitlinien.html\">Leitlinien<\/a>.<\/li>\n\n\n\n<li>Stiftung Deutsche Depressionshilfe und Suizidpr\u00e4vention. <a href=\"https:\/\/www.deutsche-depressionshilfe.de\/\">Infos und Hilfe bei Depression<\/a>.<\/li>\n\n\n\n<li>Statistisches Bundesamt. <a href=\"https:\/\/www.destatis.de\/DE\/Themen\/Gesellschaft-Umwelt\/Gesundheit\/Todesursachen\/Tabellen\/suizide.html\">Suizide in Deutschland<\/a>.<\/li>\n\n\n\n<li>Deutsche Gesellschaft f\u00fcr Public Health (DGPH). <a href=\"https:\/\/www.dgph.info\/en\/sections-and-workgroups\/public-mental-health\/\">Public Mental Health<\/a>.<\/li>\n<\/ul>\n\n\n\n<h4 class=\"wp-block-heading\"><a name=\"LQ\"><\/a>Literaturquellen<\/h4>\n\n\n\n<ul class=\"wp-block-list\">\n<li>American Psychiatric Association (APA). <a href=\"https:\/\/psycnet.apa.org\/record\/2013-14907-000\">Diagnostic and statistical manual of mental disorders: DSM-5\u2122, 5th ed.<\/a><\/li>\n\n\n\n<li>GBD 2019 Diseases and Injuries Collaborators. <a href=\"https:\/\/www.thelancet.com\/journals\/lancet\/article\/PIIS0140-6736(20)30925-9\/fulltext\">Global burden of 369 diseases and injuries in 204 countries and territories, 1990-2019: a systematic analysis for the Global Burden of Disease Study 2019<\/a>. Lancet. 2020;396: 1204\u20131222. <\/li>\n\n\n\n<li>Wittchen HU, Jacobi F, Rehm J, Gustavsson A, Svensson M, J\u00f6nsson B, et al. <a href=\"https:\/\/www.sciencedirect.com\/science\/article\/abs\/pii\/S0924977X11001726?via%3Dihub\">The size and burden of mental disorders and other disorders of the brain in Europe 2010<\/a>. Eur Neuropsychopharmacol. 2011;21: 655\u2013679. <\/li>\n\n\n\n<li>Reisch T, Michel K. <a href=\"https:\/\/onlinelibrary.wiley.com\/doi\/10.1521\/suli.2005.35.4.460\">Securing a suicide hot spot: effects of a safety net at the Bern Muenster Terrace<\/a>. Suicide Life Threat Behav. 2005;35: 460\u2013467. <\/li>\n\n\n\n<li>Hegerl U, Althaus D, Schmidtke A, Niklewski G. <a href=\"https:\/\/www.cambridge.org\/core\/journals\/psychological-medicine\/article\/abs\/alliance-against-depression-2year-evaluation-of-a-communitybased-intervention-to-reduce-suicidality\/BE44AF0FC2227D3FC6004945F5E5486D\">The alliance against depression: 2-year evaluation of a community-based intervention to reduce suicidality<\/a>. Psychol Med. 2006;36: 1225\u20131233. <\/li>\n\n\n\n<li>Chesney E, Goodwin GM, Fazel S. <a href=\"https:\/\/onlinelibrary.wiley.com\/doi\/10.1002\/wps.20128\">Risks of all-cause and suicide mortality in mental disorders: a meta-review<\/a>. World Psychiatry. 2014;13: 153\u2013160. <\/li>\n\n\n\n<li>COVID-19 Mental Disorders Collaborators. <a href=\"https:\/\/www.thelancet.com\/journals\/lancet\/article\/PIIS0140-6736(21)02143-7\/fulltext\">Global prevalence and burden of depressive and anxiety disorders in 204 countries and territories in 2020 due to the COVID-19 pandemic<\/a>. Lancet. 2021;398: 1700\u20131712. <\/li>\n\n\n\n<li>Wittchen H-U, Jacobi F. S<a href=\"https:\/\/www.sciencedirect.com\/science\/article\/abs\/pii\/S0924977X05000751?via%3Dihub\">ize and burden of mental disorders in Europe&#8211;a critical review and appraisal of 27 studies<\/a>. Eur Neuropsychopharmacol. 2005;15: 357\u2013376. <\/li>\n\n\n\n<li>Prince M, Patel V, Saxena S, Maj M, Maselko J, Phillips MR, et al. <a href=\"https:\/\/www.thelancet.com\/journals\/lancet\/article\/PIIS0140-6736(07)61238-0\/abstract\">No health without mental health<\/a>. Lancet. 2007;370: 859\u2013877. <\/li>\n\n\n\n<li>Walker ER, McGee RE, Druss BG. <a href=\"https:\/\/jamanetwork.com\/journals\/jamapsychiatry\/fullarticle\/2110027\">Mortality in mental disorders and global disease burden implications: a systematic review and meta-analysis<\/a>. JAMA Psychiatry. 2015;72: 334\u2013341. <\/li>\n\n\n\n<li>Whiteford HA, Degenhardt L, Rehm J, Baxter AJ, Ferrari AJ, Erskine HE, et al. <a href=\"https:\/\/www.thelancet.com\/journals\/lancet\/article\/PIIS0140-6736(13)61611-6\/abstract\">Global burden of disease attributable to mental and substance use disorders: findings from the Global Burden of Disease Study 2010<\/a>. Lancet. 2013;382: 1575\u20131586. <\/li>\n<\/ul>\n\n\n\n<h4 class=\"wp-block-heading\"><a name=\"ZT\"><\/a>Zus\u00e4tzliche Tabelle<\/h4>\n\n\n\n<p><em>&nbsp;<\/em><strong>Web-Tab.<\/strong>&nbsp;Zusammenhang zwischen Bildungsniveau und psychischer Belastung&nbsp;in der Schweiz, unterschieden nach Geschlecht und Alter. Die Prozentzahlen geben den Anteil der M\u00e4nner bzw. Frauen in der jeweiligen Altersgruppe an, der sich als psychisch belastet beschreibt.<\/p>\n\n\n\n<figure class=\"wp-block-image aligncenter\"><a href=\"https:\/\/www.public-health-kompakt.ch\/wp-content\/uploads\/2012\/04\/Web.Tab_.7.7.1.png\"><img decoding=\"async\" src=\"https:\/\/www.public-health-kompakt.ch\/wp-content\/uploads\/2012\/04\/Web.Tab_.7.7.1.png\" alt=\"\" class=\"wp-image-308\" title=\"Web.Tab.7.7.1\"\/><\/a><\/figure>\n\n\n\n<p>                      Quelle: Schweizer Gesundheitsbefragung 2007. <\/p>\n\n\n\n<h4 class=\"wp-block-heading\">Lehrb\u00fccher<\/h4>\n\n\n\n<ul class=\"wp-block-list\">\n<li>Bhugra D, Bhui KS, Wong SYS, Gilman SE, editors. <a href=\"https:\/\/global.oup.com\/academic\/product\/oxford-textbook-of-public-mental-health-9780198792994\">Oxford textbook of public mental health<\/a>. Oxford: Oxford University Press; 2018.<\/li>\n\n\n\n<li>Vogel DL, Wade NG, editors. <a href=\"https:\/\/assets.cambridge.org\/97811088\/43904\/frontmatter\/9781108843904_frontmatter.pdf\">The Cambridge handbook of stigma and mental health. 1 Edition<\/a>. New York, NY: Cambridge University Press; 2022.<\/li>\n\n\n\n<li>Scheid TL, Brown TN, editors. <a href=\"https:\/\/www.cambridge.org\/core\/books\/handbook-for-the-study-of-mental-health\/671E9F077EB410367F3AC3F9EAAC1B52\">A handbook for the study of mental health: social contexts, theories, and systems<\/a>. Second edition. Cambridge: Cambridge University Press; 2010. <\/li>\n<\/ul>\n\n\n\n<p><\/p>\n","protected":false},"excerpt":{"rendered":"<p>Thomas Niederkrotenthaler, Benedikt Till Public Mental Health befasst sich mit der F\u00f6rderung psychischer Gesundheit, der Pr\u00e4vention psychischer Erkrankungen sowie der Verbesserung der Versorgung und Teilhabe von Menschen mit psychischen Beeintr\u00e4chtigungen auf Bev\u00f6lkerungsebene. Psychische Gesundheit wird dabei nicht nur als Abwesenheit von Krankheit verstanden, sondern als Zustand des Wohlbefindens, in dem Menschen ihre F\u00e4higkeiten entfalten, mit [&hellip;]<\/p>\n","protected":false},"author":7,"featured_media":0,"parent":27,"menu_order":0,"comment_status":"closed","ping_status":"closed","template":"","meta":{"footnotes":""},"class_list":["post-304","page","type-page","status-publish","hentry"],"blocksy_meta":[],"_links":{"self":[{"href":"https:\/\/www.public-health-kompakt.ch\/index.php\/wp-json\/wp\/v2\/pages\/304","targetHints":{"allow":["GET"]}}],"collection":[{"href":"https:\/\/www.public-health-kompakt.ch\/index.php\/wp-json\/wp\/v2\/pages"}],"about":[{"href":"https:\/\/www.public-health-kompakt.ch\/index.php\/wp-json\/wp\/v2\/types\/page"}],"author":[{"embeddable":true,"href":"https:\/\/www.public-health-kompakt.ch\/index.php\/wp-json\/wp\/v2\/users\/7"}],"replies":[{"embeddable":true,"href":"https:\/\/www.public-health-kompakt.ch\/index.php\/wp-json\/wp\/v2\/comments?post=304"}],"version-history":[{"count":81,"href":"https:\/\/www.public-health-kompakt.ch\/index.php\/wp-json\/wp\/v2\/pages\/304\/revisions"}],"predecessor-version":[{"id":7575,"href":"https:\/\/www.public-health-kompakt.ch\/index.php\/wp-json\/wp\/v2\/pages\/304\/revisions\/7575"}],"up":[{"embeddable":true,"href":"https:\/\/www.public-health-kompakt.ch\/index.php\/wp-json\/wp\/v2\/pages\/27"}],"wp:attachment":[{"href":"https:\/\/www.public-health-kompakt.ch\/index.php\/wp-json\/wp\/v2\/media?parent=304"}],"curies":[{"name":"wp","href":"https:\/\/api.w.org\/{rel}","templated":true}]}}