{"id":31,"date":"2012-03-09T21:07:10","date_gmt":"2012-03-09T21:07:10","guid":{"rendered":"http:\/\/public-health-kompakt.frappant.ch\/?page_id=31"},"modified":"2026-04-02T11:30:33","modified_gmt":"2026-04-02T11:30:33","slug":"kapitel-10","status":"publish","type":"page","link":"https:\/\/www.public-health-kompakt.ch\/index.php\/kapitel-10\/","title":{"rendered":"Kapitel 10 Globale Gesundheit"},"content":{"rendered":"\n<p><em>Matthias Egger, Franziska Krampe, Oliver Razum<\/em><\/p>\n\n\n\n<blockquote class=\"wp-block-quote is-style-plain is-layout-flow wp-block-quote-is-layout-flow\">\n<p>Durch die Globalisierung werden wir zunehmend mit Problemen konfrontiert, die die Landesgrenzen \u00fcberschreiten. Auch viele gesundheitspolitische Entscheidungen werden heute auf europ\u00e4ischer Ebene oder unter der Mitarbeit internationaler Organisationen getroffen. In diesem Kapitel betrachten wir Gesundheitsindikatoren sowie Krankheits- und Todesursachen im Hinblick auf das Bev\u00f6lkerungseinkommen und die Entwicklung in verschiedenen L\u00e4ndern. Wir analysieren die wichtigsten Faktoren, die die Gesundheit der Menschen in L\u00e4ndern mit hohen und niedrigen Einkommen beeinflussen und besch\u00e4ftigen uns schlie\u00dflich mit den Strategien und Akteuren, welche die Globale Gesundheit heute pr\u00e4gen.<\/p>\n<\/blockquote>\n\n\n\n<p><strong>Auf dieser Seite finden Sie die in diesem Kapitel verwendeten Literaturquellen, Hinweise zu empfohlener Vertiefungsliteratur, erg\u00e4nzende Abbildungen und Tabellen sowie weiterf\u00fchrende Internetquellen zum Thema.<\/strong><\/p>\n\n\n\n<h4 class=\"wp-block-heading\">10.1 Internationale Vergleiche<\/h4>\n\n\n\n<p>Gesundheitsindikatoren wie Lebenserwartung, Kindersterblichkeit oder Krankheitslast unterscheiden sich stark zwischen L\u00e4ndern. Solche Vergleiche machen globale Ungleichheiten sichtbar \u2013 und zeigen, wo Fortschritte erzielt wurden und wo Belastungen besonders hoch bleiben. F\u00fcr internationale Vergleiche werden L\u00e4nder h\u00e4ufig nach Einkommensgruppen der Weltbank und nach Entwicklungsstatus der Vereinten Nationen klassifiziert. Einkommen und Entwicklung h\u00e4ngen zusammen, sind aber nicht identisch.<\/p>\n\n\n\n<ul class=\"wp-block-list\">\n<li>The World Bank. <a href=\"https:\/\/datahelpdesk.worldbank.org\/knowledgebase\/articles\/378834-how-does-the-world-bank-classify-countries\">How does the World Bank classify countries?<\/a><\/li>\n\n\n\n<li>UN Trade and Development (UNCTAD). <a href=\"https:\/\/unctad.org\/topic\/least-developed-countries\/list\">UN list of least developed countries<\/a>.<\/li>\n\n\n\n<li>World Bank data portal for countries and economies. <a href=\"https:\/\/data.worldbank.org\/topic\/health\">Browse World Development Health Indicators<\/a>.<\/li>\n\n\n\n<li>World Health Organization (WHO). <a href=\"https:\/\/data.who.int\/countries\/\">Countries<\/a>  <a href=\"https:\/\/data.who.int\/indicators\">Indicators<\/a>.<\/li>\n\n\n\n<li>Institute of Health Metrics and Evaluation. <a href=\"https:\/\/vizhub.healthdata.org\/gbd-compare\/\">Interactive data visuals. VizHub &#8211; GBD Compare<\/a>.<\/li>\n\n\n\n<li>Our World in Data. <a href=\"https:\/\/ourworldindata.org\/\">Research and data to make progress against the world\u2019s largest problems<\/a>.<\/li>\n\n\n\n<li>National Cancer Institute. <a href=\"https:\/\/seer.cancer.gov\/stdpopulations\/world.who.html\">World (WHO 2000-2025) Standard Population<\/a>.<\/li>\n<\/ul>\n\n\n\n<figure class=\"wp-block-image size-full is-resized\"><img loading=\"lazy\" decoding=\"async\" width=\"839\" height=\"626\" src=\"https:\/\/www.public-health-kompakt.ch\/wp-content\/uploads\/2026\/04\/grafik.png\" alt=\"\" class=\"wp-image-7751\" style=\"width:689px;height:auto\" srcset=\"https:\/\/www.public-health-kompakt.ch\/wp-content\/uploads\/2026\/04\/grafik.png 839w, https:\/\/www.public-health-kompakt.ch\/wp-content\/uploads\/2026\/04\/grafik-300x224.png 300w, https:\/\/www.public-health-kompakt.ch\/wp-content\/uploads\/2026\/04\/grafik-768x573.png 768w\" sizes=\"auto, (max-width: 839px) 100vw, 839px\" \/><\/figure>\n\n\n\n<h4 class=\"wp-block-heading\">10.2 Determinanten der globalen Gesundheit<\/h4>\n\n\n\n<p>Globale Gesundheitsunterschiede entstehen nicht zuf\u00e4llig. Sie h\u00e4ngen eng mit Armut, Ern\u00e4hrung, Bildung, Geschlechterverh\u00e4ltnissen, Konflikten, Umweltver\u00e4nderungen, Migration und Pandemien zusammen. Armut erh\u00f6ht Gesundheitsrisiken und erschwert den Zugang zur Versorgung, w\u00e4hrend Krankheit Armut weiter versch\u00e4rfen kann. Mangelern\u00e4hrung schw\u00e4cht die Abwehrkr\u00e4fte und tr\u00e4gt wesentlich zur Kindersterblichkeit bei. Bildung beeinflusst Gesundheit \u00fcber Wissen, Einkommen, Lebensbedingungen und Teilhabe; besonders wichtig ist die Bildung von M\u00e4dchen und Frauen. Auch Geschlechterungleichheit pr\u00e4gt Gesundheit, etwa \u00fcber Bildungschancen, Einkommen, reproduktive Gesundheit und den Zugang zur Versorgung. Kriege verursachen nicht nur Verletzungen und Todesf\u00e4lle, sondern zerst\u00f6ren auch Gesundheitssysteme und Infrastruktur. Klimawandel, Wasserknappheit und Biodiversit\u00e4tsverlust belasten die Gesundheit zus\u00e4tzlich. Migration kann anfangs mit gesundheitlichen Vorteilen verbunden sein, doch Diskriminierung und prek\u00e4re Lebensbedingungen k\u00f6nnen diese wieder aufheben. Die Covid-19-Pandemie hat schlie\u00dflich die Verletzlichkeit von Gesundheitssystemen und die globale Ungleichheit beim Zugang zu Impfstoffen besonders deutlich gemacht.<\/p>\n\n\n\n<ul class=\"wp-block-list\">\n<li>UN Department of Economic and Social Affairs. <a href=\"https:\/\/sdgs.un.org\/topics\/poverty-eradication\">Poverty eradication<\/a>.<\/li>\n\n\n\n<li>UNICEF DATA. <a href=\"https:\/\/data.unicef.org\/topic\/nutrition\/malnutrition\/\">Malnutrition in Children<\/a>.<\/li>\n\n\n\n<li>UNICEF \/ WHO \/ World Bank Group. <a href=\"https:\/\/www.who.int\/publications\/b\/78252\">Joint Child Malnutrition Estimates<\/a>.<\/li>\n\n\n\n<li>ETH Z\u00fcrich. <a href=\"https:\/\/icr.ethz.ch\/\">International Conflict Research<\/a>. <\/li>\n\n\n\n<li>Heidelberger Institut f\u00fcr Internationale Konfliktforschung. <a href=\"https:\/\/hiik.de\/\">Konfliktbarometer 2024<\/a>.<\/li>\n\n\n\n<li>UNHCR. <a href=\"https:\/\/www.unhcr.org\/global-trends\">Global Trends on forced displacement.<\/a><\/li>\n\n\n\n<li>The Intergovernmental Panel on Climate Change (IPCC). <a href=\"https:\/\/www.ipcc.ch\/\">Homepage<\/a>  <a href=\"https:\/\/www.ipcc.ch\/synthesis-report\/\">Synthesis Report<\/a>.<\/li>\n\n\n\n<li>IPCC Sixth Assessment Report. <a href=\"https:\/\/www.ipcc.ch\/report\/ar6\/wg2\/chapter\/chapter-7\/\">Chapter 7: Health, Wellbeing and the Changing Structure of Communities<\/a>.<\/li>\n\n\n\n<li>World Health Organization (WHO). <a href=\"https:\/\/www.who.int\/health-topics\/coronavirus#tab=tab_1\">Coronavirus<\/a>.<\/li>\n\n\n\n<li>University of Oxford. <a href=\"https:\/\/www.bsg.ox.ac.uk\/research\/covid-19-government-response-tracker\">COVID-19 Government Response Tracker<\/a>.<\/li>\n\n\n\n<li>EuroMOMO. <a href=\"https:\/\/www.euromomo.eu\/\">European mortality monitoring<\/a>.<\/li>\n<\/ul>\n\n\n\n<h4 class=\"wp-block-heading\">10.3 Health for All: Strategien, Akteure und Setzung von Priorit\u00e4ten<\/h4>\n\n\n\n<p>Globale Gesundheitspolitik bewegt sich im Spannungsfeld zwischen Prim\u00e4rversorgung, zielgerichteten Programmen, Gesundheitssystemst\u00e4rkung und sektor\u00fcbergreifendem Handeln. Internationale Organisationen, Fonds, Stiftungen und wissenschaftliche Netzwerke pr\u00e4gen dieses Feld ma\u00dfgeblich. Ihre Beitr\u00e4ge erg\u00e4nzen sich, werfen aber auch Fragen nach Priorit\u00e4ten und Legitimit\u00e4t auf. Die Vision von <em data-start=\"389\" data-end=\"405\">Health for All<\/em> macht deutlich, dass nachhaltige Verbesserungen nicht durch Einzelprogramme allein erreicht werden, sondern starke Gesundheitssysteme und politische Ma\u00dfnahmen \u00fcber den Gesundheitssektor hinaus erfordern. W\u00e4hrend die Milleniumsziele (MDGs) globale Gesundheitsziele international sichtbar machten, verbinden die Sustainable Development Goals (SDGs) Gesundheit noch st\u00e4rker mit sozialer, \u00f6kologischer und wirtschaftlicher Entwicklung. Dabei bleiben zentrale Zielkonflikte bestehen: kurzfristige Programme gegen einzelne Krankheiten oder langfristige Systemst\u00e4rkung, philanthropischer Einfluss oder demokratische Legitimation, Krisenreaktion oder Pr\u00e4vention.<\/p>\n\n\n\n<ul class=\"wp-block-list\">\n<li>UN Department of Economic and Social Affairs. <a href=\"https:\/\/sdgs.un.org\/goals\">The 17 Sustainable Development Goals<\/a>. <\/li>\n<\/ul>\n\n\n\n<figure class=\"wp-block-image size-large\"><img loading=\"lazy\" decoding=\"async\" width=\"1024\" height=\"187\" src=\"https:\/\/www.public-health-kompakt.ch\/wp-content\/uploads\/2026\/04\/E_SDG_logo_horizontal_WEB-1.png-1-1024x187.png\" alt=\"\" class=\"wp-image-7776\" srcset=\"https:\/\/www.public-health-kompakt.ch\/wp-content\/uploads\/2026\/04\/E_SDG_logo_horizontal_WEB-1.png-1-1024x187.png 1024w, https:\/\/www.public-health-kompakt.ch\/wp-content\/uploads\/2026\/04\/E_SDG_logo_horizontal_WEB-1.png-1-300x55.png 300w, https:\/\/www.public-health-kompakt.ch\/wp-content\/uploads\/2026\/04\/E_SDG_logo_horizontal_WEB-1.png-1-768x141.png 768w, https:\/\/www.public-health-kompakt.ch\/wp-content\/uploads\/2026\/04\/E_SDG_logo_horizontal_WEB-1.png-1-1536x281.png 1536w, https:\/\/www.public-health-kompakt.ch\/wp-content\/uploads\/2026\/04\/E_SDG_logo_horizontal_WEB-1.png-1-2048x375.png 2048w\" sizes=\"auto, (max-width: 1024px) 100vw, 1024px\" \/><\/figure>\n\n\n\n<ul class=\"wp-block-list\">\n<li>Sustainable Development Goal 1. <a href=\"https:\/\/sdgs.un.org\/goals\/goal1\">End poverty in all its forms everywhere<\/a>.<\/li>\n\n\n\n<li>Sustainable Development Goal 2. <a href=\"https:\/\/sdgs.un.org\/goals\/goal2\">End hunger, achieve food security and improved nutrition<\/a>.<\/li>\n\n\n\n<li>Sustainable Development Goal 4. <a href=\"https:\/\/sdgs.un.org\/goals\/goal4\">Ensure inclusive and equitable quality education<\/a>.<\/li>\n<\/ul>\n\n\n\n<ul class=\"wp-block-list\">\n<li><a href=\"https:\/\/www.who.int\/\">The World Health Organization<\/a>.<\/li>\n\n\n\n<li><a href=\"https:\/\/www.theglobalfund.org\/en\/\">The Global Fund to Fight AIDS, Tuberculosis and Malaria<\/a>. <\/li>\n\n\n\n<li><a href=\"https:\/\/www.gatesfoundation.org\/\">Bill &amp; Melinda Gates Foundation<\/a>.<\/li>\n\n\n\n<li><a href=\"https:\/\/www.gavi.org\/\">Gavi, the Vaccine Alliance.<\/a><\/li>\n\n\n\n<li><a href=\"https:\/\/www.unaids.org\/en\">UNAIDS<\/a>.<\/li>\n\n\n\n<li><a href=\"https:\/\/www.iarc.who.int\/\">IARC<\/a>.<\/li>\n\n\n\n<li><a href=\"https:\/\/theunion.org\/\">The Union<\/a>.<\/li>\n\n\n\n<li><a href=\"https:\/\/health.ec.europa.eu\/internationalcooperation\/global-health_en\">European Commission. Global Health<\/a>.<\/li>\n<\/ul>\n\n\n\n<p>Die Regionen der Weltgesundheitsorganisation (WHO)\u00a0mit ihren <em>Regional Offices<\/em>. Der Hauptsitz der WHO befindet sich in Genf.<\/p>\n\n\n\n<figure class=\"wp-block-image size-full\"><img loading=\"lazy\" decoding=\"async\" width=\"960\" height=\"493\" src=\"https:\/\/www.public-health-kompakt.ch\/wp-content\/uploads\/2026\/04\/grafik-1.png\" alt=\"\" class=\"wp-image-7777\" srcset=\"https:\/\/www.public-health-kompakt.ch\/wp-content\/uploads\/2026\/04\/grafik-1.png 960w, https:\/\/www.public-health-kompakt.ch\/wp-content\/uploads\/2026\/04\/grafik-1-300x154.png 300w, https:\/\/www.public-health-kompakt.ch\/wp-content\/uploads\/2026\/04\/grafik-1-768x394.png 768w\" sizes=\"auto, (max-width: 960px) 100vw, 960px\" \/><\/figure>\n\n\n\n<figure class=\"wp-block-image size-full\"><img loading=\"lazy\" decoding=\"async\" width=\"290\" height=\"145\" src=\"https:\/\/www.public-health-kompakt.ch\/wp-content\/uploads\/2026\/04\/grafik-2.png\" alt=\"\" class=\"wp-image-7778\"\/><\/figure>\n\n\n\n<p><a href=\"https:\/\/de.wikipedia.org\/wiki\/Datei:World_Health_Organisation_regional_offices.svg\">Datei:World Health Organisation regional offices.svg \u2013 Wikipedia<\/a>.<\/p>\n\n\n\n<h4 class=\"wp-block-heading\">Literatur<\/h4>\n\n\n\n<ul class=\"wp-block-list\">\n<li>Nemtsov A, Neufeld M, Rehm J. <a href=\"https:\/\/pubmed.ncbi.nlm.nih.gov\/31603746\/\">Are Trends in Alcohol Consumption and Cause-Specific Mortality in Russia Between 1990 and 2017 the Result of Alcohol Policy Measures?<\/a> J Stud Alcohol Drugs. 2019 Sep;80(5):489\u201398. <\/li>\n\n\n\n<li>Tomkins S, Saburova L, Kiryanov N, Andreev E, McKee M, Shkolnikov V, et al. <a href=\"https:\/\/pubmed.ncbi.nlm.nih.gov\/17362291\/\">Prevalence and socio-economic distribution of hazardous patterns of alcohol drinking: study of alcohol consumption in men aged 25-54 years in Izhevsk, Russia. <\/a>Addiction. 2007 Apr;102(4):544\u201353. <\/li>\n\n\n\n<li>Leon DA, Saburova L, Tomkins S, Andreev E, Kiryanov N, McKee M, et al. <a href=\"https:\/\/www.sciencedirect.com\/science\/article\/pii\/S0140673607609416?via%3Dihub\">Hazardous alcohol drinking and premature mortality in Russia: a population based case-control study<\/a>. Lancet. 2007 Jun 16;369(9578):2001\u20139. <\/li>\n\n\n\n<li>GBD 2021 Diseases and Injuries Collaborators. <a href=\"https:\/\/www.sciencedirect.com\/science\/article\/pii\/S0140673624007578?via%3Dihub\">Global incidence, prevalence, years lived with disability (YLDs), disability-adjusted life-years (DALYs), and healthy life expectancy (HALE) for 371 diseases and injuries in 204 countries and territories and 811 subnational locations, 1990-2021: a systematic analysis for the Global Burden of Disease Study 2021<\/a>. Lancet. 2024 May 18;403(10440):2133\u201361. <\/li>\n\n\n\n<li>GBD 2021 Causes of Death Collaborators. <a href=\"https:\/\/www.sciencedirect.com\/science\/article\/pii\/S0140673624003672?via%3Dihub\">Global burden of 288 causes of death and life expectancy decomposition in 204 countries and territories and 811 subnational locations, 1990-2021: a systematic analysis for the Global Burden of Disease Study 2021<\/a>. Lancet. 2024 May 18;403(10440):2100\u201332. <\/li>\n\n\n\n<li>Houweling TAJ, Caspar AEK, Looman WN, Mackenbach JP. <a href=\"https:\/\/academic.oup.com\/ije\/article\/34\/6\/1257\/707470\">Determinants of under-5 mortality among the poor and the rich: a cross-national analysis of 43 developing countries<\/a>. Int J Epidemiol. 2005 Dec;34(6):1257\u201365.<\/li>\n\n\n\n<li>Sharrow D, Hug L, You D, Alkema L, Black R, Cousens S, et al. <a href=\"https:\/\/www.sciencedirect.com\/science\/article\/pii\/S2214109X21005155?via%3Dihub\">Global, regional, and national trends in under-5 mortality between 1990 and 2019 with scenario-based projections until 2030: a systematic analysis by the UN Inter-agency Group for Child Mortality Estimation<\/a>. Lancet Glob Health. 2022 Feb;10(2):e195\u2013206.<\/li>\n\n\n\n<li>Salomon JA, Wang H, Freeman MK, Vos T, Flaxman AD, Lopez AD, et al. <a href=\"https:\/\/www.sciencedirect.com\/science\/article\/pii\/S0140673612616900?via%3Dihub\">Healthy life expectancy for 187 countries, 1990-2010: a systematic analysis for the Global Burden Disease Study 2010<\/a>. Lancet. 2012 Dec 15;380(9859):2144\u201362. <\/li>\n\n\n\n<li>Omran AR. <a href=\"https:\/\/pubmed.ncbi.nlm.nih.gov\/5155251\/\">The epidemiologic transition. A theory of the epidemiology of population change<\/a>. Milbank Mem Fund Q. 1971 Oct;49(4):509\u201338. <\/li>\n\n\n\n<li>Preston SH. <a href=\"https:\/\/pubmed.ncbi.nlm.nih.gov\/11630494\/\">The changing relation between mortality and level of economic development<\/a>. Popul Stud (Camb). 1975 Jul;29:231\u201348. <\/li>\n<\/ul>\n","protected":false},"excerpt":{"rendered":"<p>Matthias Egger, Franziska Krampe, Oliver Razum Durch die Globalisierung werden wir zunehmend mit Problemen konfrontiert, die die Landesgrenzen \u00fcberschreiten. Auch viele gesundheitspolitische Entscheidungen werden heute auf europ\u00e4ischer Ebene oder unter der Mitarbeit internationaler Organisationen getroffen. In diesem Kapitel betrachten wir Gesundheitsindikatoren sowie Krankheits- und Todesursachen im Hinblick auf das Bev\u00f6lkerungseinkommen und die Entwicklung in verschiedenen [&hellip;]<\/p>\n","protected":false},"author":7,"featured_media":0,"parent":0,"menu_order":10,"comment_status":"closed","ping_status":"closed","template":"","meta":{"footnotes":""},"class_list":["post-31","page","type-page","status-publish","hentry"],"blocksy_meta":[],"_links":{"self":[{"href":"https:\/\/www.public-health-kompakt.ch\/index.php\/wp-json\/wp\/v2\/pages\/31","targetHints":{"allow":["GET"]}}],"collection":[{"href":"https:\/\/www.public-health-kompakt.ch\/index.php\/wp-json\/wp\/v2\/pages"}],"about":[{"href":"https:\/\/www.public-health-kompakt.ch\/index.php\/wp-json\/wp\/v2\/types\/page"}],"author":[{"embeddable":true,"href":"https:\/\/www.public-health-kompakt.ch\/index.php\/wp-json\/wp\/v2\/users\/7"}],"replies":[{"embeddable":true,"href":"https:\/\/www.public-health-kompakt.ch\/index.php\/wp-json\/wp\/v2\/comments?post=31"}],"version-history":[{"count":67,"href":"https:\/\/www.public-health-kompakt.ch\/index.php\/wp-json\/wp\/v2\/pages\/31\/revisions"}],"predecessor-version":[{"id":7779,"href":"https:\/\/www.public-health-kompakt.ch\/index.php\/wp-json\/wp\/v2\/pages\/31\/revisions\/7779"}],"wp:attachment":[{"href":"https:\/\/www.public-health-kompakt.ch\/index.php\/wp-json\/wp\/v2\/media?parent=31"}],"curies":[{"name":"wp","href":"https:\/\/api.w.org\/{rel}","templated":true}]}}