{"id":339,"date":"2012-04-17T19:42:04","date_gmt":"2012-04-17T19:42:04","guid":{"rendered":"http:\/\/public-health-kompakt.frappant.ch\/?page_id=339"},"modified":"2026-03-31T12:53:28","modified_gmt":"2026-03-31T12:53:28","slug":"kap-9-3-infektionskrankheiten-epidemiologie-wichtiger-infektionskrankheiten","status":"publish","type":"page","link":"https:\/\/www.public-health-kompakt.ch\/index.php\/kapitel-9\/kap-9-3-infektionskrankheiten-epidemiologie-wichtiger-infektionskrankheiten\/","title":{"rendered":"Kap. 9.3 Epidemiologie wichtiger Infektionskrankheiten"},"content":{"rendered":"\n<p><em>Philipp Jent, Heimo Lagler, Christian Gatterer, Christian Althaus, Cornelia Staehelin<\/em><\/p>\n\n\n\n<blockquote class=\"wp-block-quote is-style-plain is-layout-flow wp-block-quote-is-layout-flow\">\n<p>Dieser Abschnitt beschreibt die globale und regionale Bedeutung wichtiger Infektionskrankheiten und ordnet sie in Bezug auf Krankheitslast, \u00dcbertragungswege und Pr\u00e4ventionsm\u00f6glichkeiten ein. Laut der Global Burden of Disease Study waren im Jahr 2021 weltweit rund 20 % aller Todesf\u00e4lle auf Infektionskrankheiten zur\u00fcckzuf\u00fchren, mehr als die H\u00e4lfte davon infolge von COVID-19. Der Anteil an der globalen Krankheitslast (DALYs) ist in L\u00e4ndern mit niedrigem sozio-demografischem Index besonders hoch und betrifft dort vor allem Kinder unter f\u00fcnf Jahren. Akute respiratorische Infektionen und Durchfallerkrankungen spielen hierbei eine zentrale Rolle.<\/p>\n\n\n\n<p>Die Influenza, die durch Antigendrift regelm\u00e4\u00dfig zu saisonalen Epidemien f\u00fchrt, gef\u00e4hrdet vor allem \u00e4ltere Menschen. Ein weitere wichtige Infektionskrankheit ist die Tuberkulose, die trotz verf\u00fcgbarer Therapie weltweit verbreitet ist, vor allem in L\u00e4ndern mit niedrigem Einkommen und bei immungeschw\u00e4chten Personen. Multiresistente Erreger stellen dabei eine zunehmende Herausforderung dar.<\/p>\n\n\n\n<p>Weitere Schwerpunkte sind vektor\u00fcbertragene Infektionskrankheiten, sexuell \u00fcbertragbare Infektionen einschlie\u00dflich HIV\/AIDS, nosokomiale Infektionen sowie Antibiotikaresistenzen. Zunehmende Mobilit\u00e4t und Globalisierung erh\u00f6hen zudem die Bedeutung reiseassoziierter Infektionen. Infektionskrankheiten h\u00e4ngen stark von sozialen, \u00f6kologischen und gesundheitssystemischen Faktoren abh\u00e4ngen und ihre Kontrolle koordinierte Public-Health-Ma\u00dfnahmen erfordert.<\/p>\n<\/blockquote>\n\n\n\n<h4 class=\"wp-block-heading\">Internationale Organisationen<\/h4>\n\n\n\n<ul class=\"wp-block-list\">\n<li>World Health Organization (WHO). <a href=\"https:\/\/www.who.int\/data\/gho\">The Global Health Observatory<\/a>.<\/li>\n\n\n\n<li>Institute for Health Metrics and Evaluation. <a href=\"https:\/\/www.healthdata.org\/research-analysis\/gbd\">Global Burden of Disease (GBD)<\/a>.<\/li>\n\n\n\n<li>World Health Organization (WHO). <a href=\"https:\/\/www.who.int\/teams\/global-malaria-programme\/reports\/world-malaria-report-2025\">World malaria report 2025<\/a>.<\/li>\n\n\n\n<li>World Health Organization (WHO). <a href=\"https:\/\/www.who.int\/teams\/global-programme-on-tuberculosis-and-lung-health\/tb-reports\/global-tuberculosis-report-2025\">Global Tuberculosis Report 2025<\/a>.<\/li>\n\n\n\n<li>World Health Organization (WHO). <a href=\"https:\/\/www.who.int\/health-topics\/malaria#tab=tab_1\">Malaria<\/a>.<\/li>\n\n\n\n<li>World Health Organization (WHO). <a href=\"https:\/\/www.who.int\/health-topics\/influenza-seasonal#tab=tab_1\">Influenza (seasonal)<\/a>.<\/li>\n\n\n\n<li>World Health Organization (WHO). <a href=\"https:\/\/www.who.int\/initiatives\/global-influenza-surveillance-and-response-system\">Global Influenza Surveillance and Response System (GISRS)<\/a><\/li>\n\n\n\n<li>World Health Organization (WHO). <a href=\"https:\/\/www.who.int\/health-topics\/coronavirus#tab=tab_1\">Coronavirus disease (COVID-19)<\/a>.<\/li>\n\n\n\n<li>World Health Organization (WHO). <a href=\"https:\/\/www.who.int\/emergencies\/diseases\/novel-coronavirus-2019\/situation-reports\">Coronavirus Disease (COVID-19) Situation Reports<\/a><\/li>\n\n\n\n<li>World Health Organization (WHO). <a href=\"https:\/\/www.who.int\/health-topics\/hiv-aids#tab=tab_1\">HIV<\/a>.<\/li>\n\n\n\n<li>UNAIDS. <a href=\"https:\/\/www.unaids.org\/en\/UNAIDS-global-AIDS-update-2025\">UNAIDS global AIDS update 2025<\/a>.<\/li>\n\n\n\n<li>World Health Organization (WHO). <a href=\"https:\/\/www.who.int\/health-topics\/tuberculosis#tab=tab_1\">Tuberculosis<\/a>.<\/li>\n\n\n\n<li>World Health Organization (WHO). <a href=\"https:\/\/www.who.int\/teams\/global-programme-on-tuberculosis-and-lung-health\/tb-reports\/global-tuberculosis-report-2025\">Global Tuberculosis Report 2025<\/a><\/li>\n\n\n\n<li>World Health Organization (WHO). <a href=\"https:\/\/www.who.int\/health-topics\/dengue-and-severe-dengue#tab=tab_1\">Dengue and severe dengue<\/a>.<\/li>\n\n\n\n<li>World Health Organization (WHO). <a href=\"https:\/\/www.who.int\/docs\/default-source\/coronaviruse\/risk-comms-updates\/epi_win_digest_4_one-health.pdf?sfvrsn=b9feef83_2\">Emerging zoonotic  diseases and the One Health approach: An overview <\/a><\/li>\n\n\n\n<li>European Centre for Disease Prevention and Control. <a href=\"https:\/\/www.ecdc.europa.eu\/en\/publications-data\/monitoring\/all-annual-epidemiological-reports\">Annual Epidemiological Reports<\/a>.<\/li>\n\n\n\n<li>European Centre for Disease Prevention and Control. <a href=\"https:\/\/www.ecdc.europa.eu\/en\/publications-and-data\/monitoring\/weekly-threats-reports\">Weekly threats reports (CDTR)<\/a>.<\/li>\n<\/ul>\n\n\n\n<h4 class=\"wp-block-heading\">Nationale Quellen<\/h4>\n\n\n\n<p><strong>Deutschland<\/strong><\/p>\n\n\n\n<ul class=\"wp-block-list\">\n<li>Robert Koch Institut (RKI). <a href=\"https:\/\/www.rki.de\/DE\/Themen\/Infektionskrankheiten\/Infektionskrankheiten-A-Z\/I\/Influenza\/influenza-node.html\">Influenza<\/a>.<\/li>\n\n\n\n<li>Robert Koch Institut (RKI). <a href=\"https:\/\/www.rki.de\/DE\/Themen\/Infektionskrankheiten\/Infektionskrankheiten-A-Z\/C\/COVID-19\/covid-19-node.html\">COVID-19 (Coronavirus SARS-CoV-2)<\/a>.<\/li>\n\n\n\n<li>Robert Koch Institut (RKI). <a href=\"https:\/\/influenza.rki.de\/Saisonbericht.aspx\">Arbeitsgemeinschaft Influenza: Saisonberichte<\/a>.<\/li>\n\n\n\n<li>Robert Koch Institut (RKI). <a href=\"https:\/\/www.rki.de\/DE\/Themen\/Infektionskrankheiten\/Sexuell-und-durch-Blut-uebertragene-Krankheiten\/sexuell-und-durch-blut-uebertragene-krankheiten.html\">Sexuell und durch Blut \u00fcbertragene \u00fcbertragene Infektionen (STI)<\/a>.<\/li>\n\n\n\n<li>Robert Koch Institut (RKI). <a href=\"https:\/\/www.rki.de\/DE\/Themen\/Infektionskrankheiten\/Infektionskrankheiten-A-Z\/T\/Tuberkulose\/Download\/TB2024.html\">Bericht zur Epidemiologie der Tuberkulose in Deutschland f\u00fcr 2024<\/a><\/li>\n\n\n\n<li>Robert Koch Institut (RKI). <a href=\"https:\/\/www.rki.de\/DE\/Themen\/Infektionskrankheiten\/Infektionskrankheiten-A-Z\/M\/Malaria\/malaria-node.html\">Malaria (Plasmodien-Infektionen)<\/a>.<\/li>\n\n\n\n<li>Robert Koch Institut (RKI). <a href=\"https:\/\/www.rki.de\/DE\/Themen\/Infektionskrankheiten\/Infektionskrankheiten-A-Z\/D\/Dengue\/dengue-node.html\">Denguefieber<\/a><\/li>\n\n\n\n<li>Robert Koch Institut (RKI). <a href=\"https:\/\/www.rki.de\/DE\/Themen\/Infektionskrankheiten\/Infektionskrankheiten-A-Z\/H\/HIV-AIDS\/hiv-aids-node.html\">HIV (AIDS)<\/a>.<\/li>\n<\/ul>\n\n\n\n<p><strong>Schweiz<\/strong><\/p>\n\n\n\n<ul class=\"wp-block-list\">\n<li>Bundesamt f\u00fcr Gesundheit (BAG). <a href=\"https:\/\/www.bag.admin.ch\/de\/krankheiten-a-z\">Krankheiten A-Z<\/a>.<\/li>\n\n\n\n<li>Bundesamt f\u00fcr Gesundheit (BAG). <a href=\"https:\/\/www.bag.admin.ch\/de\/saisonale-grippe-influenza\">Saisonale Grippe (Influenza)<\/a><\/li>\n\n\n\n<li>Bundesamt f\u00fcr Gesundheit (BAG). <a href=\"https:\/\/www.bag.admin.ch\/de\/tuberkulose\">Tuberkulose<\/a>.<\/li>\n\n\n\n<li>Lungenliga Schweiz. <a href=\"https:\/\/www.lungenliga.ch\/sites\/default\/files\/documents\/hb_tb_de_241014.pdf\">Tuberkulose in der Schweiz.<\/a><\/li>\n\n\n\n<li>Bundesamt f\u00fcr Gesundheit (BAG). <a href=\"https:\/\/www.bag.admin.ch\/de\/malaria-de\">Malaria<\/a>.<\/li>\n\n\n\n<li>Bundesamt f\u00fcr Gesundheit (BAG). <a href=\"https:\/\/www.bag.admin.ch\/de\/covid-19-de\">Covid-19<\/a>.<\/li>\n\n\n\n<li>Bundesamt f\u00fcr Gesundheit (BAG). <a href=\"https:\/\/www.bag.admin.ch\/de\/hiv-aids-und-andere-sexuell-uebertragene-infektionen\">HIV\/Aids und andere sexuell \u00fcbertragene Infektionen<\/a>.<\/li>\n\n\n\n<li>Bundesamt f\u00fcr Gesundheit (BAG). <a href=\"https:\/\/www.bag.admin.ch\/de\/dengue-fieber\">Dengue-Fieber<\/a><\/li>\n<\/ul>\n\n\n\n<p><strong>\u00d6sterreich<\/strong><\/p>\n\n\n\n<ul class=\"wp-block-list\">\n<li>\u00d6sterreichische Agentur f\u00fcr Gesundheit und Ern\u00e4hrungssicherheit. <a href=\"https:\/\/www.ages.at\/mensch\/krankheit\/krankheitserreger-von-a-bis-z\/grippe\">Grippe<\/a>.<\/li>\n\n\n\n<li>\u00d6sterreichische Agentur f\u00fcr Gesundheit und Ern\u00e4hrungssicherheit. <a href=\"https:\/\/www.ages.at\/mensch\/krankheit\/krankheitserreger-von-a-bis-z\/coronavirus\">Coronavirus<\/a>.<\/li>\n\n\n\n<li>\u00d6sterreichische Agentur f\u00fcr Gesundheit und Ern\u00e4hrungssicherheit. <a href=\"https:\/\/www.ages.at\/mensch\/krankheit\/krankheitserreger-von-a-bis-z\/tuberkulose\">Tuberkulose<\/a>.<\/li>\n\n\n\n<li>\u00d6sterreichische Agentur f\u00fcr Gesundheit und Ern\u00e4hrungssicherheit. <a href=\"https:\/\/www.ages.at\/en\/research\/wissen-aktuell\/detail\/hiv-in-oesterreich\">HIV in Austria<\/a>.<\/li>\n\n\n\n<li>\u00d6sterreichische Agentur f\u00fcr Gesundheit und Ern\u00e4hrungssicherheit. <a href=\"https:\/\/www.ages.at\/en\/human\/disease\/pathogens-from-a-to-z\/dengue-fever?sword_list%5B0%5D=dengue&amp;no_cache=1\">Dengue fever<\/a>.<\/li>\n<\/ul>\n\n\n\n<p><strong>Informationen f\u00fcr Reisende finden sich z.B. bei <em><a href=\"http:\/\/www.tropimed.com\">Tropimed<\/a><\/em>, bei <em><a href=\"https:\/\/www.safertravel.ch\/en\/\">safertravel<\/a><\/em>, beim <a href=\"http:\/\/www.frm-web.de\"><em>FORUM Reisen und Medizin<\/em><\/a><a href=\"http:\/\/www.rki.de\/DE\/Content\/InfAZ\/R\/Reiseassoz\/reisemed_Beratung.html\">, <\/a><span style=\"color: #000000;\">oder bei den <a href=\"http:\/\/wwwnc.cdc.gov\/travel\"><em>CDC<\/em><\/a><\/span>.<\/strong><\/p>\n\n\n\n<figure class=\"wp-block-image size-large is-resized\"><img loading=\"lazy\" decoding=\"async\" width=\"1024\" height=\"712\" src=\"https:\/\/www.public-health-kompakt.ch\/wp-content\/uploads\/2026\/03\/grafik-6-1024x712.png\" alt=\"\" class=\"wp-image-7695\" style=\"aspect-ratio:1.4381974778875772;width:755px;height:auto\" srcset=\"https:\/\/www.public-health-kompakt.ch\/wp-content\/uploads\/2026\/03\/grafik-6-1024x712.png 1024w, https:\/\/www.public-health-kompakt.ch\/wp-content\/uploads\/2026\/03\/grafik-6-300x209.png 300w, https:\/\/www.public-health-kompakt.ch\/wp-content\/uploads\/2026\/03\/grafik-6-768x534.png 768w, https:\/\/www.public-health-kompakt.ch\/wp-content\/uploads\/2026\/03\/grafik-6.png 1032w\" sizes=\"auto, (max-width: 1024px) 100vw, 1024px\" \/><\/figure>\n\n\n\n<p>Gemeldete Tuberkulosef\u00e4lle und, best\u00e4tigte F\u00e4lle durch M. tuberculosis Komplex in \u00d6sterreich, 2004-2024. <br>Quelle: <a href=\"https:\/\/www.ages.at\/mensch\/krankheit\/krankheitserreger-von-a-bis-z\/tuberkulose\">Tuberkulose &#8211; AGES<\/a>.<\/p>\n\n\n\n<h4 class=\"wp-block-heading\"><a name=\"ZA\"><\/a>Zus\u00e4tzliche Abbildungen<\/h4>\n\n\n\n<p><strong>Die HIV-Pr\u00e4valenz bei neuen Tuberkulose-F\u00e4llen (2014)<\/strong><\/p>\n\n\n\n<figure class=\"wp-block-image size-full\"><img loading=\"lazy\" decoding=\"async\" width=\"965\" height=\"520\" src=\"https:\/\/www.public-health-kompakt.ch\/wp-content\/uploads\/2026\/03\/grafik-8.png\" alt=\"\" class=\"wp-image-7701\" srcset=\"https:\/\/www.public-health-kompakt.ch\/wp-content\/uploads\/2026\/03\/grafik-8.png 965w, https:\/\/www.public-health-kompakt.ch\/wp-content\/uploads\/2026\/03\/grafik-8-300x162.png 300w, https:\/\/www.public-health-kompakt.ch\/wp-content\/uploads\/2026\/03\/grafik-8-768x414.png 768w\" sizes=\"auto, (max-width: 965px) 100vw, 965px\" \/><\/figure>\n\n\n\n<p>Quelle: <a href=\"https:\/\/www.who.int\/teams\/global-programme-on-tuberculosis-and-lung-health\/tb-reports\/global-tuberculosis-report-2025\/tb-disease-burden\/1-1-tb-incidence#:~:text=In%202024,%20the%20global%20proportion,peak%20at%2017%25%20in%202000.\">Global Tuberculosis report 2025.<\/a><\/p>\n\n\n\n<h6 class=\"wp-block-heading\">Geographische Verteilung der sieben h\u00e4ufigsten <em>Neglected Tropical Diseases<\/em>\u00a0\u00a0(NTDs). Hierzu geh\u00f6ren z.B. die Schistosomiasis, Hakenwurminfektionen, der Spulwurmbefall und die afrikanische Schlafkrankheit.<\/h6>\n\n\n\n<figure class=\"wp-block-image size-full\"><img loading=\"lazy\" decoding=\"async\" width=\"900\" height=\"458\" src=\"https:\/\/www.public-health-kompakt.ch\/wp-content\/uploads\/2026\/03\/grafik-9.png\" alt=\"\" class=\"wp-image-7706\" srcset=\"https:\/\/www.public-health-kompakt.ch\/wp-content\/uploads\/2026\/03\/grafik-9.png 900w, https:\/\/www.public-health-kompakt.ch\/wp-content\/uploads\/2026\/03\/grafik-9-300x153.png 300w, https:\/\/www.public-health-kompakt.ch\/wp-content\/uploads\/2026\/03\/grafik-9-768x391.png 768w\" sizes=\"auto, (max-width: 900px) 100vw, 900px\" \/><\/figure>\n\n\n\n<p>Quelle: <a href=\"https:\/\/commons.wikimedia.org\/wiki\/File%3ANtd-world.jpg?utm_source=chatgpt.com\">Wikimedia Commons<\/a>.<\/p>\n\n\n\n<h6 class=\"wp-block-heading\">\u00dcberwachung chirurgischer Wundinfektionen\u00a0im Rahmen des <strong>OP-KISS<\/strong> Krankenhaus-Infektions-Surveillance-System (www.nrz-hygiene.de).<\/h6>\n\n\n\n<p>PatientInnen, bei denen ein definierter chirurgischer Eingriff (\u00bbIndikator-OP\u00ab) durchgef\u00fchrt werden soll, werden bei Krankenhauseintritt in das \u00dcberwachungsprogramm aufgenommen. Um die Anzahl an postoperativen Wundinfektionen zu ermitteln, werden sie postoperativ mindestens bis zum Zeitpunkt ihrer Entlassung aus dem Krankenhaus weiterverfolgt. Dabei werden auch relevante Daten zu patientengebundenen und exogenen Risikofaktoren erhoben. Ob und in welchem Umfang eine Wundinfektion vorliegt, wird anhand vorgegebener Definitionen festgelegt.<\/p>\n\n\n\n<figure class=\"wp-block-image aligncenter is-resized\"><a href=\"https:\/\/www.public-health-kompakt.ch\/wp-content\/uploads\/2012\/04\/Web-Abb.8.3.3.png\"><img decoding=\"async\" src=\"https:\/\/www.public-health-kompakt.ch\/wp-content\/uploads\/2012\/04\/Web-Abb.8.3.3.png\" alt=\"\" class=\"wp-image-803\" style=\"aspect-ratio:1.6286644951140066;width:819px;height:auto\" title=\"Web-Abb.8.3.3\"\/><\/a><\/figure>\n\n\n\n<p>               Quelle: Petra Gastmeier<\/p>\n\n\n\n<h4 class=\"wp-block-heading\"><a name=\"ZA\"><\/a>Zus\u00e4tzliche Tabellen<\/h4>\n\n\n\n<p><strong>Die wichtigsten Zoonosen<\/strong><\/p>\n\n\n\n<figure class=\"wp-block-image aligncenter is-resized\"><a href=\"https:\/\/www.public-health-kompakt.ch\/wp-content\/uploads\/2012\/04\/Web-Tab.8.3.1.png\"><img decoding=\"async\" src=\"https:\/\/www.public-health-kompakt.ch\/wp-content\/uploads\/2012\/04\/Web-Tab.8.3.1.png\" alt=\"\" class=\"wp-image-342\" style=\"aspect-ratio:1.7634611369071838;width:822px;height:auto\" title=\"Web-Tab.8.3.1\"\/><\/a><\/figure>\n\n\n\n<p class=\"has-text-align-center\"><em>&nbsp;<\/em><\/p>\n\n\n\n<p><strong>Die wichtigsten vektor\u00fcbertragenen Infektionen<\/strong><\/p>\n\n\n\n<figure class=\"wp-block-image aligncenter is-resized\"><a href=\"https:\/\/www.public-health-kompakt.ch\/wp-content\/uploads\/2012\/04\/Web-Tab.3.3.2.png\"><img decoding=\"async\" src=\"https:\/\/www.public-health-kompakt.ch\/wp-content\/uploads\/2012\/04\/Web-Tab.3.3.2.png\" alt=\"\" class=\"wp-image-343\" style=\"aspect-ratio:0.9487666034155597;width:796px;height:auto\" title=\"Web-Tab.3.3.2\"\/><\/a><\/figure>\n\n\n\n<p class=\"has-text-align-center\"><em>&nbsp;<\/em><\/p>\n\n\n\n<p><strong>Beispiele von Krankheitserregern, bei denen Resistenzen gegen\u00fcber bestimmten Antibiotika&nbsp;bekannt sind.<\/strong><\/p>\n\n\n\n<figure class=\"wp-block-image aligncenter is-resized\"><a href=\"https:\/\/www.public-health-kompakt.ch\/wp-content\/uploads\/2012\/04\/Web-Tab.8.3.3.png\"><img decoding=\"async\" src=\"https:\/\/www.public-health-kompakt.ch\/wp-content\/uploads\/2012\/04\/Web-Tab.8.3.3.png\" alt=\"\" class=\"wp-image-344\" style=\"aspect-ratio:1.3589418898897097;width:843px;height:auto\" title=\"Web-Tab.8.3.3\"\/><\/a><\/figure>\n\n\n\n<p class=\"has-text-align-center\">&nbsp;<\/p>\n\n\n\n<p><a name=\"IZT\"><\/a><\/p>\n","protected":false},"excerpt":{"rendered":"<p>Philipp Jent, Heimo Lagler, Christian Gatterer, Christian Althaus, Cornelia Staehelin Dieser Abschnitt beschreibt die globale und regionale Bedeutung wichtiger Infektionskrankheiten und ordnet sie in Bezug auf Krankheitslast, \u00dcbertragungswege und Pr\u00e4ventionsm\u00f6glichkeiten ein. Laut der Global Burden of Disease Study waren im Jahr 2021 weltweit rund 20 % aller Todesf\u00e4lle auf Infektionskrankheiten zur\u00fcckzuf\u00fchren, mehr als die H\u00e4lfte [&hellip;]<\/p>\n","protected":false},"author":7,"featured_media":0,"parent":29,"menu_order":0,"comment_status":"closed","ping_status":"closed","template":"","meta":{"footnotes":""},"class_list":["post-339","page","type-page","status-publish","hentry"],"blocksy_meta":[],"_links":{"self":[{"href":"https:\/\/www.public-health-kompakt.ch\/index.php\/wp-json\/wp\/v2\/pages\/339","targetHints":{"allow":["GET"]}}],"collection":[{"href":"https:\/\/www.public-health-kompakt.ch\/index.php\/wp-json\/wp\/v2\/pages"}],"about":[{"href":"https:\/\/www.public-health-kompakt.ch\/index.php\/wp-json\/wp\/v2\/types\/page"}],"author":[{"embeddable":true,"href":"https:\/\/www.public-health-kompakt.ch\/index.php\/wp-json\/wp\/v2\/users\/7"}],"replies":[{"embeddable":true,"href":"https:\/\/www.public-health-kompakt.ch\/index.php\/wp-json\/wp\/v2\/comments?post=339"}],"version-history":[{"count":59,"href":"https:\/\/www.public-health-kompakt.ch\/index.php\/wp-json\/wp\/v2\/pages\/339\/revisions"}],"predecessor-version":[{"id":7707,"href":"https:\/\/www.public-health-kompakt.ch\/index.php\/wp-json\/wp\/v2\/pages\/339\/revisions\/7707"}],"up":[{"embeddable":true,"href":"https:\/\/www.public-health-kompakt.ch\/index.php\/wp-json\/wp\/v2\/pages\/29"}],"wp:attachment":[{"href":"https:\/\/www.public-health-kompakt.ch\/index.php\/wp-json\/wp\/v2\/media?parent=339"}],"curies":[{"name":"wp","href":"https:\/\/api.w.org\/{rel}","templated":true}]}}