{"id":450,"date":"2012-04-23T13:58:44","date_gmt":"2012-04-23T13:58:44","guid":{"rendered":"http:\/\/public-health-kompakt.frappant.ch\/?page_id=450"},"modified":"2026-03-23T15:45:45","modified_gmt":"2026-03-23T15:45:45","slug":"kap-7-1","status":"publish","type":"page","link":"https:\/\/www.public-health-kompakt.ch\/index.php\/kapitel-7\/kap-7-1\/","title":{"rendered":"Kap. 7.1 Geschichtliche Einf\u00fchrung"},"content":{"rendered":"\n<blockquote class=\"wp-block-quote is-style-plain is-layout-flow wp-block-quote-is-layout-flow\">\n<p>Die gesundheitlichen Risiken bestimmter beruflicher T\u00e4tigkeiten sind seit der Antike bekannt. Bereits im alten \u00c4gypten wurden Staublungenerkrankungen bei Steinmetzen beschrieben, und in der Renaissance wiesen \u00c4rzte auf Vergiftungen durch Arsen, Blei und Quecksilber bei Bergarbeitern hin. Mit der Industrialisierung im 19. Jahrhundert traten arbeitsbedingte Gesundheitssch\u00e4den verst\u00e4rkt in den Vordergrund. Die Arbeitsbedingungen waren h\u00e4ufig schlecht, Kinderarbeit weit verbreitet und soziale Absicherung kaum vorhanden.<\/p>\n\n\n\n<p>Erste gesetzliche Regelungen verbesserten die Situation schrittweise, darunter das preu\u00dfische Regulativ zur Kinderarbeit (1839) und das eidgen\u00f6ssische Fabrikgesetz (1877). In Deutschland f\u00fchrte die Bismarcksche Sozialgesetzgebung 1884 zur Einf\u00fchrung der Unfallversicherung, in \u00d6sterreich entstand 1887 eine Pflichtversicherung, aus der sich sp\u00e4ter die Allgemeine Unfallversicherungsanstalt (AUVA) entwickelte.<\/p>\n\n\n\n<p>Ein wichtiger Meilenstein der Arbeitsmedizin war der Bau gro\u00dfer Alpentunnel wie des Gotthard- und des Simplontunnels, bei dem zahlreiche Arbeiter durch Unf\u00e4lle und Silikose starben. Dies f\u00fchrte 1906 zur Gr\u00fcndung der Internationalen Kommission f\u00fcr Arbeitsmedizin. In der Folge entstanden spezialisierte Forschungsinstitute und Kliniken f\u00fcr Berufskrankheiten. Nach dem Zweiten Weltkrieg wurden die sozialrechtlichen Grundlagen in Deutschland und \u00d6sterreich weiterentwickelt und systematische Vorgaben zur Unfallverh\u00fctung eingef\u00fchrt. Heute ver\u00e4ndern Digitalisierung, Industrie 4.0 und neue Arbeitsformen die Arbeitswelt erneut: Neben klassischen physischen Belastungen r\u00fccken psychische Belastungen, digitale \u00dcberwachung sowie neue technische und chemische Risiken st\u00e4rker in den Vordergrund.<\/p>\n<\/blockquote>\n\n\n\n<h4 class=\"wp-block-heading\"><a name=\"LQ\"><\/a>Literaturquellen<\/h4>\n\n\n\n<figure class=\"wp-block-image size-full\"><img loading=\"lazy\" decoding=\"async\" width=\"450\" height=\"226\" src=\"https:\/\/www.public-health-kompakt.ch\/wp-content\/uploads\/2026\/03\/image-11.png\" alt=\"\" class=\"wp-image-7165\" srcset=\"https:\/\/www.public-health-kompakt.ch\/wp-content\/uploads\/2026\/03\/image-11.png 450w, https:\/\/www.public-health-kompakt.ch\/wp-content\/uploads\/2026\/03\/image-11-300x151.png 300w\" sizes=\"auto, (max-width: 450px) 100vw, 450px\" \/><\/figure>\n\n\n\n<ul class=\"wp-block-list\">\n<li><a href=\"http:\/\/www.medizinische-papyri.de\/PapyrusEbers\/html\/index.html\">Papyrus Ebers<\/a><\/li>\n\n\n\n<li><a href=\"https:\/\/www.jusline.at\/gesetz\/asvg\">Allgemeines Sozialversicherungsgesetz<\/a> (ASVG; \u00d6sterreich).<\/li>\n\n\n\n<li><a href=\"https:\/\/www.zaar.uni-muenchen.de\/forschung\/dokumentation\/histor_gesetze\/index.html\">\u201eArbeiterschutzgesetz\u201c<\/a> (Gesetz betreffend Ab\u00e4nderung der Gewerbeordnung; Deutsches Reich) vom 1.6.1891.<\/li>\n\n\n\n<li><a href=\"https:\/\/hls-dhs-dss.ch\/de\/articles\/013804\/2021-08-06\/\">Fabrikgesetze<\/a>. Historisches Lexikon der Schweiz. <\/li>\n\n\n\n<li><a href=\"https:\/\/www.zaar.uni-muenchen.de\/forschung\/dokumentation\/histor_gesetze\/index.html\">Regulativ \u00fcber die Besch\u00e4ftigung jugendlicher Arbeiter in Fabriken<\/a>. 9. M\u00e4rz 1839 (<em>Preu\u00dfisches Regulativ<\/em>). <\/li>\n\n\n\n<li><a href=\"https:\/\/de.wikisource.org\/wiki\/Unfallversicherungsgesetz\">Unfallversicherungsgesetz<\/a> (Deutsches Reich, 1884)<\/li>\n\n\n\n<li><a href=\"https:\/\/de.wikipedia.org\/wiki\/Reichsversicherungsordnung\">Reichsversicherungsordnung<\/a> (RVO), 1911.<\/li>\n\n\n\n<li><a href=\"https:\/\/www.sozialgesetzbuch-sgb.de\/\">Sozialgesetzbuch<\/a> (SGB; Deutschland).<\/li>\n<\/ul>\n\n\n\n<figure class=\"wp-block-image size-large\"><img loading=\"lazy\" decoding=\"async\" width=\"1024\" height=\"681\" src=\"https:\/\/www.public-health-kompakt.ch\/wp-content\/uploads\/2026\/03\/image-12-1024x681.png\" alt=\"\" class=\"wp-image-7166\" srcset=\"https:\/\/www.public-health-kompakt.ch\/wp-content\/uploads\/2026\/03\/image-12-1024x681.png 1024w, https:\/\/www.public-health-kompakt.ch\/wp-content\/uploads\/2026\/03\/image-12-300x200.png 300w, https:\/\/www.public-health-kompakt.ch\/wp-content\/uploads\/2026\/03\/image-12-768x511.png 768w, https:\/\/www.public-health-kompakt.ch\/wp-content\/uploads\/2026\/03\/image-12-1536x1021.png 1536w, https:\/\/www.public-health-kompakt.ch\/wp-content\/uploads\/2026\/03\/image-12.png 1600w\" sizes=\"auto, (max-width: 1024px) 100vw, 1024px\" \/><\/figure>\n\n\n\n<p><a href=\"http:\/\/doi.org\/10.3932\/ethz-a-001099463\">ETH-Bibliothek Z\u00fcrich, Bildarchiv<\/a>. Arbeiter. Gotthardtunnel, 1974. Fotograf: Heinz Baumann.<\/p>\n\n\n\n<h4 class=\"wp-block-heading\"><a name=\"IZT\"><\/a>Internetquellen zum Thema<\/h4>\n\n\n\n<ul class=\"wp-block-list\">\n<li><a href=\"https:\/\/www.dgaum.de\/#\/\">Deutsche Gesellschaft f\u00fcr Arbeitsmedizin und Umweltmedizin<\/a>&nbsp;(DGAUM); <a href=\"https:\/\/www.dgaum.de\/startseite\/#\/\">ht<\/a><\/li>\n\n\n\n<li><a href=\"https:\/\/gamed.at\/?id=40\">\u00d6sterreichische Gesellschaft f\u00fcr Arbeitsmedizin<\/a><\/li>\n\n\n\n<li>Planet Wissen. Otto von Bismarck. <a href=\"https:\/\/www.planet-wissen.de\/geschichte\/persoenlichkeiten\/otto_von_bismarck_der_eiserne_kanzler\/pwiediesozialgesetze100.html\">Die Sozialgesetze<\/a><\/li>\n\n\n\n<li>polipedia.at. <a href=\"http:\/\/www.polipedia.at\/tiki-index.php?page=Die+Stammgesetze+der+Arbeiter-Sozialversicherung\">Die Stammgesetze der Arbeiter-Sozialversicherung<\/a> (\u00d6sterreich);<\/li>\n\n\n\n<li><a href=\"https:\/\/sgarm.ch\/wordpress\/?lang=en\">Schweizerische Gesellschaft f\u00fcr Arbeitsmedizin<\/a> (SGARM)<\/li>\n\n\n\n<li><a href=\"https:\/\/www.sgas.ch\/de\">Schweizerische Gesellschaft f\u00fcr Arbeitssicherheit<\/a> (SGAS)<\/li>\n<\/ul>\n\n\n\n<p><\/p>\n","protected":false},"excerpt":{"rendered":"<p>Die gesundheitlichen Risiken bestimmter beruflicher T\u00e4tigkeiten sind seit der Antike bekannt. Bereits im alten \u00c4gypten wurden Staublungenerkrankungen bei Steinmetzen beschrieben, und in der Renaissance wiesen \u00c4rzte auf Vergiftungen durch Arsen, Blei und Quecksilber bei Bergarbeitern hin. Mit der Industrialisierung im 19. Jahrhundert traten arbeitsbedingte Gesundheitssch\u00e4den verst\u00e4rkt in den Vordergrund. Die Arbeitsbedingungen waren h\u00e4ufig schlecht, Kinderarbeit [&hellip;]<\/p>\n","protected":false},"author":7,"featured_media":0,"parent":24,"menu_order":0,"comment_status":"closed","ping_status":"closed","template":"","meta":{"footnotes":""},"class_list":["post-450","page","type-page","status-publish","hentry"],"blocksy_meta":[],"_links":{"self":[{"href":"https:\/\/www.public-health-kompakt.ch\/index.php\/wp-json\/wp\/v2\/pages\/450","targetHints":{"allow":["GET"]}}],"collection":[{"href":"https:\/\/www.public-health-kompakt.ch\/index.php\/wp-json\/wp\/v2\/pages"}],"about":[{"href":"https:\/\/www.public-health-kompakt.ch\/index.php\/wp-json\/wp\/v2\/types\/page"}],"author":[{"embeddable":true,"href":"https:\/\/www.public-health-kompakt.ch\/index.php\/wp-json\/wp\/v2\/users\/7"}],"replies":[{"embeddable":true,"href":"https:\/\/www.public-health-kompakt.ch\/index.php\/wp-json\/wp\/v2\/comments?post=450"}],"version-history":[{"count":61,"href":"https:\/\/www.public-health-kompakt.ch\/index.php\/wp-json\/wp\/v2\/pages\/450\/revisions"}],"predecessor-version":[{"id":7211,"href":"https:\/\/www.public-health-kompakt.ch\/index.php\/wp-json\/wp\/v2\/pages\/450\/revisions\/7211"}],"up":[{"embeddable":true,"href":"https:\/\/www.public-health-kompakt.ch\/index.php\/wp-json\/wp\/v2\/pages\/24"}],"wp:attachment":[{"href":"https:\/\/www.public-health-kompakt.ch\/index.php\/wp-json\/wp\/v2\/media?parent=450"}],"curies":[{"name":"wp","href":"https:\/\/api.w.org\/{rel}","templated":true}]}}