{"id":463,"date":"2012-04-23T18:57:53","date_gmt":"2012-04-23T18:57:53","guid":{"rendered":"http:\/\/public-health-kompakt.frappant.ch\/?page_id=463"},"modified":"2026-03-31T07:04:46","modified_gmt":"2026-03-31T07:04:46","slug":"kap-7-5","status":"publish","type":"page","link":"https:\/\/www.public-health-kompakt.ch\/index.php\/kapitel-7\/kap-7-5\/","title":{"rendered":"Kap. 7.5 Arbeit und Gesundheit in Deutschland"},"content":{"rendered":"\n<blockquote class=\"wp-block-quote is-style-plain is-layout-flow wp-block-quote-is-layout-flow\">\n<p>Der Arbeits- und Gesundheitsschutz in Deutschland basiert auf einem <strong>dualen System<\/strong> aus staatlichen Vorschriften und den Tr\u00e4gern der gesetzlichen Unfallversicherung. Diese ist f\u00fcr alle Besch\u00e4ftigten verpflichtend, im Sozialgesetzbuch VII geregelt und wird vollst\u00e4ndig durch Arbeitgeberbeitr\u00e4ge finanziert. Sie deckt Arbeits- und Wegeunf\u00e4lle sowie Berufskrankheiten ab und umfasst neben Entsch\u00e4digungsleistungen auch umfassende Pr\u00e4ventionsma\u00dfnahmen.<\/p>\n\n\n\n<p>Berufskrankheiten sind rechtlich definierte Erkrankungen, die durch berufliche Einwirkungen verursacht werden und in einer offiziellen Liste (Stand 2025: 85 Krankheiten) gef\u00fchrt sind. Diese wird regelm\u00e4\u00dfig aktualisiert; neue wissenschaftliche Erkenntnisse k\u00f6nnen \u00fcber eine \u00d6ffnungsklausel ebenfalls zur Anerkennung f\u00fchren.<\/p>\n\n\n\n<p>Zentrale gesetzliche Grundlagen des Arbeitsschutzes sind das Arbeitsschutzgesetz und das Arbeitssicherheitsgesetz. Ein zentrales Instrument ist die verpflichtende Gef\u00e4hrdungsbeurteilung, die auch psychische Belastungen umfasst. Erg\u00e4nzend spielen Arbeitsplatzgrenzwerte sowie die arbeitsmedizinische Vorsorge eine wichtige Rolle f\u00fcr die Pr\u00e4vention.<\/p>\n<\/blockquote>\n\n\n\n<h4 class=\"wp-block-heading\"><a name=\"LQ\"><\/a>Literaturquellen<\/h4>\n\n\n\n<ul class=\"wp-block-list\">\n<li>Bundesanstalt f\u00fcr Arbeitsschutz und Arbeitsmedizin (BAuA). <a href=\"https:\/\/www.baua.de\/DE\/Angebote\/Regelwerk\/AMR\/AMR.html\">Arbeitsmedizinische Regeln in Deutschland<\/a>.<\/li>\n\n\n\n<li>Bundesanstalt f\u00fcr Arbeitsschutz und Arbeitsmedizin (BAuA). <a href=\"https:\/\/www.baua.de\/DE\/Angebote\/Publikationen\/Berichte\/Suga-2017.pdf?__blob=publicationFile&amp;v=13\">Sicherheit und Gesundheit bei der Arbeit \u2013 Berichtsjahr 2017<\/a>. Unfallverh\u00fctungsbericht Arbeit.<\/li>\n\n\n\n<li>Bundesministerium f\u00fcr Arbeit und Soziales (BMAS). <a href=\"https:\/\/www.baua.de\/DE\/Themen\/Monitoring-Evaluation\/Zahlen-Daten-Fakten\/SuGA\/SuGA_node.html\">Sicherheit und Gesundheit bei der Arbeit<\/a> (j\u00e4hrlich aktualisiert). <em>Unfallverh\u00fctungsbericht Arbeit<\/em>. Dortmund\/Berlin\/Dresden: BMAS<\/li>\n\n\n\n<li>Deutsche Forschungsgemeinschaft (DFG). <a href=\"https:\/\/www.dfg.de\/dfg_profil\/gremien\/senat\/arbeitsstoffe\/\">St\u00e4ndige Senatskommission zur Pr\u00fcfung gesundheitssch\u00e4dlicher Arbeitsstoffe<\/a><\/li>\n\n\n\n<li>Deutsche Forschungsgemeinschaft (DFG) (ed.). <a href=\"https:\/\/series.publisso.de\/sites\/default\/files\/documents\/series\/mak\/lmbv\/Vol2021\/Iss1\/Doc001\/mbwl_2021_deu.pdf\">MAK- und BAT-Werte-Liste 2021<\/a>. Maximale Arbeitsplatzkonzentrationen und Biologische Arbeitsstofftoleranzwerte. Senatskommission zur Pr\u00fcfung gesundheitssch\u00e4dlicher Arbeitsstoffe. Mitteilung 57.<\/li>\n\n\n\n<li><a href=\"https:\/\/www.dgaum.de\/service\/gesetze-und-verordnungen\/\">Gesetze und Verordnungen<\/a> des Deutschen Arbeitsschutzrechts \u00fcber die Internetseiten der Deutschen Gesellschaft f\u00fcr Arbeitsmedizin und Umweltmedizin (DGAUM).<\/li>\n\n\n\n<li>Bundesministeriums der Justiz. <a href=\"https:\/\/www.gesetze-im-internet.de\/\">Gesetze im Internet<\/a>. <\/li>\n\n\n\n<li><a href=\"https:\/\/www.gda-portal.de\/DE\/Home\/Home_node.html\">Gemeinsame Deutsche Arbeitsschutzstrategie<\/a> (GDA).<\/li>\n\n\n\n<li>Homepage des <a href=\"https:\/\/www.baua.de\/DE\/Die-BAuA\/Aufgaben\/Geschaeftsfuehrung-von-Ausschuessen\/AGS\/AGS_node.html\">Ausschusses f\u00fcr Gefahrstoffe<\/a> mit Link zu den Technischen Regeln f\u00fcr Gefahrstoffe (TRGS).<\/li>\n<\/ul>\n\n\n\n<p><\/p>\n\n\n\n<p><\/p>\n","protected":false},"excerpt":{"rendered":"<p>Der Arbeits- und Gesundheitsschutz in Deutschland basiert auf einem dualen System aus staatlichen Vorschriften und den Tr\u00e4gern der gesetzlichen Unfallversicherung. Diese ist f\u00fcr alle Besch\u00e4ftigten verpflichtend, im Sozialgesetzbuch VII geregelt und wird vollst\u00e4ndig durch Arbeitgeberbeitr\u00e4ge finanziert. Sie deckt Arbeits- und Wegeunf\u00e4lle sowie Berufskrankheiten ab und umfasst neben Entsch\u00e4digungsleistungen auch umfassende Pr\u00e4ventionsma\u00dfnahmen. Berufskrankheiten sind rechtlich definierte [&hellip;]<\/p>\n","protected":false},"author":7,"featured_media":0,"parent":24,"menu_order":0,"comment_status":"closed","ping_status":"closed","template":"","meta":{"footnotes":""},"class_list":["post-463","page","type-page","status-publish","hentry"],"blocksy_meta":[],"_links":{"self":[{"href":"https:\/\/www.public-health-kompakt.ch\/index.php\/wp-json\/wp\/v2\/pages\/463","targetHints":{"allow":["GET"]}}],"collection":[{"href":"https:\/\/www.public-health-kompakt.ch\/index.php\/wp-json\/wp\/v2\/pages"}],"about":[{"href":"https:\/\/www.public-health-kompakt.ch\/index.php\/wp-json\/wp\/v2\/types\/page"}],"author":[{"embeddable":true,"href":"https:\/\/www.public-health-kompakt.ch\/index.php\/wp-json\/wp\/v2\/users\/7"}],"replies":[{"embeddable":true,"href":"https:\/\/www.public-health-kompakt.ch\/index.php\/wp-json\/wp\/v2\/comments?post=463"}],"version-history":[{"count":41,"href":"https:\/\/www.public-health-kompakt.ch\/index.php\/wp-json\/wp\/v2\/pages\/463\/revisions"}],"predecessor-version":[{"id":7253,"href":"https:\/\/www.public-health-kompakt.ch\/index.php\/wp-json\/wp\/v2\/pages\/463\/revisions\/7253"}],"up":[{"embeddable":true,"href":"https:\/\/www.public-health-kompakt.ch\/index.php\/wp-json\/wp\/v2\/pages\/24"}],"wp:attachment":[{"href":"https:\/\/www.public-health-kompakt.ch\/index.php\/wp-json\/wp\/v2\/media?parent=463"}],"curies":[{"name":"wp","href":"https:\/\/api.w.org\/{rel}","templated":true}]}}