{"id":465,"date":"2012-04-23T19:10:32","date_gmt":"2012-04-23T19:10:32","guid":{"rendered":"http:\/\/public-health-kompakt.frappant.ch\/?page_id=465"},"modified":"2026-03-23T15:46:11","modified_gmt":"2026-03-23T15:46:11","slug":"kap-7-4","status":"publish","type":"page","link":"https:\/\/www.public-health-kompakt.ch\/index.php\/kapitel-7\/kap-7-4\/","title":{"rendered":"Kap. 7.4 Betriebliches Gesundheitsmanagement"},"content":{"rendered":"\n<blockquote class=\"wp-block-quote is-style-plain is-layout-flow wp-block-quote-is-layout-flow\">\n<p>Das Betriebliche Gesundheitsmanagement (BGM) ist ein zentrales Instrument zur F\u00f6rderung von Gesundheit und Arbeitsf\u00e4higkeit in einer sich stark wandelnden Arbeitswelt, die unter anderem durch Globalisierung, Digitalisierung, flexible Arbeitsformen und demografische Ver\u00e4nderungen gepr\u00e4gt ist. BGM wird definiert als die systematische Entwicklung, Steuerung und Optimierung betrieblicher Strukturen und Prozesse zur gesundheitsf\u00f6rderlichen Gestaltung von Arbeit. Ziel ist es, die Gesundheit der Besch\u00e4ftigten langfristig zu erhalten und ihre Besch\u00e4ftigungsf\u00e4higkeit zu sichern.<\/p>\n\n\n\n<p>Kennzeichnend f\u00fcr BGM ist das koordinierte Zusammenspiel von drei Handlungsfeldern: dem verpflichtenden Arbeitnehmer:innenschutz, der freiwilligen betrieblichen Gesundheitsf\u00f6rderung sowie dem betrieblichen Eingliederungsmanagement (BEM), das die R\u00fcckkehr an den Arbeitsplatz nach l\u00e4ngerer Krankheit unterst\u00fctzt. Modernes BGM verbindet Verh\u00e4ltnis- und Verhaltenspr\u00e4vention und ber\u00fccksichtigt sowohl arbeitsbedingte Belastungen als auch individuelle Ressourcen der Besch\u00e4ftigten. Eine aktive Beteiligung der Belegschaft sowie die Unterst\u00fctzung durch die Unternehmensf\u00fchrung sind dabei entscheidend.<\/p>\n\n\n\n<p>Die Planung eines BGM basiert auf Analysen der Altersstruktur und der krankheitsbedingten Fehlzeiten. Diese liefern wichtige Hinweise auf gesundheitliche Risiken und Handlungsbedarfe im Betrieb. Zentrale Ma\u00dfnahmen betreffen unter anderem die ergonomische Arbeitsplatzgestaltung, flexible Arbeitszeiten, Weiterbildung, Stresspr\u00e4vention und Return-to-Work-Programme. Die Wirksamkeit und Effizienz von BGM-Ma\u00dfnahmen sollte regelm\u00e4\u00dfig evaluiert werden, um nachhaltige und zielgerichtete Gesundheitsf\u00f6rderung im Betrieb sicherzustellen.<\/p>\n<\/blockquote>\n\n\n\n<h4 class=\"wp-block-heading\">Weiterf\u00fchrende Literatur<\/h4>\n\n\n\n<ul class=\"wp-block-list\">\n<li>World Health Organization. <a href=\"https:\/\/www.who.int\/publications\/i\/item\/9789241599313\">Healthy workplaces: a model for action<\/a>, 2010.<\/li>\n\n\n\n<li>Burton J. <a href=\"https:\/\/healthyworkplace.ie\/wp-content\/uploads\/2022\/12\/1-WHO.pdf\">WHO Healthy Workplace Framework and Model<\/a>. Background Document and Supporting Literature and Practices. World Health Organization, 2010. <\/li>\n<\/ul>\n\n\n\n<figure class=\"wp-block-image size-large is-resized\"><img loading=\"lazy\" decoding=\"async\" width=\"1024\" height=\"884\" src=\"https:\/\/www.public-health-kompakt.ch\/wp-content\/uploads\/2026\/03\/image-19-1024x884.png\" alt=\"\" class=\"wp-image-7235\" style=\"aspect-ratio:1.1583807293409167;width:668px;height:auto\" srcset=\"https:\/\/www.public-health-kompakt.ch\/wp-content\/uploads\/2026\/03\/image-19-1024x884.png 1024w, https:\/\/www.public-health-kompakt.ch\/wp-content\/uploads\/2026\/03\/image-19-300x259.png 300w, https:\/\/www.public-health-kompakt.ch\/wp-content\/uploads\/2026\/03\/image-19-768x663.png 768w, https:\/\/www.public-health-kompakt.ch\/wp-content\/uploads\/2026\/03\/image-19-1536x1325.png 1536w, https:\/\/www.public-health-kompakt.ch\/wp-content\/uploads\/2026\/03\/image-19.png 1662w\" sizes=\"auto, (max-width: 1024px) 100vw, 1024px\" \/><\/figure>\n\n\n\n<ul class=\"wp-block-list\">\n<li>Europ\u00e4isches Netzwerk f\u00fcr Betriebliche Gesundheitsf\u00f6rderung. <a href=\"https:\/\/www.dnbgf.de\/materialien\/newsartikel\/luxemburger-deklaration-zur-betrieblichen-gesundheitsfoerderung\">Luxemburger Deklaration zur betrieblichen Gesundheitsf\u00f6rderung<\/a>, aktualisiert 2023.<\/li>\n\n\n\n<li>Faller G (Hrsg.). <a href=\"https:\/\/www.hogrefe.com\/de\/shop\/lehrbuch-betriebliche-gesundheitsfoerderung-75994.html\">Lehrbuch Betriebliche Gesundheitsf\u00f6rderung<\/a>. Bern: Hogrefe, 3. Aufl. 2017.<\/li>\n\n\n\n<li>Weber A, H\u00f6rmann G, Ferreira Y, editors. <a href=\"https:\/\/www.asu-arbeitsmedizin.com\/sites\/default\/files\/ulmer\/de-asu\/document\/file_256870.pdf\">Psychosoziale Gesundheit im Beruf: Mensch, Arbeitswelt, Gesellschaft<\/a>. Stuttgart: Gentner; 2008.<\/li>\n\n\n\n<li><a href=\"http:\/\/www.kmu-vital.ch\/default2.asp\">KMU\u2013vital<\/a>. Ein webbasiertes Programm zur betrieblichen Gesundheitsf\u00f6rderung aus der Schweiz.<\/li>\n\n\n\n<li>Gesundheitsf\u00f6rderung Schweiz. <a href=\"https:\/\/gesundheitsfoerderung.ch\/betriebliches-gesundheitsmanagement\">Betriebliches Gesundheitsmanagement<\/a>.<\/li>\n\n\n\n<li><a href=\"https:\/\/www.vdbw.de\/presse\/detailansicht\/leitfaden-betriebliches-gesundheitsmanagement\/\">Leitfaden des Verbandes Deutscher Betriebs- und Werks\u00e4rzte e.V. zum Betrieblichen Gesundheitsmanagement<\/a>.<\/li>\n\n\n\n<li>Zentrum Bayern Familie und Soziales; <a href=\"https:\/\/www.zbfs.bayern.de\/behinderung-beruf\/themen\/betriebliches-eingliederungsmanagement\/index.php\">Informationen zum Betrieblichen Eingliederungsmanagement<\/a>.<\/li>\n<\/ul>\n\n\n\n<p><\/p>\n\n\n\n<p><\/p>\n","protected":false},"excerpt":{"rendered":"<p>Das Betriebliche Gesundheitsmanagement (BGM) ist ein zentrales Instrument zur F\u00f6rderung von Gesundheit und Arbeitsf\u00e4higkeit in einer sich stark wandelnden Arbeitswelt, die unter anderem durch Globalisierung, Digitalisierung, flexible Arbeitsformen und demografische Ver\u00e4nderungen gepr\u00e4gt ist. BGM wird definiert als die systematische Entwicklung, Steuerung und Optimierung betrieblicher Strukturen und Prozesse zur gesundheitsf\u00f6rderlichen Gestaltung von Arbeit. Ziel ist es, [&hellip;]<\/p>\n","protected":false},"author":7,"featured_media":0,"parent":24,"menu_order":0,"comment_status":"closed","ping_status":"closed","template":"","meta":{"footnotes":""},"class_list":["post-465","page","type-page","status-publish","hentry"],"blocksy_meta":[],"_links":{"self":[{"href":"https:\/\/www.public-health-kompakt.ch\/index.php\/wp-json\/wp\/v2\/pages\/465","targetHints":{"allow":["GET"]}}],"collection":[{"href":"https:\/\/www.public-health-kompakt.ch\/index.php\/wp-json\/wp\/v2\/pages"}],"about":[{"href":"https:\/\/www.public-health-kompakt.ch\/index.php\/wp-json\/wp\/v2\/types\/page"}],"author":[{"embeddable":true,"href":"https:\/\/www.public-health-kompakt.ch\/index.php\/wp-json\/wp\/v2\/users\/7"}],"replies":[{"embeddable":true,"href":"https:\/\/www.public-health-kompakt.ch\/index.php\/wp-json\/wp\/v2\/comments?post=465"}],"version-history":[{"count":40,"href":"https:\/\/www.public-health-kompakt.ch\/index.php\/wp-json\/wp\/v2\/pages\/465\/revisions"}],"predecessor-version":[{"id":7252,"href":"https:\/\/www.public-health-kompakt.ch\/index.php\/wp-json\/wp\/v2\/pages\/465\/revisions\/7252"}],"up":[{"embeddable":true,"href":"https:\/\/www.public-health-kompakt.ch\/index.php\/wp-json\/wp\/v2\/pages\/24"}],"wp:attachment":[{"href":"https:\/\/www.public-health-kompakt.ch\/index.php\/wp-json\/wp\/v2\/media?parent=465"}],"curies":[{"name":"wp","href":"https:\/\/api.w.org\/{rel}","templated":true}]}}