{"id":48,"date":"2012-03-09T21:13:51","date_gmt":"2012-03-09T21:13:51","guid":{"rendered":"http:\/\/public-health-kompakt.frappant.ch\/?page_id=48"},"modified":"2026-04-02T11:47:19","modified_gmt":"2026-04-02T11:47:19","slug":"kontakt","status":"publish","type":"page","link":"https:\/\/www.public-health-kompakt.ch\/index.php\/kontakt\/","title":{"rendered":"Feedback-M\u00f6glichkeit"},"content":{"rendered":"\n<p>Wir freuen uns auf Ihre R\u00fcckmeldungen zu unserem Lehrbuch und zu unserer Homepage! Sie k\u00f6nnen uns gerne Ihre Eindr\u00fccke, Anregungen und Korrekturen hierzu zusenden. Insbesondere w\u00fcrde es uns freuen, wenn Sie uns helfen, Lehrbuch und Homepage auf dem aktuellsten Stand zu halten. Dies k\u00f6nnen Sie z.B. tun, indem Sie uns veraltete Links melden.<\/p>\n\n\n\n<p>Ihre Fragen geben wir gerne an die entsprechenden Fachautoren\/-innen weiter.<\/p>\n\n\n\n<p>Wir danken Ihnen herzlich f\u00fcr Ihre Mitarbeit!<\/p>\n\n\n\n<p><em>Matthias Egger, Oliver Razum und Anita Rieder, <\/em>Herausgeber<\/p>\n\n\n\n<div class=\"wp-block-group is-layout-constrained wp-block-group-is-layout-constrained\"><div class=\"frm_forms  with_frm_style frm_style_formidable-style\" id=\"frm_form_2_container\" data-token=\"4744978f8c931a266c3da0a1e247b42a\">\n<form enctype=\"multipart\/form-data\" method=\"post\" class=\"frm-show-form  frm_pro_form \" id=\"form_contact-form2\" data-token=\"4744978f8c931a266c3da0a1e247b42a\">\n<div class=\"frm_form_fields \">\n<fieldset>\n<legend class=\"frm_screen_reader\"> Feedback-M\u00f6glichkeit<\/legend>\r\n\r\n<div class=\"frm_fields_container\">\n<input type=\"hidden\" name=\"frm_action\" value=\"create\" \/>\n<input type=\"hidden\" name=\"form_id\" value=\"2\" \/>\n<input type=\"hidden\" name=\"frm_hide_fields_2\" id=\"frm_hide_fields_2\" value=\"\" \/>\n<input type=\"hidden\" name=\"form_key\" value=\"contact-form2\" \/>\n<input type=\"hidden\" name=\"item_meta[0]\" value=\"\" \/>\n<input type=\"hidden\" id=\"frm_submit_entry_2\" name=\"frm_submit_entry_2\" value=\"be99d793f2\" \/><input type=\"hidden\" name=\"_wp_http_referer\" value=\"\/index.php\/wp-json\/wp\/v2\/pages\/48\" \/><div id=\"frm_field_6_container\" class=\"frm_form_field form-field  frm_required_field frm_top_container frm_first frm_half\">\r\n\t<label for=\"field_qh4icy2\" id=\"field_qh4icy2_label\" class=\"frm_primary_label\">Vorname\r\n\t\t<span class=\"frm_required\" aria-hidden=\"true\">*<\/span>\r\n\t<\/label>\r\n\t<input  type=\"text\" id=\"field_qh4icy2\" name=\"item_meta[6]\" value=\"\"  data-reqmsg=\"Vorname cannot be blank.\" aria-required=\"true\" data-invmsg=\"Vorname is invalid\" aria-invalid=\"false\"   \/>\r\n\t\r\n\t\r\n<\/div>\n<div id=\"frm_field_7_container\" class=\"frm_form_field form-field  frm_required_field frm_top_container frm_half\">\r\n\t<label for=\"field_ocfup12\" id=\"field_ocfup12_label\" class=\"frm_primary_label\">Nachname\r\n\t\t<span class=\"frm_required\" aria-hidden=\"true\">*<\/span>\r\n\t<\/label>\r\n\t<input  type=\"text\" id=\"field_ocfup12\" name=\"item_meta[7]\" value=\"\"  data-reqmsg=\"Nachname cannot be blank.\" aria-required=\"true\" data-invmsg=\"Nachname is invalid\" aria-invalid=\"false\"   \/>\r\n\t\r\n\t\r\n<\/div>\n<div id=\"frm_field_8_container\" class=\"frm_form_field form-field  frm_required_field frm_top_container frm_full\">\r\n\t<label for=\"field_29yf4d2\" id=\"field_29yf4d2_label\" class=\"frm_primary_label\">Email\r\n\t\t<span class=\"frm_required\" aria-hidden=\"true\">*<\/span>\r\n\t<\/label>\r\n\t<input type=\"email\" id=\"field_29yf4d2\" name=\"item_meta[8]\" value=\"\"  data-reqmsg=\"Email cannot be blank.\" aria-required=\"true\" data-invmsg=\"Please enter a valid email address\" aria-invalid=\"false\"  \/>\r\n\t\r\n\t\r\n<\/div>\n<div id=\"frm_field_12_container\" class=\"frm_form_field form-field  frm_top_container\">\r\n\t<label for=\"field_2yblw\" id=\"field_2yblw_label\" class=\"frm_primary_label\">Betreff \r\n\t\t<span class=\"frm_required\" aria-hidden=\"true\"><\/span>\r\n\t<\/label>\r\n\t\t\t<select name=\"item_meta[12]\" id=\"field_2yblw\"  data-placeholder=\"bitte w\u00e4hlen\"  placeholder=\"bitte w\u00e4hlen\" data-invmsg=\"Betreff  is invalid\" aria-invalid=\"false\"  >\n\t\t<option  class=\"frm-select-placeholder\" value=\"\" data-placeholder=\"true\">bitte w\u00e4hlen<\/option><option  value=\"R\u00fcckmeldung zum Lehrbuch\">R\u00fcckmeldung zum Lehrbuch<\/option><option  value=\"R\u00fcckmeldung zur Website\">R\u00fcckmeldung zur Website<\/option><option  value=\"Frage\">Frage<\/option><option  value=\"Anregung\">Anregung<\/option>\t<\/select>\n\t\r\n\t\r\n\t\r\n<\/div>\n<div id=\"frm_field_10_container\" class=\"frm_form_field form-field  frm_required_field frm_top_container frm_full\">\r\n\t<label for=\"field_9jv0r12\" id=\"field_9jv0r12_label\" class=\"frm_primary_label\">Nachricht\r\n\t\t<span class=\"frm_required\" aria-hidden=\"true\">*<\/span>\r\n\t<\/label>\r\n\t<textarea name=\"item_meta[10]\" id=\"field_9jv0r12\" rows=\"5\"  data-reqmsg=\"Nachricht cannot be blank.\" aria-required=\"true\" data-invmsg=\"Nachricht is invalid\" aria-invalid=\"false\"  ><\/textarea>\r\n\t\r\n\t\r\n<\/div>\n<div id=\"frm_field_13_container\" class=\"frm_form_field form-field  frm_none_container\">\r\n\t<label for=\"g-recaptcha-response\" id=\"field_vcngb_label\" class=\"frm_primary_label\">Captcha\r\n\t\t<span class=\"frm_required\" aria-hidden=\"true\"><\/span>\r\n\t<\/label>\r\n\t<div  id=\"field_vcngb\" class=\"frm-g-recaptcha\" data-sitekey=\"6LckhvUpAAAAANup0d_xXH9WONssbbkOZ6fvEXJO\" data-size=\"normal\" data-theme=\"light\"><\/div>\r\n\t\r\n\t\r\n<\/div>\n<div id=\"frm_field_11_container\" class=\"frm_form_field form-field \">\r\n\t<div class=\"frm_submit frm_flex\">\r\n<button class=\"frm_button_submit frm_final_submit\" type=\"submit\"   formnovalidate=\"formnovalidate\">Submit<\/button>\r\n\r\n\r\n\r\n<\/div>\r\n<\/div>\n\t<input type=\"hidden\" name=\"item_key\" value=\"\" \/>\n\t\t\t<div id=\"frm_field_15_container\">\n\t\t\t<label for=\"field_tyo62\" >\n\t\t\t\tIf you are human, leave this field blank.\t\t\t<\/label>\n\t\t\t<input  id=\"field_tyo62\" type=\"text\" class=\"frm_form_field form-field frm_verify\" name=\"item_meta[15]\" value=\"\"  \/>\n\t\t<\/div>\n\t\t<input name=\"frm_state\" type=\"hidden\" value=\"hV1fdoJJ5ilHdggVxVb1ACxor8L57C4W1i1nC5E7bQM9SWycWT7s5zxfLt45vsXB\" \/><\/div>\n<\/fieldset>\n<\/div>\n\n<\/form>\n<\/div>\n<\/div>\n","protected":false},"excerpt":{"rendered":"<p>Wir freuen uns auf Ihre R\u00fcckmeldungen zu unserem Lehrbuch und zu unserer Homepage! Sie k\u00f6nnen uns gerne Ihre Eindr\u00fccke, Anregungen und Korrekturen hierzu zusenden. Insbesondere w\u00fcrde es uns freuen, wenn Sie uns helfen, Lehrbuch und Homepage auf dem aktuellsten Stand zu halten. Dies k\u00f6nnen Sie z.B. tun, indem Sie uns veraltete Links melden. Ihre Fragen [&hellip;]<\/p>\n","protected":false},"author":5,"featured_media":0,"parent":0,"menu_order":12,"comment_status":"closed","ping_status":"closed","template":"","meta":{"footnotes":""},"class_list":["post-48","page","type-page","status-publish","hentry"],"blocksy_meta":[],"_links":{"self":[{"href":"https:\/\/www.public-health-kompakt.ch\/index.php\/wp-json\/wp\/v2\/pages\/48","targetHints":{"allow":["GET"]}}],"collection":[{"href":"https:\/\/www.public-health-kompakt.ch\/index.php\/wp-json\/wp\/v2\/pages"}],"about":[{"href":"https:\/\/www.public-health-kompakt.ch\/index.php\/wp-json\/wp\/v2\/types\/page"}],"author":[{"embeddable":true,"href":"https:\/\/www.public-health-kompakt.ch\/index.php\/wp-json\/wp\/v2\/users\/5"}],"replies":[{"embeddable":true,"href":"https:\/\/www.public-health-kompakt.ch\/index.php\/wp-json\/wp\/v2\/comments?post=48"}],"version-history":[{"count":8,"href":"https:\/\/www.public-health-kompakt.ch\/index.php\/wp-json\/wp\/v2\/pages\/48\/revisions"}],"predecessor-version":[{"id":7780,"href":"https:\/\/www.public-health-kompakt.ch\/index.php\/wp-json\/wp\/v2\/pages\/48\/revisions\/7780"}],"wp:attachment":[{"href":"https:\/\/www.public-health-kompakt.ch\/index.php\/wp-json\/wp\/v2\/media?parent=48"}],"curies":[{"name":"wp","href":"https:\/\/api.w.org\/{rel}","templated":true}]}}