{"id":547,"date":"2012-04-28T22:34:51","date_gmt":"2012-04-28T22:34:51","guid":{"rendered":"http:\/\/public-health-kompakt.frappant.ch\/?page_id=547"},"modified":"2026-03-23T15:43:46","modified_gmt":"2026-03-23T15:43:46","slug":"kap-4-3","status":"publish","type":"page","link":"https:\/\/www.public-health-kompakt.ch\/index.php\/kapitel-4\/kap-4-3\/","title":{"rendered":"Kap. 4.3 Projekte der Gesundheitsf\u00f6rderung"},"content":{"rendered":"\n<p>Thomas E. Dorner, Matthias Egger, Lotte Habermann-Horstmeier<\/p>\n\n\n\n<blockquote class=\"wp-block-quote is-style-plain is-layout-flow wp-block-quote-is-layout-flow\">\n<p>Gesundheitsf\u00f6rderung ist h\u00e4ufig in Form von Projekten organisiert. Projekte sind zeitlich begrenzt und k\u00f6nnen bei positiver Evaluation und bei gesicherter Finanzierung nachhaltig in l\u00e4ngerfristige Gesundheitsf\u00f6rderungsprogramme \u00fcberf\u00fchrt werden. Um Gesundheitsf\u00f6rderung so effektiv und effizient wie m\u00f6glich gestalten zu k\u00f6nnen, ist eine entsprechende Planung unumg\u00e4nglich. Zur Planung bedarf es der Feststellung des Gesundheitsbedarfes, der Formulierung von Zielen, der Auswahl von geeigneten Strategien und Methoden, der Ermittlung und Beschaffung der n\u00f6tigen Ressourcen sowie der Evaluierung der Prozesse und Ergebnisse des Gesundheitsf\u00f6rderungsprojektes.<\/p>\n\n\n\n<p><strong>Auf dieser Seite finden Sie weiterf\u00fchrende Literatur und Internetquellen zum Thema.<\/strong><\/p>\n<\/blockquote>\n\n\n\n<h4 class=\"wp-block-heading\"><a name=\"LQ\"><\/a>Lehrb\u00fccher<\/h4>\n\n\n\n<ul class=\"wp-block-list\">\n<li>Rootman, Irving, Goodstadt, Michael, Hyndman, Brian, McQueen, David V, Potvin, Louise et al. (2001). <a href=\"https:\/\/iris.who.int\/handle\/10665\/272659\">Evaluation in health promotion: principles and perspectives<\/a>. World Health Organization. Regional Office for Europe. <\/li>\n<\/ul>\n\n\n\n<figure class=\"wp-block-image size-full\"><img loading=\"lazy\" decoding=\"async\" width=\"180\" height=\"235\" src=\"https:\/\/www.public-health-kompakt.ch\/wp-content\/uploads\/2026\/02\/grafik-6.png\" alt=\"\" class=\"wp-image-6946\"\/><\/figure>\n\n\n\n<ul class=\"wp-block-list\">\n<li>Cross R, Woodall J, editors. <a href=\"https:\/\/in.sagepub.com\/en-in\/sas\/green-tones-health-promotion\/book277248\">Green &amp; Tones&#8217; Health Promotion: planning &amp; strategies<\/a>. 5th ed. Thousand Oaks: SAGE Publications Ltd; 2024.<br>Laverack G. <a href=\"https:\/\/unescochair-ghe.org\/wp-content\/uploads\/2023\/06\/Laverack-HPP.pdf\">Health promotion practice: building empowered communities<\/a>. Maidenhead: Open University Press; 2007. 156 p<\/li>\n\n\n\n<li>McKenzie JF, Neiger BL, Thackeray R. <a href=\"https:\/\/www.jblearning.com\/catalog\/productdetails\/9781284228649?srsltid=AfmBOoq6BbXce49spMjCeCU_1vO7ypHGGnFNi75Najx8lhdEe-E_Po3M\">Planning, Implementing and Evaluating Health Promotion Programs<\/a>. Eighth edition. Burlington, MA: Jones &amp; Bartlett Learning; 2023. 451 p.<\/li>\n\n\n\n<li>Rossi PH, Lipsey MW, Henry GT. <a href=\"https:\/\/www.scribd.com\/document\/888274726\/Evaluation-a-Systematic-Approach\">Evaluation &#8211; A Systematic Approach<\/a>. Eighth edition. Los Angeles: SAGE; 2019. 342 p.<\/li>\n\n\n\n<li>Bartholomew LK. <a href=\"https:\/\/www.abebooks.com\/9780767412780\/Intervention-Mapping-Designing-Theory-Evidence-0767412788\/plp\">Intervention Mapping Designing Theory and Evidence Based Promotion Programs<\/a>. Boston: McGraw-Hill, 2000.<\/li>\n<\/ul>\n\n\n\n<h4 class=\"wp-block-heading\"><a name=\"IZT\"><\/a>Internetquellen zum Thema<\/h4>\n\n\n\n<ul class=\"wp-block-list\">\n<li><a href=\"https:\/\/www.quint-essenz.ch\/de\">Quint-Essenz<\/a> (Gesundheitsf\u00f6rderung Schweiz) mit Projektmanagement-Tool<\/li>\n\n\n\n<li>Bundeszentrale f\u00fcr gesundheitliche Aufkl\u00e4rung (BZgA). <a href=\"https:\/\/shop.bzga.de\/pdf\/35700600.pdf\">Leitfaden Qualit\u00e4tskriterien f\u00fcr Planung, Umsetzung und Bewertung von gesundheitsf\u00f6rdernden Ma\u00dfnahmen mit dem Fokus auf Bewegung, Ern\u00e4hrung und Umgang mit Stress<\/a>. 2012<\/li>\n\n\n\n<li>Gesundheitsf\u00f6rderung Schweiz. <a href=\"https:\/\/gesundheitsfoerderung.ch\/sites\/default\/files\/migration\/documents\/Best-Practice-Kriterien.pdf\">Best Practice-Konzept, Best-Practice-Kriterien<\/a><\/li>\n<\/ul>\n\n\n\n<p><\/p>\n","protected":false},"excerpt":{"rendered":"<p>Thomas E. Dorner, Matthias Egger, Lotte Habermann-Horstmeier Gesundheitsf\u00f6rderung ist h\u00e4ufig in Form von Projekten organisiert. Projekte sind zeitlich begrenzt und k\u00f6nnen bei positiver Evaluation und bei gesicherter Finanzierung nachhaltig in l\u00e4ngerfristige Gesundheitsf\u00f6rderungsprogramme \u00fcberf\u00fchrt werden. Um Gesundheitsf\u00f6rderung so effektiv und effizient wie m\u00f6glich gestalten zu k\u00f6nnen, ist eine entsprechende Planung unumg\u00e4nglich. Zur Planung bedarf es der [&hellip;]<\/p>\n","protected":false},"author":7,"featured_media":0,"parent":20,"menu_order":0,"comment_status":"closed","ping_status":"closed","template":"","meta":{"footnotes":""},"class_list":["post-547","page","type-page","status-publish","hentry"],"blocksy_meta":[],"_links":{"self":[{"href":"https:\/\/www.public-health-kompakt.ch\/index.php\/wp-json\/wp\/v2\/pages\/547","targetHints":{"allow":["GET"]}}],"collection":[{"href":"https:\/\/www.public-health-kompakt.ch\/index.php\/wp-json\/wp\/v2\/pages"}],"about":[{"href":"https:\/\/www.public-health-kompakt.ch\/index.php\/wp-json\/wp\/v2\/types\/page"}],"author":[{"embeddable":true,"href":"https:\/\/www.public-health-kompakt.ch\/index.php\/wp-json\/wp\/v2\/users\/7"}],"replies":[{"embeddable":true,"href":"https:\/\/www.public-health-kompakt.ch\/index.php\/wp-json\/wp\/v2\/comments?post=547"}],"version-history":[{"count":28,"href":"https:\/\/www.public-health-kompakt.ch\/index.php\/wp-json\/wp\/v2\/pages\/547\/revisions"}],"predecessor-version":[{"id":6947,"href":"https:\/\/www.public-health-kompakt.ch\/index.php\/wp-json\/wp\/v2\/pages\/547\/revisions\/6947"}],"up":[{"embeddable":true,"href":"https:\/\/www.public-health-kompakt.ch\/index.php\/wp-json\/wp\/v2\/pages\/20"}],"wp:attachment":[{"href":"https:\/\/www.public-health-kompakt.ch\/index.php\/wp-json\/wp\/v2\/media?parent=547"}],"curies":[{"name":"wp","href":"https:\/\/api.w.org\/{rel}","templated":true}]}}