{"id":583,"date":"2012-04-29T00:56:02","date_gmt":"2012-04-29T00:56:02","guid":{"rendered":"http:\/\/public-health-kompakt.frappant.ch\/?page_id=583"},"modified":"2026-03-23T15:44:36","modified_gmt":"2026-03-23T15:44:36","slug":"kap-6-1","status":"publish","type":"page","link":"https:\/\/www.public-health-kompakt.ch\/index.php\/kapitel-6\/kap-6-1\/","title":{"rendered":"Kap. 6.1 Klima"},"content":{"rendered":"\n<p><em>Claudia Kuehni, Hubertus Fischer, Adrian Schilt, Matthias Egger<\/em><\/p>\n\n\n\n<p>Der <em>Klimawandel <\/em>stellt die Menschen und Institutionen, die sich mit der globalen Gesundheit im 21. Jahrhundert besch\u00e4ftigen, vor neue Herausforderungen. Zum einen f\u00fchren immer h\u00e4ufiger auftretende Extremereignisse wie Hitzewellen, St\u00fcrme und \u00dcberschwemmungen zu <em>direkten Gesundheitsbeeintr\u00e4chtigungen<\/em>. Andererseits kann es durch \u00f6kologische Ver\u00e4nderungen und sozialen Instabilit\u00e4t zu einer <em>indirekten Beeinflussung der Gesundheit <\/em>kommen. So f\u00fchren schon jetzt klimatische Ver\u00e4nderungen in bestimmten Gebieten der Erde zu akuten Nahrungsmittelknappheiten. Infolge des Hungers sind die Menschen in ihrer Abwehr geschw\u00e4chten und k\u00f6nnen dadurch leichter Infektionskrankheiten zum Opfer fallen.<\/p>\n\n\n\n<p>In diesem Abschnitt des Lehrbuchs werden zuerst die physikalischen Grundlagen des Klimawandels er\u00f6rtert. Anschlie\u00dfend geht der Text auf seine \u00f6kologischen und gesundheitlichen Folgen ein. Zum Schluss werden die wichtigsten politischen Aspekte dieses Themas einschlie\u00dflich der Ma\u00dfnahmen zur Reduktion von Treibhausgasemissionen beschreiben.<\/p>\n\n\n\n<p><strong>Auf dieser Seite finden Sie Literaturquellen, Hinweise zu empfohlener Vertiefungsliteratur, erg\u00e4nzende Abbildungen und Tabellen sowie Internetquellen zum Thema.<\/strong><\/p>\n\n\n\n<h5 class=\"wp-block-heading\">Literaturquellen<\/h5>\n\n\n\n<figure class=\"wp-block-image size-full\"><img loading=\"lazy\" decoding=\"async\" width=\"660\" height=\"311\" src=\"https:\/\/www.public-health-kompakt.ch\/wp-content\/uploads\/2026\/03\/image-3.png\" alt=\"\" class=\"wp-image-7072\" srcset=\"https:\/\/www.public-health-kompakt.ch\/wp-content\/uploads\/2026\/03\/image-3.png 660w, https:\/\/www.public-health-kompakt.ch\/wp-content\/uploads\/2026\/03\/image-3-300x141.png 300w\" sizes=\"auto, (max-width: 660px) 100vw, 660px\" \/><\/figure>\n\n\n\n\n\n<ul class=\"wp-block-list\">\n<li>Richardson K, Steffen W, Lucht W, Bendtsen J, Cornell SE, Donges JF, et al. <a href=\"https:\/\/www.science.org\/doi\/10.1126\/sciadv.adh2458\">Earth beyond six of nine planetary boundaries<\/a>. Science Advances. 2023 Sep 13;9(37):eadh2458. <\/li>\n\n\n\n<li>Bastin JF, Finegold J, Garcia C, Mollicone D, Rezende M, Roth D, Zohner CM, Crowther TW. <a href=\"https:\/\/science.sciencemag.org\/content\/365\/6448\/76\">The global tree restoration potential<\/a>. Science 2019; 365(6448): 76-79; DOI: 10.1126\/science.aax0848;<\/li>\n\n\n\n<li>Breiter B, Eggleston S, Schmitt J et al. <a href=\"http:\/\/onlinelibrary.wiley.com\/doi\/10.1002\/2014GL061957\/epdf\">Revision of the EPICA Dome C CO<sub>2<\/sub> record from 800 to 600 kyr before present<\/a>. Geophys. Res. Lett. 2015; 42: 542\u2013549; doi:10.1002\/2014GL061957.<\/li>\n\n\n\n<li>MacFarling Meure C et al. <a href=\"https:\/\/agupubs.onlinelibrary.wiley.com\/doi\/full\/10.1029\/2006GL026152\">The Law Dome CO<sub>2<\/sub>, CH<sub>4<\/sub> and N<sub>2<\/sub>O Ice Core Records Extended to 2000 years BP<\/a>. Geophysical Research Letters, Vol. 33, L14810, doi: 10.1029\/ 2006GL026152, 2006<\/li>\n\n\n\n<li>Neukom R, Barboza LA, Erb MP et al. Consistent multidecadal variability in global temperature reconstructions and simulations over the Common Era. Nature Geoscience 2019; 12: 643-649.<\/li>\n\n\n\n<li>Nikendei C, Bugaj TJ, Nikendei F, K\u00fchl SJ, K\u00fchl M. <a href=\"https:\/\/agupubs.onlinelibrary.wiley.com\/doi\/full\/10.1029\/2006GL026152\">Klimawandel: Ursachen, Folgen, L\u00f6sungsans\u00e4tze und Implikationen f\u00fcr das Gesundheitswesen<\/a>. Zeitschrift f\u00fcr Evidenz, Fortbildung und Qualit\u00e4t im Gesundheitswesen. 2020; 156\u2013157: 59-67.<\/li>\n\n\n\n<li>Watts N, Amann M, Arnell N, Ayeb-Karlsson S, Belesova K, Boykoff M. et al. <a href=\"https:\/\/www.thelancet.com\/journals\/lancet\/article\/PIIS0140-6736(19)32596-6\/fulltext\">The 2019 report of The Lancet Countdown on health and climate change: ensuring that the health of a child born today is not defined by a changing climate<\/a>. The Lancet 2019; 394(10211): 1836-1878.<\/li>\n\n\n\n<li>L\u00fcthi D, Le Floch M, Bereiter B, Blunier T, Barnola JM, Siegenthaler U, et al. <a href=\"https:\/\/doi.org\/10.1038\/nature06949\">High-resolution carbon dioxide concentration record 650,000\u2013800,000 years before present. Nature<\/a>. 2008 May;453(7193):379\u201382.<\/li>\n<\/ul>\n\n\n\n<h4 class=\"wp-block-heading\">Internetquellen <\/h4>\n\n\n\n<figure class=\"wp-block-image size-full\"><img loading=\"lazy\" decoding=\"async\" width=\"477\" height=\"620\" src=\"https:\/\/www.public-health-kompakt.ch\/wp-content\/uploads\/2026\/03\/image-2.png\" alt=\"\" class=\"wp-image-7060\" srcset=\"https:\/\/www.public-health-kompakt.ch\/wp-content\/uploads\/2026\/03\/image-2.png 477w, https:\/\/www.public-health-kompakt.ch\/wp-content\/uploads\/2026\/03\/image-2-231x300.png 231w\" sizes=\"auto, (max-width: 477px) 100vw, 477px\" \/><\/figure>\n\n\n\n<p><strong>IPCC (Intergovernmental Panel on Climate Change)<\/strong><\/p>\n\n\n\n<p>Die englischsprachigen Originaldokumente aller Berichte k\u00f6nnen Sie kostenfrei von der <a href=\"https:\/\/www.ipcc.ch\/reports\/\">Webseite des IPCC<\/a>&nbsp;herunterladen. <\/p>\n\n\n\n<p>Die hier angebotenen <a href=\"https:\/\/www.de-ipcc.de\/270.php#SR1.5-%C3%9Cbersetzungen\">\u00dcbersetzungen<\/a> sind keine offiziellen \u00dcbersetzungen durch den IPCC. Sie wurden mit dem Ziel erstellt, die im Bericht verwendete Sprache m\u00f6glichst originalgetreu wiederzugeben.<\/p>\n\n\n\n<ul class=\"wp-block-list\">\n<li><a href=\"https:\/\/www.de-ipcc.de\/270.php#Sechster Berichtszyklus\">Berichte aus dem sechsten Berichtszyklus (2015-2023)<\/a><\/li>\n\n\n\n<li><a href=\"https:\/\/www.de-ipcc.de\/270.php#F\u00fcnfter Berichtszyklus\">Berichte aus dem f\u00fcnften Berichtszyklus (2008-2015)<\/a><\/li>\n\n\n\n<li><a href=\"https:\/\/www.de-ipcc.de\/270.php#Vierter Berichtszyklus\">Berichte aus dem vierten Berichtszyklus (2002-2008)<\/a><\/li>\n\n\n\n<li><a href=\"https:\/\/www.de-ipcc.de\/270.php#Dritter Berichtszyklus\">Berichte aus dem dritten Berichtszyklus (1997-2002)<\/a><\/li>\n\n\n\n<li><a href=\"https:\/\/www.de-ipcc.de\/256.php\">Sonderbericht 1,5 \u00b0C globale Erw\u00e4rmung (2018)<\/a>Weitere Internetquellen<\/li>\n<\/ul>\n\n\n\n<p><strong>Weitere Quellen<\/strong><\/p>\n\n\n\n<ul class=\"wp-block-list\">\n<li>Schweizerische Eidgenossenschaft. <a href=\"https:\/\/www.fedlex.admin.ch\/eli\/oc\/2024\/376\/de\">Bundesgesetz \u00fcber die Reduktion der CO2-Emissionen (CO2-Gesetz)<\/a><\/li>\n\n\n\n<li>Schweizerische Eidgenossenschaft. <a href=\"https:\/\/www.nccs.admin.ch\/nccs\/en\/home.html\">National Centre for Climate Services NCCS<\/a><\/li>\n\n\n\n<li>Bundesamt f\u00fcr Meteorologie und Klimatologie MeteoSchweiz. <a href=\"https:\/\/www.meteoschweiz.admin.ch\/home\/klima\/klimawandel-schweiz.html\">Klimawandel<\/a><\/li>\n\n\n\n<li>Bundesamt f\u00fcr Umwelt (BAFU). <a href=\"https:\/\/www.bafu.admin.ch\/bafu\/de\/home\/themen\/klima\/fachinformationen\/anpassung-klimawandel.html\">Thema Klima<\/a><\/li>\n\n\n\n<li>Bundesforschungsinstitut f\u00fcr Tiergesundheit &#8211; Friedrich-L\u00f6ffler-Institut (FLI). <a href=\"https:\/\/www.fli.de\/de\/aktuelles\/tierseuchengeschehen\/west-nil-virus\/\">West-Nil-Virus<\/a><\/li>\n\n\n\n<li>Bundesministerium f\u00fcr Landwirtschaft, Ern\u00e4hrung und Heimat. <a href=\"https:\/\/www.bmleh.de\/DE\/themen\/landwirtschaft\/klimaschutz\/klimaschutz_node.html\">Klimaschutz und Klimaanpassung<\/a><\/li>\n\n\n\n<li>Food and Agriculture Organization of the United Nations. <a href=\"https:\/\/www.fao.org\/3\/ca5162en\/ca5162en.pdf\">The State of the Food Security and Nutrition in the World<\/a> <\/li>\n\n\n\n<li>International Energy Agency (IEA). <a href=\"https:\/\/www.iea.org\/articles\/global-co2-emissions-in-2019\">Global CO2 emissions in 2021<\/a><\/li>\n\n\n\n<li>Europ\u00e4isches Parlament. <a href=\"https:\/\/www.europarl.europa.eu\/news\/de\/headlines\/society\/20180301STO98928\/treibhausgasemissionen-nach-landern-und-sektoren-infografik\">Treibhausgasemissionen nach L\u00e4ndern und Sektoren<\/a> (Infografik)<\/li>\n\n\n\n<li>Umweltbundesamt (Deutschland). <a href=\"https:\/\/www.umweltbundesamt.de\/daten\/klima\/trends-der-lufttemperatur\">Trends der Lufttemperatur<\/a><\/li>\n\n\n\n<li>United Nations (UN). <a href=\"https:\/\/treaties.un.org\/Pages\/ViewDetails.aspx?src=TREATY&amp;mtdsg_no=XXVII-7-d&amp;chapter=27&amp;clang=_en\">Paris Agreement<\/a>, Paris, 12 December 2015<\/li>\n\n\n\n<li>United States Environmental Protection Agency (EPA). <a href=\"https:\/\/www.epa.gov\/ghgemissions\/global-greenhouse-gas-emissions-data#two\">Global Greenhouse Gas Emissions Data<\/a><\/li>\n\n\n\n<li>World Health Organization (WHO). <a href=\"https:\/\/www.who.int\/en\/news-room\/fact-sheets\/detail\/climate-change-and-health\">Climate change and health<\/a><\/li>\n\n\n\n<li>World Health Organization (WHO). <a href=\"https:\/\/www.who.int\/publications-detail-redirect\/9789241598880\">Protecting health from climate Change. Connecting science, policy and people<\/a><\/li>\n\n\n\n<li>World Meteorological Organization (WMO). <a href=\"https:\/\/wmo.int\/topics\/climate\">Climate<\/a>  <a href=\"https:\/\/community.wmo.int\/gaw-global-stations\">GAW Global stations<\/a><\/li>\n\n\n\n<li>Umweltbundesamt. <a href=\"https:\/\/www.umweltbundesamt.de\/sites\/default\/files\/medien\/1410\/publikationen\/das_monitoringbericht_2019_barrierefrei.pdf\">Monitoringbericht 2019 zur Deutschen Anpassungsstrategie an den Klimawandel<\/a>. Bericht der Interministeriellen Arbeitsgruppe Anpassungsstrategie der Bundesregierung. Umweltbundesamt, 2019.&nbsp;<\/li>\n<\/ul>\n\n\n\n<h4 class=\"wp-block-heading\"><a name=\"ZT\"><\/a>Zus\u00e4tzliche Tabellen<\/h4>\n\n\n\n<h5 class=\"wp-block-heading\">Beispiele f\u00fcr m\u00f6gliche Auswirkungen durch Ver\u00e4nderungen extremer Wetter- und Klimaereignisse, basierend auf Projektionen f\u00fcr Mitte bis Ende des 21. Jahrhunderts (IPCC 2007).<\/h5>\n\n\n\n<p>Diese Zusammenfassung wurde im Detail auf der XXVII. IPCC-Vollversammlung (Valencia, Spanien, 12.-17. November 2007) verabschiedet und stellt die formell vereinbarte Aussage des IPCC zu den Haupterkenntnissen und -unsicherheiten in den Arbeitsgruppenbeitr\u00e4gen zum Vierten Sachstandsbericht dar.<\/p>\n\n\n\n<figure class=\"wp-block-image aligncenter is-resized\"><a href=\"https:\/\/www.public-health-kompakt.ch\/wp-content\/uploads\/2012\/04\/Web-Tab.5.5.3.png\"><img decoding=\"async\" src=\"https:\/\/www.public-health-kompakt.ch\/wp-content\/uploads\/2012\/04\/Web-Tab.5.5.3.png\" alt=\"\" class=\"wp-image-822\" style=\"width:500px\" title=\"Web-Tab.5.5.3\"\/><\/a><\/figure>\n\n\n\n<p class=\"has-text-align-center\"><\/p>\n\n\n\n<p class=\"has-text-align-left\"><span style=\"font-size: 10px;\"><strong>Quelle: <\/strong>Klima\u00e4nderung 2007: Synthesebericht Zusammenfassung f\u00fcr politische Entscheidungstr\u00e4ger. Ein Sachstandsbericht des Zwischenstaatlichen Ausschusses f\u00fcr Klima\u00e4nderungen (IPCC), Tabelle SPM.1; <a href=\"http:\/\/www.ipcc.ch\/pdf\/reports-nonUN-translations\/deutch\/IPCC2007-SYR-SPM-german.pdf\">http:\/\/www.ipcc.ch\/pdf\/reports-nonUN-translations\/deutch\/IPCC2007-SYR-SPM-german.pdf<\/a>.<\/span><\/p>\n\n\n\n<p>&nbsp;<\/p>\n\n\n\n<h5 class=\"wp-block-heading\">Schl\u00fcsseltechnologien und \u2013praktiken zur Emissionsminderung nach Sektoren (IPCC 2007).<\/h5>\n\n\n\n<figure class=\"wp-block-image aligncenter is-resized\"><a href=\"https:\/\/www.public-health-kompakt.ch\/wp-content\/uploads\/2012\/04\/Web-Tab.5.5.4.png\"><img decoding=\"async\" src=\"https:\/\/www.public-health-kompakt.ch\/wp-content\/uploads\/2012\/04\/Web-Tab.5.5.4.png\" alt=\"\" class=\"wp-image-823\" style=\"width:500px\" title=\"Web-Tab.5.5.4\"\/><\/a><\/figure>\n\n\n\n<p class=\"has-text-align-center\"><\/p>\n\n\n\n<p><span style=\"font-size: 10px;\"><em>Quelle:<\/em>IPCC 2007: Zusammenfassung f\u00fcr politische Entscheidungstr\u00e4ger. In: Metz B, Davidson OR, Bosch PR, Dave R, Meyer LA, Eds. Klima\u00e4nderung 2007: Verminderung des Klimawandels. Beitrag der Arbeitsgruppe III zum Vierten Sachstandsbericht des Zwischenstaatlichen Ausschusses f\u00fcr Klima\u00e4nderung (IPCC). Cambridge, United Kingdom und New York, USA: Cambridge University Press; Deutsche IPCC-Koordinationsstelle, Bern\/Wien\/Berlin, 2007, Tabelle SPM.3; <a href=\"https:\/\/www.ipcc.ch\/publications_and_data\/publications_and_data_reports.shtml\">https:\/\/www.ipcc.ch\/publications_and_data\/publications_and_data_reports.shtml<\/a><\/span><\/p>\n\n\n\n<h5 class=\"wp-block-heading\">Ausgew\u00e4hlte sektorale Politiken, Ma\u00dfnahmen und Instrumente, die sich im jeweiligen Sektor in mindestens einigen nationalen F\u00e4llen als unwirksam erwiesen haben (IPCC 2007).<\/h5>\n\n\n\n<figure class=\"wp-block-image aligncenter is-resized\"><a href=\"https:\/\/www.public-health-kompakt.ch\/wp-content\/uploads\/2012\/04\/Web-Tab.5.5.5.png\"><img decoding=\"async\" src=\"https:\/\/www.public-health-kompakt.ch\/wp-content\/uploads\/2012\/04\/Web-Tab.5.5.5.png\" alt=\"\" class=\"wp-image-824\" style=\"width:500px\" title=\"Web-Tab.5.5.5\"\/><\/a><\/figure>\n\n\n\n<p class=\"has-text-align-center\"><\/p>\n\n\n\n<p><span style=\"font-size: 10px;\"><em>Quelle:<\/em>IPCC 2007: Zusammenfassung f\u00fcr politische Entscheidungstr\u00e4ger. In: Metz B, Davidson OR, Bosch PR, Dave R, Meyer LA, Eds. Klima\u00e4nderung 2007: Verminderung des Klimawandels. Beitrag der Arbeitsgruppe III zum Vierten Sachstandsbericht des Zwischenstaatlichen Ausschusses f\u00fcr Klima\u00e4nderung (IPCC). Cambridge, United Kingdom und New York, USA: Cambridge University Press; Deutsche IPCC-Koordinationsstelle, Bern\/Wien\/Berlin, 2007, Tabelle SPM.7; <a href=\"https:\/\/www.ipcc.ch\/publications_and_data\/publications_and_data_reports.shtml\">https:\/\/www.ipcc.ch\/publications_and_data\/publications_and_data_reports.shtml<\/a><\/span><\/p>\n\n\n\n<p><\/p>\n\n\n\n<p><\/p>\n","protected":false},"excerpt":{"rendered":"<p>Claudia Kuehni, Hubertus Fischer, Adrian Schilt, Matthias Egger Der Klimawandel stellt die Menschen und Institutionen, die sich mit der globalen Gesundheit im 21. Jahrhundert besch\u00e4ftigen, vor neue Herausforderungen. Zum einen f\u00fchren immer h\u00e4ufiger auftretende Extremereignisse wie Hitzewellen, St\u00fcrme und \u00dcberschwemmungen zu direkten Gesundheitsbeeintr\u00e4chtigungen. Andererseits kann es durch \u00f6kologische Ver\u00e4nderungen und sozialen Instabilit\u00e4t zu einer indirekten [&hellip;]<\/p>\n","protected":false},"author":7,"featured_media":0,"parent":22,"menu_order":0,"comment_status":"closed","ping_status":"closed","template":"","meta":{"footnotes":""},"class_list":["post-583","page","type-page","status-publish","hentry"],"blocksy_meta":[],"_links":{"self":[{"href":"https:\/\/www.public-health-kompakt.ch\/index.php\/wp-json\/wp\/v2\/pages\/583","targetHints":{"allow":["GET"]}}],"collection":[{"href":"https:\/\/www.public-health-kompakt.ch\/index.php\/wp-json\/wp\/v2\/pages"}],"about":[{"href":"https:\/\/www.public-health-kompakt.ch\/index.php\/wp-json\/wp\/v2\/types\/page"}],"author":[{"embeddable":true,"href":"https:\/\/www.public-health-kompakt.ch\/index.php\/wp-json\/wp\/v2\/users\/7"}],"replies":[{"embeddable":true,"href":"https:\/\/www.public-health-kompakt.ch\/index.php\/wp-json\/wp\/v2\/comments?post=583"}],"version-history":[{"count":78,"href":"https:\/\/www.public-health-kompakt.ch\/index.php\/wp-json\/wp\/v2\/pages\/583\/revisions"}],"predecessor-version":[{"id":7078,"href":"https:\/\/www.public-health-kompakt.ch\/index.php\/wp-json\/wp\/v2\/pages\/583\/revisions\/7078"}],"up":[{"embeddable":true,"href":"https:\/\/www.public-health-kompakt.ch\/index.php\/wp-json\/wp\/v2\/pages\/22"}],"wp:attachment":[{"href":"https:\/\/www.public-health-kompakt.ch\/index.php\/wp-json\/wp\/v2\/media?parent=583"}],"curies":[{"name":"wp","href":"https:\/\/api.w.org\/{rel}","templated":true}]}}