{"id":6300,"date":"2025-12-11T17:07:55","date_gmt":"2025-12-11T17:07:55","guid":{"rendered":"https:\/\/www.public-health-kompakt.ch\/?page_id=6300"},"modified":"2026-02-14T08:29:06","modified_gmt":"2026-02-14T08:29:06","slug":"kap-1-3-zentrale-konzepte-und-themen","status":"publish","type":"page","link":"https:\/\/www.public-health-kompakt.ch\/index.php\/kapitel-1\/kap-1-3-zentrale-konzepte-und-themen\/","title":{"rendered":"Kap. 1.3 Zentrale Konzepte und Themen"},"content":{"rendered":"\n<p><em>Matthias Egger, Oliver Razum, Anita Rieder, Lukas Fenner, Lotte Habermann-Horstmeier<\/em><\/p>\n\n\n\n<p>Dieser Abschnitt f\u00fchrt in grundlegende Konzepte ein, die das Denken und Handeln in Public Health pr\u00e4gen. Zun\u00e4chst wird verdeutlicht, dass Gesundheit und Krankheit keine dichotomen Zust\u00e4nde sind, sondern auf einem Kontinuum liegen. W\u00e4hrend die Medizin prim\u00e4r die individuelle Ebene betrachtet, richtet sich Public Health auf die Bev\u00f6lkerungsebene. Zwei zentrale Erkl\u00e4rungsans\u00e4tze werden vorgestellt: die Pathogenese, die sich mit der Entstehung von Krankheit und Risikofaktoren befasst, und die Salutogenese, die fragt, wie Gesundheit entsteht und erhalten werden kann.<\/p>\n\n\n\n<p>Ein weiteres Kernkonzept sind die Determinanten der Gesundheit. Gesundheit wird als Ergebnis eines komplexen Zusammenspiels biologischer, sozialer, \u00f6konomischer und umweltbezogener Faktoren verstanden. Das \u201eWeb of Causation\u201c verdeutlicht, dass gesundheitliche Wirkungen selten auf einzelne Ursachen zur\u00fcckzuf\u00fchren sind, sondern aus kumulativen und sich gegenseitig verst\u00e4rkenden Einfl\u00fcssen entstehen.<\/p>\n\n\n\n<p>Besondere Aufmerksamkeit gilt gesundheitlichen Ungleichheiten zwischen Bev\u00f6lkerungsgruppen. Diese betreffen sowohl den Gesundheitszustand als auch die Gesundheitschancen und sind h\u00e4ufig sozial bedingt, etwa durch Unterschiede in Bildung, Einkommen oder Geschlecht. Der Text unterscheidet dabei zwischen blo\u00dfer Ungleichheit (inequality) und vermeidbarer, normativ problematischer Ungerechtigkeit (inequity). Die Reduktion solcher gesundheitlicher Ungerechtigkeiten wird als zentrales Ziel von Public Health herausgestellt.<\/p>\n\n\n\n<h5 class=\"wp-block-heading\">Klassische Artikel und Berichte<\/h5>\n\n\n\n<ul class=\"wp-block-list\">\n<li>Vinje HF, Langeland E, Bull T. <a href=\"https:\/\/www.ncbi.nlm.nih.gov\/books\/NBK435860\/\">Aaron Antonovsky\u2019s Development of Salutogenesis, 1979 to 1994<\/a>. In: Mittelmark MB, Sagy S, Eriksson M, Bauer GF, Pelikan JM, Lindstr\u00f6m B, et al., editors. The Handbook of Salutogenesis, Springer; 2017.<\/li>\n\n\n\n<li><a href=\"https:\/\/www.who.int\/about\/governance\/constitution\">Constitution of the World Health Organization<\/a>. <\/li>\n\n\n\n<li>Lalonde, M. (1974).\u00a0<a href=\"https:\/\/www.canada.ca\/en\/public-health\/services\/health-promotion\/population-health\/a-new-perspective-on-health-canadians.html\">A new perspective on the health of Canadians<\/a>. Ottawa, ON: Minister of Supply and Services Canada.\u00a0<br><em>Das Dokument skizziert ein Gesundheitskonzept (das sogenannte \u201eHealth Field Concept\u201c), das aus vier zentralen Elementen besteht: menschliche Biologie, Umwelt, Lebensstil und die Organisation des Gesundheitswesens.<\/em><\/li>\n\n\n\n<li>Dahlgren G, Whitehead M. <a href=\"https:\/\/linkinghub.elsevier.com\/retrieve\/pii\/S003335062100336X\">The Dahlgren-Whitehead model of health determinants: 30 years on and still chasing rainbows<\/a>. Public Health. 2021 Oct;199:20\u20134. <br><em>Klassisches Modell der sozialen Determinanten von Gesundheit.<\/em><\/li>\n<\/ul>\n\n\n\n<figure class=\"wp-block-image size-full is-resized\"><img loading=\"lazy\" decoding=\"async\" width=\"895\" height=\"577\" src=\"https:\/\/www.public-health-kompakt.ch\/wp-content\/uploads\/2026\/01\/image-15.png\" alt=\"\" class=\"wp-image-6775\" style=\"width:434px;height:auto\" srcset=\"https:\/\/www.public-health-kompakt.ch\/wp-content\/uploads\/2026\/01\/image-15.png 895w, https:\/\/www.public-health-kompakt.ch\/wp-content\/uploads\/2026\/01\/image-15-300x193.png 300w, https:\/\/www.public-health-kompakt.ch\/wp-content\/uploads\/2026\/01\/image-15-768x495.png 768w\" sizes=\"auto, (max-width: 895px) 100vw, 895px\" \/><\/figure>\n\n\n\n<ul class=\"wp-block-list\">\n<li>Krieger N. <a href=\"https:\/\/www.sciencedirect.com\/science\/article\/abs\/pii\/027795369490202X?via%3Dihub\">Epidemiology and the web of causation: Has anyone seen the spider?<\/a> Social Science &amp; Medicine. 1994 Oct 1;39(7):887\u2013903. <br><em>Zentrale Referenz zum \u201eWeb of Causation\u201c.<\/em><\/li>\n\n\n\n<li>World Health Organization (2008). <a href=\"https:\/\/www.who.int\/publications\/i\/item\/WHO-IER-CSDH-08.1\">Closing the gap in a generation: health equity through action on the social determinants of health &#8211; Final report of the commission on social determinants of health<\/a>. <\/li>\n\n\n\n<li>Whitehead M. <a href=\"https:\/\/www.jstor.org\/stable\/45131055\">The Concepts and Principles of Equity and Health<\/a>. International Journal of Health Services. 1992;22(3):429\u201345.<br><em>Grundlagentext zur Unterscheidung von inequality und inequity.<\/em><\/li>\n\n\n\n<li>Marmot M. <a href=\"https:\/\/courses.edx.org\/c4x\/University_of_TorontoX\/D101x\/asset\/Marmot_2005_-Social_determinants_of_health_inequalities.pdf\">Social determinants of health inequalities<\/a>. Lancet. 2005 Mar 19;365(9464):1099\u2013104. <br><em>\u00dcberblicksartikel mit starkem empirischem Fundament.<\/em><\/li>\n\n\n\n<li>Marmot, M. et al. (2010). <a href=\"https:\/\/www.instituteofhealthequity.org\/resources-reports\/fair-society-healthy-lives-the-marmot-review\/fair-society-healthy-lives-full-report-pdf.pdf\">Fair Society, Healthy Lives (The Marmot Review)<\/a>. London.<br><em>Evidenzbasis f\u00fcr gesundheitspolitische Interventionen.<\/em><\/li>\n<\/ul>\n\n\n\n<h5 class=\"wp-block-heading\">Deutschsprachige Quellen<\/h5>\n\n\n\n<ul class=\"wp-block-list\">\n<li>Richter M, Hurrelmann K, editors. <a href=\"https:\/\/link.springer.com\/book\/10.1007\/978-3-531-91643-9\">Gesundheitliche Ungleichheit. Grundlagen, Probleme, Perspektiven<\/a>. 2., aktual. Aufl. Wiesbaden: VS Verl. f\u00fcr Sozialwissenschaften; 2009.<\/li>\n\n\n\n<li>Lampert T, Hoebel J, Kuntz B, Waldhauer J. <a href=\"https:\/\/doi.org\/10.1007\/978-3-662-65219-0_14\">Soziale Ungleichheit und Gesundheit<\/a>. In: Haring R, editor. Gesundheitswissenschaften. Berlin, Heidelberg: Springer; 2022. p. 159\u201368. <\/li>\n<\/ul>\n\n\n\n<p><\/p>\n\n\n\n<p><\/p>\n","protected":false},"excerpt":{"rendered":"<p>Matthias Egger, Oliver Razum, Anita Rieder, Lukas Fenner, Lotte Habermann-Horstmeier Dieser Abschnitt f\u00fchrt in grundlegende Konzepte ein, die das Denken und Handeln in Public Health pr\u00e4gen. Zun\u00e4chst wird verdeutlicht, dass Gesundheit und Krankheit keine dichotomen Zust\u00e4nde sind, sondern auf einem Kontinuum liegen. W\u00e4hrend die Medizin prim\u00e4r die individuelle Ebene betrachtet, richtet sich Public Health auf [&hellip;]<\/p>\n","protected":false},"author":7,"featured_media":0,"parent":14,"menu_order":0,"comment_status":"closed","ping_status":"closed","template":"","meta":{"footnotes":""},"class_list":["post-6300","page","type-page","status-publish","hentry"],"blocksy_meta":[],"_links":{"self":[{"href":"https:\/\/www.public-health-kompakt.ch\/index.php\/wp-json\/wp\/v2\/pages\/6300","targetHints":{"allow":["GET"]}}],"collection":[{"href":"https:\/\/www.public-health-kompakt.ch\/index.php\/wp-json\/wp\/v2\/pages"}],"about":[{"href":"https:\/\/www.public-health-kompakt.ch\/index.php\/wp-json\/wp\/v2\/types\/page"}],"author":[{"embeddable":true,"href":"https:\/\/www.public-health-kompakt.ch\/index.php\/wp-json\/wp\/v2\/users\/7"}],"replies":[{"embeddable":true,"href":"https:\/\/www.public-health-kompakt.ch\/index.php\/wp-json\/wp\/v2\/comments?post=6300"}],"version-history":[{"count":22,"href":"https:\/\/www.public-health-kompakt.ch\/index.php\/wp-json\/wp\/v2\/pages\/6300\/revisions"}],"predecessor-version":[{"id":6977,"href":"https:\/\/www.public-health-kompakt.ch\/index.php\/wp-json\/wp\/v2\/pages\/6300\/revisions\/6977"}],"up":[{"embeddable":true,"href":"https:\/\/www.public-health-kompakt.ch\/index.php\/wp-json\/wp\/v2\/pages\/14"}],"wp:attachment":[{"href":"https:\/\/www.public-health-kompakt.ch\/index.php\/wp-json\/wp\/v2\/media?parent=6300"}],"curies":[{"name":"wp","href":"https:\/\/api.w.org\/{rel}","templated":true}]}}