{"id":6305,"date":"2025-12-11T17:10:11","date_gmt":"2025-12-11T17:10:11","guid":{"rendered":"https:\/\/www.public-health-kompakt.ch\/?page_id=6305"},"modified":"2026-02-14T08:34:29","modified_gmt":"2026-02-14T08:34:29","slug":"kap-1-4-die-disziplinen-von-public-health","status":"publish","type":"page","link":"https:\/\/www.public-health-kompakt.ch\/index.php\/kapitel-1\/kap-1-4-die-disziplinen-von-public-health\/","title":{"rendered":"Kap. 1.4 Die Disziplinen von Public Health"},"content":{"rendered":"\n<p><em>Matthias Egger, Oliver Razum, Anita Rieder, Lukas Fenner, Lotte Habermann-Horstmeier<\/em><\/p>\n\n\n\n<p>Public Health ist ein interdisziplin\u00e4res Fach, in dem Disziplinen aus der medizinisch-naturwissenschaftlichen sowie der sozial- und verhaltenswissenschaftlichen Tradition zusammenwirken. Zu den methodischen Kernbereichen geh\u00f6ren Epidemiologie, Demografie, Biostatistik und Data Science sowie Sozialwissenschaften und Gesundheits\u00f6konomie. Erg\u00e4nzt werden sie u. a. durch Sozialmedizin, Medizinsoziologie, Gesundheitsf\u00f6rderung, Pr\u00e4ventivmedizin, Umweltmedizin, Gesundheitspsychologie, Gesundheitspolitik, Organisations- und Managementwissenschaften sowie Ethik. Die Disziplinen sind inhaltlich eng miteinander verbunden und lassen sich nicht immer eindeutig abgrenzen. Diese Vielfalt und Zusammenarbeit unterschiedlicher Perspektiven kennzeichnen Public Health als eigenst\u00e4ndiges, interdisziplin\u00e4res Arbeitsfeld.<\/p>\n\n\n\n<h5 class=\"wp-block-heading\">Weiterf\u00fchrende Literatur<\/h5>\n\n\n\n<ul class=\"wp-block-list\">\n<li>Institute of Medicine. (1988). <a href=\"https:\/\/doi.org\/10.17226\/1091\">The future of public health<\/a>. National Academies Press. <\/li>\n\n\n\n<li>Krieger N. <a href=\"https:\/\/doi.org\/10.1093\/acprof:oso\/9780195383874.001.0001\">Epidemiology and the People\u2019s Health: Theory and Context<\/a><em>.<\/em> Oxford University Press; 2011. <\/li>\n\n\n\n<li>Berkman LF, Kawachi I, Glymour MM, editors. <a href=\"https:\/\/doi.org\/10.1093\/med\/9780195377903.001.0001\">Social Epidemiology<\/a>. Oxford University Press; 2014. <\/li>\n\n\n\n<li>Kass NE. <a href=\"https:\/\/ajph.aphapublications.org\/doi\/full\/10.2105\/AJPH.91.11.1776\">An Ethics Framework for Public Health.<\/a> Am J Public Health. 2001 Nov;91(11):1776\u201382.<\/li>\n\n\n\n<li>Rosenbrock R, Hartung S. <a href=\"https:\/\/elibrary.hogrefe.com\/book\/99.110005\/9783456950457\">Handbuch Partizipation und Gesundheit<\/a>. Hogrefe, vorm. Verlag Hans Huber; 2012. <\/li>\n\n\n\n<li>Richter M, Hurrelmann K, eds.\u00a0<a href=\"https:\/\/link.springer.com\/book\/10.1007\/978-3-658-11010-9\">Soziologie von Gesundheit und Krankheit<\/a>. Wiesbaden: Springer VS; 2016.<\/li>\n\n\n\n<li>Buyx A, Huster S. <a href=\"https:\/\/doi.org\/10.1007\/s00481-010-0080-1\">Ethische Aspekte von Public Health<\/a>. Ethik Med. 2010 Sept 1;22(3):175\u20137.<\/li>\n\n\n\n<li>Bundesinstitut f\u00fcr \u00d6ffentliche Gesundheit (BI\u00d6G) (Hrsg.). (2025).\u00a0<a href=\"https:\/\/doi.org\/10.17623\/BIOEG:Q4-LBPGF-25\">Leitbegriffe der Gesundheitsf\u00f6rderung und Pr\u00e4vention. Glossar zu Konzepten, Strategien und Methoden<\/a>.\u00a0<\/li>\n\n\n\n<li>Gordis L, Rau R, Bocter N, Gordis L. <a href=\"https:\/\/www.zvab.com\/9783932091636\/Epidemiologie-Gordis-Leon-3932091639\/plp\">Epidemiologie. Dt. Erstausg<\/a>. Marburg: Kilian; 2001. 365 p. <\/li>\n<\/ul>\n\n\n\n<figure class=\"wp-block-image size-full\"><img loading=\"lazy\" decoding=\"async\" width=\"242\" height=\"350\" src=\"https:\/\/www.public-health-kompakt.ch\/wp-content\/uploads\/2026\/01\/image-17.png\" alt=\"\" class=\"wp-image-6779\" srcset=\"https:\/\/www.public-health-kompakt.ch\/wp-content\/uploads\/2026\/01\/image-17.png 242w, https:\/\/www.public-health-kompakt.ch\/wp-content\/uploads\/2026\/01\/image-17-207x300.png 207w\" sizes=\"auto, (max-width: 242px) 100vw, 242px\" \/><\/figure>\n\n\n\n<p><em>Leider vergriffen, aber auf verschiedenen Plattformen weiterhin erh\u00e4ltlich.<\/em><\/p>\n","protected":false},"excerpt":{"rendered":"<p>Matthias Egger, Oliver Razum, Anita Rieder, Lukas Fenner, Lotte Habermann-Horstmeier Public Health ist ein interdisziplin\u00e4res Fach, in dem Disziplinen aus der medizinisch-naturwissenschaftlichen sowie der sozial- und verhaltenswissenschaftlichen Tradition zusammenwirken. Zu den methodischen Kernbereichen geh\u00f6ren Epidemiologie, Demografie, Biostatistik und Data Science sowie Sozialwissenschaften und Gesundheits\u00f6konomie. Erg\u00e4nzt werden sie u. a. durch Sozialmedizin, Medizinsoziologie, Gesundheitsf\u00f6rderung, Pr\u00e4ventivmedizin, Umweltmedizin, [&hellip;]<\/p>\n","protected":false},"author":7,"featured_media":0,"parent":14,"menu_order":0,"comment_status":"closed","ping_status":"closed","template":"","meta":{"footnotes":""},"class_list":["post-6305","page","type-page","status-publish","hentry"],"blocksy_meta":[],"_links":{"self":[{"href":"https:\/\/www.public-health-kompakt.ch\/index.php\/wp-json\/wp\/v2\/pages\/6305","targetHints":{"allow":["GET"]}}],"collection":[{"href":"https:\/\/www.public-health-kompakt.ch\/index.php\/wp-json\/wp\/v2\/pages"}],"about":[{"href":"https:\/\/www.public-health-kompakt.ch\/index.php\/wp-json\/wp\/v2\/types\/page"}],"author":[{"embeddable":true,"href":"https:\/\/www.public-health-kompakt.ch\/index.php\/wp-json\/wp\/v2\/users\/7"}],"replies":[{"embeddable":true,"href":"https:\/\/www.public-health-kompakt.ch\/index.php\/wp-json\/wp\/v2\/comments?post=6305"}],"version-history":[{"count":14,"href":"https:\/\/www.public-health-kompakt.ch\/index.php\/wp-json\/wp\/v2\/pages\/6305\/revisions"}],"predecessor-version":[{"id":6979,"href":"https:\/\/www.public-health-kompakt.ch\/index.php\/wp-json\/wp\/v2\/pages\/6305\/revisions\/6979"}],"up":[{"embeddable":true,"href":"https:\/\/www.public-health-kompakt.ch\/index.php\/wp-json\/wp\/v2\/pages\/14"}],"wp:attachment":[{"href":"https:\/\/www.public-health-kompakt.ch\/index.php\/wp-json\/wp\/v2\/media?parent=6305"}],"curies":[{"name":"wp","href":"https:\/\/api.w.org\/{rel}","templated":true}]}}