{"id":6307,"date":"2025-12-11T17:10:59","date_gmt":"2025-12-11T17:10:59","guid":{"rendered":"https:\/\/www.public-health-kompakt.ch\/?page_id=6307"},"modified":"2026-02-14T08:43:54","modified_gmt":"2026-02-14T08:43:54","slug":"1-5-ansatzpunkte-der-pravention","status":"publish","type":"page","link":"https:\/\/www.public-health-kompakt.ch\/index.php\/kapitel-1\/1-5-ansatzpunkte-der-pravention\/","title":{"rendered":"Kap. 1.5 Ansatzpunkte der Pr\u00e4vention"},"content":{"rendered":"\n<p><em>Matthias Egger, Oliver Razum, Anita Rieder, Lukas Fenner, Lotte Habermann-Horstmeier<\/em><\/p>\n\n\n\n<p>Dieser Abschnitt beschreibt zentrale Ansatzpunkte der Pr\u00e4vention in Public Health. Pr\u00e4vention kann entlang des Krankheitsverlaufs ansetzen (Prim\u00e4r-, Sekund\u00e4r- und Terti\u00e4rpr\u00e4vention), auf unterschiedliche Zielgruppen ausgerichtet sein (Bev\u00f6lkerungs- versus Hochrisikostrategie) sowie am individuellen Verhalten oder an strukturellen Rahmenbedingungen (Verhaltens- und Verh\u00e4ltnispr\u00e4vention). Bev\u00f6lkerungsstrategien k\u00f6nnen trotz geringer Effekte f\u00fcr Einzelne gro\u00dfe gesundheitliche Gewinne erzielen (Pr\u00e4ventionsparadox). Erg\u00e4nzend wird das Konzept der Precision Public Health vorgestellt, das mithilfe neuer Daten und Technologien pr\u00e4ventive Ma\u00dfnahmen gezielter auf bestimmte Bev\u00f6lkerungsgruppen ausrichten will, dabei jedoch soziale und ethische Aspekte ber\u00fccksichtigen muss.<\/p>\n\n\n\n<h4 class=\"wp-block-heading\">Weiterf\u00fchrende Literatur<\/h4>\n\n\n\n<ul class=\"wp-block-list\">\n<li>Rose GA. <a href=\"https:\/\/global.oup.com\/academic\/product\/roses-strategy-of-preventive-medicine-9780192630971?cc=ch&amp;lang=en&amp;\">The strategy of preventive medicine<\/a>. Oxford\u202f; New York: Oxford University Press; 1992. 138 p. <\/li>\n<\/ul>\n\n\n\n<figure class=\"wp-block-image size-full is-resized\"><img loading=\"lazy\" decoding=\"async\" width=\"349\" height=\"538\" src=\"https:\/\/www.public-health-kompakt.ch\/wp-content\/uploads\/2026\/01\/image-18.png\" alt=\"\" class=\"wp-image-6782\" style=\"width:221px;height:auto\" srcset=\"https:\/\/www.public-health-kompakt.ch\/wp-content\/uploads\/2026\/01\/image-18.png 349w, https:\/\/www.public-health-kompakt.ch\/wp-content\/uploads\/2026\/01\/image-18-195x300.png 195w\" sizes=\"auto, (max-width: 349px) 100vw, 349px\" \/><\/figure>\n\n\n\n<ul class=\"wp-block-list\">\n<li>Rossow I, Romelsj\u00f6 A. <a href=\"https:\/\/onlinelibrary.wiley.com\/doi\/10.1111\/j.1360-0443.2005.01294.x\">The extent of the \u201cprevention paradox\u201d in alcohol problems as a function of population drinking patterns<\/a>. Addiction. 2006 Jan;101(1):84\u201390.<\/li>\n\n\n\n<li>Hunt K, Emslie C. <a href=\"https:\/\/academic.oup.com\/ije\/article\/30\/3\/442\/736902\">Commentary: the prevention paradox in lay epidemiology&#8211;Rose revisited<\/a>. Int J Epidemiol. 2001 June;30(3):442\u20136.<\/li>\n\n\n\n<li>Skog OJ. <a href=\"https:\/\/onlinelibrary.wiley.com\/doi\/10.1046\/j.1360-0443.1999.94575113.x\">The prevention paradox revisited<\/a>. Addiction. 1999 May;94(5):751\u20137.<\/li>\n\n\n\n<li>PHG Foundation. <a href=\"https:\/\/www.phgfoundation.org\/report\/public-health-in-an-era-of-genome-based-and-personalised-medicine\">Public health in an era of genome-based and personalised medicine<\/a>. Cambridge, UK, 2010.<\/li>\n\n\n\n<li>Centers for Disease Control and Prevention. <a href=\"http:\/\/www.cdc.gov\/genomics\/about\/index.htm\">Genomics and Precision Health<\/a>.<\/li>\n<\/ul>\n\n\n\n<h4 class=\"wp-block-heading\">Zus\u00e4tzliche Materialien<\/h4>\n\n\n\n<p>Vergleich von Hochrisiko- und Bev\u00f6lkerungsstrategie in der kardiovaskul\u00e4ren Prim\u00e4rpr\u00e4vention bei britischen M\u00e4nnern. Die Tabelle zeigt die prozentuale Senkung der Inzidenz kardiovaskul\u00e4rer Ereignisse bei medikament\u00f6ser Behandlung von M\u00e4nnern mit hohem Risiko (<em>Hochrisikostrategie<\/em>) und die Verschiebung der Risikofaktorenverteilung bei allen M\u00e4nnern (<em>Bev\u00f6lkerungsstrategie<\/em>).<\/p>\n\n\n\n<figure class=\"wp-block-image size-full\"><img loading=\"lazy\" decoding=\"async\" width=\"945\" height=\"405\" src=\"https:\/\/www.public-health-kompakt.ch\/wp-content\/uploads\/2026\/01\/image-4.png\" alt=\"\" class=\"wp-image-6648\" srcset=\"https:\/\/www.public-health-kompakt.ch\/wp-content\/uploads\/2026\/01\/image-4.png 945w, https:\/\/www.public-health-kompakt.ch\/wp-content\/uploads\/2026\/01\/image-4-300x129.png 300w, https:\/\/www.public-health-kompakt.ch\/wp-content\/uploads\/2026\/01\/image-4-768x329.png 768w\" sizes=\"auto, (max-width: 945px) 100vw, 945px\" \/><\/figure>\n\n\n\n<p><a href=\"https:\/\/www.public-health-kompakt.ch\/wp-content\/uploads\/2014\/02\/Web-abb-1.5.png\"><\/a><sup>1<\/sup>6 % aller M\u00e4nner werden behandelt;&nbsp;<sup>2<\/sup>26 % aller M\u00e4nner werden behandelt;&nbsp;<sup>3<\/sup>50 % aller M\u00e4nner werden behandelt;&nbsp;<sup>4<\/sup>Die individuellen Werte aller M\u00e4nner werden um denselben Prozentsatz reduziert<\/p>\n\n\n\n<p>Die Berechnungen basieren auf den Werten von 5.997 M\u00e4nnern ohne kardiovaskul\u00e4re Erkrankung mit Durchschnittsalter 50 Jahre der <em>British Regional Heart Study<\/em>. Zu den kardiovaskul\u00e4ren Ereignissen z\u00e4hlen akute Herzinfarkte und Schlaganf\u00e4lle sowie kardiovaskul\u00e4re Todesf\u00e4lle.<\/p>\n\n\n\n<p>Quelle: Emberson J et al. <a href=\"https:\/\/pubmed.ncbi.nlm.nih.gov\/15039128\/\">Evaluating the impact of population and high-risk strategies for the primary prevention of cardiovascular disease<\/a>. European Heart Journal 2004; 25: 484-491<em>.<\/em><\/p>\n\n\n\n<p><\/p>\n","protected":false},"excerpt":{"rendered":"<p>Matthias Egger, Oliver Razum, Anita Rieder, Lukas Fenner, Lotte Habermann-Horstmeier Dieser Abschnitt beschreibt zentrale Ansatzpunkte der Pr\u00e4vention in Public Health. Pr\u00e4vention kann entlang des Krankheitsverlaufs ansetzen (Prim\u00e4r-, Sekund\u00e4r- und Terti\u00e4rpr\u00e4vention), auf unterschiedliche Zielgruppen ausgerichtet sein (Bev\u00f6lkerungs- versus Hochrisikostrategie) sowie am individuellen Verhalten oder an strukturellen Rahmenbedingungen (Verhaltens- und Verh\u00e4ltnispr\u00e4vention). Bev\u00f6lkerungsstrategien k\u00f6nnen trotz geringer Effekte f\u00fcr [&hellip;]<\/p>\n","protected":false},"author":7,"featured_media":0,"parent":14,"menu_order":0,"comment_status":"closed","ping_status":"closed","template":"","meta":{"footnotes":""},"class_list":["post-6307","page","type-page","status-publish","hentry"],"blocksy_meta":[],"_links":{"self":[{"href":"https:\/\/www.public-health-kompakt.ch\/index.php\/wp-json\/wp\/v2\/pages\/6307","targetHints":{"allow":["GET"]}}],"collection":[{"href":"https:\/\/www.public-health-kompakt.ch\/index.php\/wp-json\/wp\/v2\/pages"}],"about":[{"href":"https:\/\/www.public-health-kompakt.ch\/index.php\/wp-json\/wp\/v2\/types\/page"}],"author":[{"embeddable":true,"href":"https:\/\/www.public-health-kompakt.ch\/index.php\/wp-json\/wp\/v2\/users\/7"}],"replies":[{"embeddable":true,"href":"https:\/\/www.public-health-kompakt.ch\/index.php\/wp-json\/wp\/v2\/comments?post=6307"}],"version-history":[{"count":14,"href":"https:\/\/www.public-health-kompakt.ch\/index.php\/wp-json\/wp\/v2\/pages\/6307\/revisions"}],"predecessor-version":[{"id":6983,"href":"https:\/\/www.public-health-kompakt.ch\/index.php\/wp-json\/wp\/v2\/pages\/6307\/revisions\/6983"}],"up":[{"embeddable":true,"href":"https:\/\/www.public-health-kompakt.ch\/index.php\/wp-json\/wp\/v2\/pages\/14"}],"wp:attachment":[{"href":"https:\/\/www.public-health-kompakt.ch\/index.php\/wp-json\/wp\/v2\/media?parent=6307"}],"curies":[{"name":"wp","href":"https:\/\/api.w.org\/{rel}","templated":true}]}}