{"id":6309,"date":"2025-12-11T17:12:04","date_gmt":"2025-12-11T17:12:04","guid":{"rendered":"https:\/\/www.public-health-kompakt.ch\/?page_id=6309"},"modified":"2026-02-14T08:51:00","modified_gmt":"2026-02-14T08:51:00","slug":"kap-1-6-public-health-ethik","status":"publish","type":"page","link":"https:\/\/www.public-health-kompakt.ch\/index.php\/kapitel-1\/kap-1-6-public-health-ethik\/","title":{"rendered":"Kap. 1.6 Public Health Ethik"},"content":{"rendered":"\n<p><em><em>Matthias Egger, Oliver Razum, Anita Rieder, Lukas Fenner, Lotte Habermann-Horstmeier<\/em><\/em><\/p>\n\n\n\n<p>Die Public-Health-Ethik befasst sich mit ethischen Fragen der \u00f6ffentlichen Gesundheit und unterscheidet sich von der Medizinethik dadurch, dass nicht die \u00c4rzt:in-Patient:in-Beziehung, sondern das Verh\u00e4ltnis zwischen Institutionen und Bev\u00f6lkerung im Mittelpunkt steht. Sie wird besonders relevant bei bev\u00f6lkerungsbezogenen Ma\u00dfnahmen wie Screening-Programmen, Infektionsschutz, Rauchverboten oder in Krisensituationen wie der COVID-19-Pandemie. Zentrale ethische Ans\u00e4tze sind der Utilitarismus, der auf das gr\u00f6\u00dftm\u00f6gliche Wohl der Mehrheit abzielt, sowie die Menschenrechte, die den Schutz individueller Rechte betonen. Wichtige Prinzipien sind Autonomie, gegenseitige Abh\u00e4ngigkeit, F\u00fcrsorge, Mitwirkung, Gerechtigkeit und wissenschaftliche Abst\u00fctzung. Diese Prinzipien helfen, Nutzen, Risiken und Fairness von Public-Health-Ma\u00dfnahmen systematisch abzuw\u00e4gen.<\/p>\n\n\n\n<h4 class=\"wp-block-heading\">Weiterf\u00fchrende Literatur<\/h4>\n\n\n\n<h5 class=\"wp-block-heading\">Artikel<\/h5>\n\n\n\n<ul class=\"wp-block-list\">\n<li>Childress JF, Faden RR, Gaare RD, Gostin LO, Kahn J, Bonnie RJ, et al. <a href=\"https:\/\/www.cambridge.org\/core\/journals\/journal-of-law-medicine-and-ethics\/article\/abs\/public-health-ethics-mapping-the-terrain\/415AE80C221FD84CDF5067898F7F7425\">Public health ethics: Mapping the terrain<\/a>. J Law Med Ethics. 2002 SUM;30(2):170-.<\/li>\n\n\n\n<li>Gostin LO, Powers M. <a href=\"https:\/\/www.healthaffairs.org\/doi\/10.1377\/hlthaff.25.4.1053\">What does social justice require for the public\u2019s health? Public health ethics and policy imperatives<\/a>. Health Aff. 2006 Aug;25(4):1053\u201360.<\/li>\n\n\n\n<li>Abbasi M, Majdzadeh R, Zali A, Karimi A, Akrami F. <a href=\"https:\/\/link.springer.com\/article\/10.1007\/s11019-017-9813-y\">The evolution of public health ethics frameworks: systematic review of moral values and norms in public health policy<\/a>. Med Health Care Philos. 2018 Sept;21(3):387\u2013402.<\/li>\n\n\n\n<li>Kass NE. <a href=\"https:\/\/www.cambridge.org\/core\/journals\/journal-of-law-medicine-and-ethics\/article\/abs\/public-health-ethics-from-foundations-and-frameworks-to-justice-and-global-public-health\/12ACDC64D52A79B2BFB0355FBFCB18A7\">Public health ethics: From foundations and frameworks to justice and global public health<\/a>. J Law Med Ethics. 2004 SUM;32(2):232-.<\/li>\n\n\n\n<li>Petrini C. <a href=\"https:\/\/www.mdpi.com\/1660-4601\/7\/1\/189\">Theoretical Models and Operational Frameworks in Public Health Ethics<\/a>. Int J Environ Res Public Health. 2010 Jan;7(1):189\u2013202.<\/li>\n<\/ul>\n\n\n\n<h5 class=\"wp-block-heading\">Books and book reviews<\/h5>\n\n\n\n<figure class=\"wp-block-image size-full\"><img loading=\"lazy\" decoding=\"async\" width=\"542\" height=\"181\" src=\"https:\/\/www.public-health-kompakt.ch\/wp-content\/uploads\/2026\/01\/image-19.png\" alt=\"\" class=\"wp-image-6785\" srcset=\"https:\/\/www.public-health-kompakt.ch\/wp-content\/uploads\/2026\/01\/image-19.png 542w, https:\/\/www.public-health-kompakt.ch\/wp-content\/uploads\/2026\/01\/image-19-300x100.png 300w\" sizes=\"auto, (max-width: 542px) 100vw, 542px\" \/><\/figure>\n\n\n\n<ul class=\"wp-block-list\">\n<li>Springer book series on <a href=\"https:\/\/link.springer.com\/series\/10067\">Public Health Ethics Analysis<\/a>. <\/li>\n\n\n\n<li>Holland S. <a href=\"https:\/\/www.politybooks.com\/bookdetail?book_slug=public-health-ethics-3rd-edition--9781509548293\">Public health ethics<\/a>. Third edition. Cambridge, UK\u202f; Hoboken, NJ: Polity; 2023. 330 p. <\/li>\n\n\n\n<li>Dawson A, editor. <a href=\"https:\/\/academic.oup.com\/book\/49595\">Ethics, prevention, and public health<\/a>. Oxford: Clarendon Pr; 2009. 234 p. <\/li>\n\n\n\n<li>Bull S, Parker M, Ali J, Jonas MF, Muthuswamy V, Saenz C, et al., editors. <a href=\"https:\/\/library.oapen.org\/handle\/20.500.12657\/90412\">Research ethics in epidemics and pandemics: a casebook<\/a>. Cham: Springer; 2024. <\/li>\n\n\n\n<li>Venkatapuram S, Broadbent A, editors. <a href=\"https:\/\/www.routledge.com\/The-Routledge-Handbook-of-Philosophy-of-Public-Health\/Venkatapuram-Broadbent\/p\/book\/9781032323879\">The Routledge handbook of philosophy of public health<\/a>. London\u202f; New York: Routledge, Taylor &amp; Francis Group; 2023. <\/li>\n<\/ul>\n\n\n\n<p><\/p>\n","protected":false},"excerpt":{"rendered":"<p>Matthias Egger, Oliver Razum, Anita Rieder, Lukas Fenner, Lotte Habermann-Horstmeier Die Public-Health-Ethik befasst sich mit ethischen Fragen der \u00f6ffentlichen Gesundheit und unterscheidet sich von der Medizinethik dadurch, dass nicht die \u00c4rzt:in-Patient:in-Beziehung, sondern das Verh\u00e4ltnis zwischen Institutionen und Bev\u00f6lkerung im Mittelpunkt steht. Sie wird besonders relevant bei bev\u00f6lkerungsbezogenen Ma\u00dfnahmen wie Screening-Programmen, Infektionsschutz, Rauchverboten oder in Krisensituationen [&hellip;]<\/p>\n","protected":false},"author":7,"featured_media":0,"parent":14,"menu_order":0,"comment_status":"closed","ping_status":"closed","template":"","meta":{"footnotes":""},"class_list":["post-6309","page","type-page","status-publish","hentry"],"blocksy_meta":[],"_links":{"self":[{"href":"https:\/\/www.public-health-kompakt.ch\/index.php\/wp-json\/wp\/v2\/pages\/6309","targetHints":{"allow":["GET"]}}],"collection":[{"href":"https:\/\/www.public-health-kompakt.ch\/index.php\/wp-json\/wp\/v2\/pages"}],"about":[{"href":"https:\/\/www.public-health-kompakt.ch\/index.php\/wp-json\/wp\/v2\/types\/page"}],"author":[{"embeddable":true,"href":"https:\/\/www.public-health-kompakt.ch\/index.php\/wp-json\/wp\/v2\/users\/7"}],"replies":[{"embeddable":true,"href":"https:\/\/www.public-health-kompakt.ch\/index.php\/wp-json\/wp\/v2\/comments?post=6309"}],"version-history":[{"count":15,"href":"https:\/\/www.public-health-kompakt.ch\/index.php\/wp-json\/wp\/v2\/pages\/6309\/revisions"}],"predecessor-version":[{"id":6987,"href":"https:\/\/www.public-health-kompakt.ch\/index.php\/wp-json\/wp\/v2\/pages\/6309\/revisions\/6987"}],"up":[{"embeddable":true,"href":"https:\/\/www.public-health-kompakt.ch\/index.php\/wp-json\/wp\/v2\/pages\/14"}],"wp:attachment":[{"href":"https:\/\/www.public-health-kompakt.ch\/index.php\/wp-json\/wp\/v2\/media?parent=6309"}],"curies":[{"name":"wp","href":"https:\/\/api.w.org\/{rel}","templated":true}]}}