{"id":7,"date":"2012-03-09T18:46:43","date_gmt":"2012-03-09T18:46:43","guid":{"rendered":"http:\/\/public-health-kompakt.frappant.ch\/?page_id=7"},"modified":"2026-03-23T15:50:22","modified_gmt":"2026-03-23T15:50:22","slug":"infos-zum-buch","status":"publish","type":"page","link":"https:\/\/www.public-health-kompakt.ch\/index.php\/infos-zum-buch\/","title":{"rendered":"Autoren und Autorinnen der 5. Auflage"},"content":{"rendered":"\n<p><strong>Wir danken den Autor:innen der vierten Auflage herzlich, die ihre Beitr\u00e4ge f\u00fcr die Aktualisierung und \u00dcberarbeitung dieser f\u00fcnften Auflage von Public Health Kompakt an meist j\u00fcngere Kolleg:innen \u00fcbergeben haben und in der aktuellen Ausgabe nicht mehr vertreten sind. Unser besonderer Dank gilt: Thomas Abel (Kapitel 2 und 4 der 4. Auflage), Siegfried Geyer (Kapitel 2) Reinhard Fuchs, Petra Kolip, Matthias Richter und Rolf Rosenbrock (Kapitel 4), Nino K\u00fcnzli und Barbara Hoffmann (Kapitel 6), Christine Klien, Claudia Pletscher und Klaus Schmidt (Kapitel 7), Gilles Wandeler, Jonas Marschall und Petra Gastmeier (Kapitel 9) sowie Nicola Low und Kathrin Z\u00fcrcher (Kapitel 10).<\/strong><\/p>\n\n\n\n<p><strong>Althaus, Christian<\/strong><br>Neue Infektionskrankheiten und Internationale<br>Zusammenarbeit, Bundesamt f\u00fcr Gesundheit<br>(BAG), Bern<br>Kapitel 9<br><br><strong>Bender, Nicole<\/strong><br>Institut f\u00fcr Evolution\u00e4re Medizin (IEM),<br>Universit\u00e4t Z\u00fcrich<br>Kapitel 5<br><br><strong>Berg-Beckhoff, Gabriele<\/strong><br>Department of Public Health, University of<br>Southern Denmark<br>Kapitel 6.5.1<br><br><strong>Brzoska, Patrick<\/strong><br>Fakult\u00e4t f\u00fcr Gesundheit\/Department f\u00fcr<br>Humanmedizin, Universit\u00e4t Witten\/Herdecke<br>Kapitel 2.1<br><br><strong>Dorner, Thomas E Dorner<\/strong><br>Zentrum f\u00fcr Public Health, Medizinische<br>Universit\u00e4t Wien<br>Kapitel 3.2.2, 4, 8.4<br><br><strong>Egger, Matthias<\/strong><br>Institut f\u00fcr Epidemiologie, Biostatistik und<br>Pr\u00e4vention, Universit\u00e4t Z\u00fcrich<br>Kapitel 1, 2.1, 2.2, 3.1, 3.2.1, 4, 4.5, 6.2, 6.4, 7, 8.1,<br>8.2, 8.5, 10<br><br><strong>Fenner, Lukas<\/strong><br>Institut f\u00fcr Sozial- und Pr\u00e4ventivmedizin (ISPM),<br>Universit\u00e4t Bern<br>Kapitel 1.2<br><br><strong>Fischer, Hubertus<\/strong><br>Klima und Umweltphysik (KUP), Universit\u00e4t Bern<br>Kapitel 6.1<br><br><strong>Frahsa, Annika<\/strong><br>Institut f\u00fcr Sozial- und Pr\u00e4ventivmedizin (ISPM),<br>Universit\u00e4t Bern<br>Kapitel 2.4<br><br><strong>Ganbat, Mandukhai<\/strong><br>Institut f\u00fcr Sozial- und Pr\u00e4ventivmedizin (ISPM),<br>Universit\u00e4t Bern<br>Kapitel 6.4<br><br><strong>Gatterer, Christian<\/strong><br>Abteilung f\u00fcr Infektionen und Tropenmedizin,<br>Medizinische Universit\u00e4t Wien<br>Kapitel 9<br><br><strong>Gerfin, Michael<\/strong><br>Volkswirtschaftliches Institut, Universit\u00e4t Bern<br>Kapitel 3.1, 3.2.1<br><br><strong>Goutaki, Myrofora<\/strong><br>Institut f\u00fcr Sozial- und Pr\u00e4ventivmedizin (ISPM),<br>Universit\u00e4t Bern<br>Kapitel 8.6<br><br><strong>Habermann-Horstmeier, Lotte<\/strong><br>Villingen Institute of Public Health (VIPH)<br>Kapitel 1.6, 4, 6.2, 8.1, 8.2<br><br><strong>Haidinger, Gerald<\/strong><br>Zentrum f\u00fcr Public Health, Medizinische<br>Universit\u00e4t Wien<br>Kapitel 8.4<br><br><strong>Haluza, Daniela<\/strong><br>Zentrum f\u00fcr Public Health, Medizinische<br>Universit\u00e4t Wien<br>Kapitel 6.2, 6.3<br><br><strong>Hanzal, Engelbert<br><\/strong>Universit\u00e4tsklinik f\u00fcr Frauenheilkunde,<br>Medizinische Universit\u00e4t Wien<br>Kapitel 6.2, 6.3<br><br><strong>Hjalmarsson, Linn<\/strong><br>Volkswirtschaftliches Institut, Universit\u00e4t Bern<br>Kapitel 3.2.1<br><br><strong>Hochgatterer, Karl<\/strong><br>\u00d6sterreichische Akademie f\u00fcr Arbeitsmedizin<br>und Pr\u00e4vention, Wien<br>Kapitel 7.6<br><br><strong>Hutter, Hans-Peter<\/strong><br>Abteilung f\u00fcr Umwelthygiene und<br>Umweltmedizin, Medizinische Universit\u00e4t Wien<br>Kapitel 6.6<br><br><strong>Iff, Samuel<\/strong><br>Institut f\u00fcr Sozial- und Pr\u00e4ventivmedizin (ISPM),<br>Universit\u00e4t Bern<br>Kapitel 7.7<br><br><strong>Jent, Philipp<\/strong><br>Universit\u00e4tsklinik f\u00fcr Infektiologie,<br>Inselspital \u2013 Universit\u00e4tsspital Bern<br>Kapitel 9<br><br><strong>Jutzi, Martin<\/strong><br>Space Research &amp; Planetary Sciences, Universit\u00e4t<br>Bern<br>Kapitel 6.5.2<br><br><strong>K\u00e4mpf, Daniel<\/strong><br>Institut und Poliklinik f\u00fcr Arbeits- und<br>Sozialmedizin, Technische Universit\u00e4t Dresden<br>Kapitel 7<br><br><strong>Kautzky-Willer, Alexandra<\/strong><br>Universit\u00e4tsklinik f\u00fcr Innere Medizin III,<br>Medizinische Universit\u00e4t Wien<br>Kapitel 8.3<br><br><strong>Krampe, Franziska<\/strong><br>Fakult\u00e4t f\u00fcr Gesundheitswissenschaften,<br>Universit\u00e4t Bielefeld<br>Kapitel 10<br><br><strong>Kuehni, Claudia<\/strong><br>Institut f\u00fcr Sozial- und Pr\u00e4ventivmedizin (ISPM),<br>Universit\u00e4t Bern<br>Kapitel 6.1, 6.5.2, 8.6<br><br><strong>Kundi, Michael<\/strong><br>Abteilung f\u00fcr Umwelthygiene und<br>Umweltmedizin, Medizinische Universit\u00e4t Wien<br>Kapitel 6.3<br><br><strong>Lagler, Heimo<\/strong><br>Abteilung f\u00fcr Infektionen und Tropenmedizin,<br>Medizinische Universit\u00e4t Wien<br>Kapitel 9<br><br><strong>Land, Beate<\/strong><br>Angewandte Gesundheits- und<br>Pflegewissenschaften, Duale Hochschule Baden-<br>W\u00fcrttemberg (DHBW) Mannheim<br>Kapitel 3.2.3<br><br><strong>Latzin, Philipp<\/strong><br>Kinderklinik, Inselspital \u2013 Universit\u00e4tsspital Bern<br>Kapitel 8.6<br><br><strong>L\u00f6tscher, Fabienne<\/strong><br>Volkswirtschaftliches Institut, Universit\u00e4t Bern<br>Kapitel 3.1<br><br><strong>Moshammer, Hanns<\/strong><br>Abteilung f\u00fcr Umwelthygiene und<br>Umweltmedizin, Medizinische Universit\u00e4t Wien<br>Kapitel 6.4<br><br><strong>Niederkrotenthaler, Thomas<\/strong><br>Zentrum f\u00fcr Public Health, Medizinische<br>Universit\u00e4t Wien<br>Kapitel 8.8<br><br><strong>Niemann, Steffen<\/strong><br>Beratungsstelle f\u00fcr Unfallverh\u00fctung (bfu), Bern<br>Kapitel 8.9<br><br><strong>Puhan, Milo<\/strong><br>Institut f\u00fcr Epidemiologie, Biostatistik und<br>Pr\u00e4vention, Universit\u00e4t Z\u00fcrich<br>Kapitel 8.6<br><br><strong>Razum, Oliver<\/strong><br>Fakult\u00e4t f\u00fcr Gesundheitswissenschaften,<br>Universit\u00e4t Bielefeld<br>Kapitel 1, 2.1, 10<br><br><strong>Reichenbach, Stephan<\/strong><br>Institut f\u00fcr Sozial- und Pr\u00e4ventivmedizin (ISPM),<br>Universit\u00e4t Bern<br>Kapitel 8.7<br><br><strong>Rieder, Anita<\/strong><br>Zentrum f\u00fcr Public Health, Medizinische<br>Universit\u00e4t Wien<br>Kapitel 1, 2.1, 8.3, 8.4<br><br><strong>Rohner, Eliane<\/strong><br>Institut f\u00fcr Sozial- und Pr\u00e4ventivmedizin (ISPM),<br>Universit\u00e4t Bern<br>Kapitel 8.5<br><br><strong>R\u00f6\u00f6sli, Martin<\/strong><br>Swiss Tropical and Public Health Institute<br>(SwissTPH), Universit\u00e4t Basel<br>Kapitel 6.5.1, 6.6<br><br><strong>Sa\u00df, Anke-Christine<\/strong><br>Epidemiologie &amp; Gesundheitsmonitoring, Robert<br>Koch Institut, Berlin<br>Kapitel 8.9<br><br><strong>Schilt, Adrian<\/strong><br>Bundesamt f\u00fcr Umwelt (BAFU), Bern<br>Kapitel 6.1<br><br><strong>Schubert, Melanie<\/strong><br>Institut und Poliklinik f\u00fcr Arbeits- und<br>Sozialmedizin, Technische Universit\u00e4t Dresden<br>Kapitel 6.6<br><br><strong>Schwappach, David<\/strong><br>Institut f\u00fcr Sozial- und Pr\u00e4ventivmedizin (ISPM),<br>Universit\u00e4t Bern<br>Kapitel 2.5, 3.3<br><br><strong>Seidler, Andreas<\/strong><br>Institut und Poliklinik f\u00fcr Arbeits- und<br>Sozialmedizin, Technische Universit\u00e4t Dresden<br>Kapitel 6.6, 7<br><br><strong>Skrivankova, Veronika<\/strong><br>Institut f\u00fcr Sozial- und Pr\u00e4ventivmedizin (ISPM),<br>Universit\u00e4t Bern<br>Kapitel 2.2<br><br><strong>Staehelin, Cornelia<\/strong><br>Universit\u00e4tsklinik f\u00fcr Infektiologie,<br>Inselspital \u2013 Universit\u00e4tsspital Bern<br>Kapitel 9<br><br><strong>Steck, Nicole<\/strong><br>Wissenschaftliche Unterst\u00fctzung, Krebsliga<br>Schweiz, Bern<br>Kapitel 8.5<br><br><strong>Till, Benedikt<\/strong><br>Zentrum f\u00fcr Public Health, Medizinische<br>Universit\u00e4t Wien<br>Kapitel 8.8<br><br><strong>Vicedo Cabrera, Ana<\/strong><br>Institut f\u00fcr Sozial- und Pr\u00e4ventivmedizin (ISPM),<br>Universit\u00e4t Bern<br>Kapitel 6.1<br><br><strong>Wagner, Cornelia<\/strong><br>Population Health Laboratory, Universit\u00e9 de<br>Fribourg<br>Kapitel 5<br><br><strong>Wakolbinger, Maria<\/strong><br>Zentrum f\u00fcr Public Health, Medizinische<br>Universit\u00e4t Wien<br>Kapitel 8.3<br><br><strong>Zambrano, Sofia<\/strong><br>Institut f\u00fcr Sozial- und Pr\u00e4ventivmedizin (ISPM),<br>Universit\u00e4t Bern<br>Kapitel 2.4<br><br><strong>Zwahlen, Marcel<\/strong><br>Institut f\u00fcr Sozial- und Pr\u00e4ventivmedizin (ISPM),<br>Universit\u00e4t Bern<br>Kapitel 2.2, 2.3, 4.5<\/p>\n\n\n\n<p><\/p>\n\n\n\n<p><\/p>\n","protected":false},"excerpt":{"rendered":"<p>Wir danken den Autor:innen der vierten Auflage herzlich, die ihre Beitr\u00e4ge f\u00fcr die Aktualisierung und \u00dcberarbeitung dieser f\u00fcnften Auflage von Public Health Kompakt an meist j\u00fcngere Kolleg:innen \u00fcbergeben haben und in der aktuellen Ausgabe nicht mehr vertreten sind. Unser besonderer Dank gilt: Thomas Abel (Kapitel 2 und 4 der 4. Auflage), Siegfried Geyer (Kapitel 2) [&hellip;]<\/p>\n","protected":false},"author":7,"featured_media":0,"parent":0,"menu_order":12,"comment_status":"closed","ping_status":"closed","template":"","meta":{"footnotes":""},"class_list":["post-7","page","type-page","status-publish","hentry"],"blocksy_meta":[],"_links":{"self":[{"href":"https:\/\/www.public-health-kompakt.ch\/index.php\/wp-json\/wp\/v2\/pages\/7","targetHints":{"allow":["GET"]}}],"collection":[{"href":"https:\/\/www.public-health-kompakt.ch\/index.php\/wp-json\/wp\/v2\/pages"}],"about":[{"href":"https:\/\/www.public-health-kompakt.ch\/index.php\/wp-json\/wp\/v2\/types\/page"}],"author":[{"embeddable":true,"href":"https:\/\/www.public-health-kompakt.ch\/index.php\/wp-json\/wp\/v2\/users\/7"}],"replies":[{"embeddable":true,"href":"https:\/\/www.public-health-kompakt.ch\/index.php\/wp-json\/wp\/v2\/comments?post=7"}],"version-history":[{"count":63,"href":"https:\/\/www.public-health-kompakt.ch\/index.php\/wp-json\/wp\/v2\/pages\/7\/revisions"}],"predecessor-version":[{"id":6251,"href":"https:\/\/www.public-health-kompakt.ch\/index.php\/wp-json\/wp\/v2\/pages\/7\/revisions\/6251"}],"wp:attachment":[{"href":"https:\/\/www.public-health-kompakt.ch\/index.php\/wp-json\/wp\/v2\/media?parent=7"}],"curies":[{"name":"wp","href":"https:\/\/api.w.org\/{rel}","templated":true}]}}